{"id":9664,"date":"2024-05-02T10:50:37","date_gmt":"2024-05-02T10:50:37","guid":{"rendered":"https:\/\/www.chicha-tiime.fr\/?post_type=product&#038;p=9664"},"modified":"2025-11-04T16:08:45","modified_gmt":"2025-11-04T16:08:45","slug":"charbon-naturel-fresh-coco-supreme-1-kg-2","status":"publish","type":"product","link":"https:\/\/www.chicha-tiime.fr\/en\/product\/charbon-naturel-fresh-coco-supreme-1-kg-2\/","title":{"rendered":"Charbon naturel Fresh Coco Supr\u00eame 1 kg"},"content":{"rendered":"<div class=\"flex-1 overflow-hidden\">\n<div class=\"react-scroll-to-bottom--css-kzsow-79elbk h-full\">\n<div class=\"react-scroll-to-bottom--css-kzsow-1n7m0yu\">\n<div class=\"flex flex-col pb-9 text-sm\">\n<div class=\"w-full text-token-text-primary\" data-testid=\"conversation-turn-3\">\n<div class=\"px-4 py-2 justify-center text-base md:gap-6 m-auto\">\n<div class=\"flex flex-1 text-base mx-auto gap-3 md:px-5 lg:px-1 xl:px-5 md:max-w-3xl lg:max-w-[40rem] xl:max-w-[48rem] group final-completion\">\n<div class=\"relative flex w-full flex-col lg:w-[calc(100%-115px)] agent-turn\">\n<div class=\"flex-col gap-1 md:gap-3\">\n<div class=\"flex flex-grow flex-col max-w-full\">\n<div class=\"min-h-[20px] text-message flex flex-col items-start gap-3 whitespace-pre-wrap break-words [.text-message+&amp;]:mt-5 overflow-x-auto\" data-message-author-role=\"assistant\" data-message-id=\"55512151-e8ad-41bb-ac89-8341a1c132bc\">\n<div class=\"markdown prose w-full break-words dark:prose-invert dark\">\n<h1><strong>Fresh Coco Supr\u00eame\u00a0<\/strong><\/h1>\n<h2><strong> L&rsquo;\u00c9l\u00e9gance du Charbon Naturel pour une Exp\u00e9rience de Narguil\u00e9 In\u00e9gal\u00e9e<\/strong><\/h2>\n<p>Les amateurs de narguil\u00e9 recherchent constamment des <strong>produits de qualit\u00e9<\/strong> pour am\u00e9liorer leur <strong>exp\u00e9rience de fum\u00e9e<\/strong>.<\/p>\n<p>Dans cet univers, le Fresh Coco Supr\u00eame se d\u00e9marque comme une <strong>r\u00e9f\u00e9rence incontest\u00e9e<\/strong>, alliant <strong>\u00e9l\u00e9gance, performance, et respect de l&rsquo;environnement<\/strong>.<\/p>\n<h3>Fresh Coco Supr\u00eame : Naturel et Haut de Gamme<\/h3>\n<p>Fabriqu\u00e9 \u00e0 partir <strong>d&rsquo;\u00e9corces de noix de coco de premi\u00e8re qualit\u00e9<\/strong> en provenance d&rsquo;Indon\u00e9sie, le Fresh Coco Supr\u00eame est la cr\u00e9ation innovante de<a href=\"https:\/\/www.freshcoco.net\/\"> <strong>Fresh Coco Distribution<\/strong><\/a>, une marque fran\u00e7aise renomm\u00e9e dans le monde de la chicha.<\/p>\n<p>Sa composition naturelle assure une <strong>qualit\u00e9 de combustion exceptionnelle<\/strong>, \u00e9liminant tout r\u00e9sidu ind\u00e9sirable et offrant une <strong>chauffe parfaite<\/strong> \u00e0 une temp\u00e9rature tr\u00e8s \u00e9lev\u00e9e.<\/p>\n<h4>Le Choix des Connaisseurs<\/h4>\n<p>Avec son format unique en <strong>trois pi\u00e8ces identiques<\/strong>, formant un c<strong>harbon circulaire<\/strong>, le Fresh Coco Supr\u00eame s&rsquo;int\u00e8gre parfaitement aux <a href=\"https:\/\/www.chicha-tiime.fr\/categorie-produit\/foyer\/foyer-kaloud\/\"><strong>syst\u00e8mes de chauffe Kaloud<\/strong><\/a>.<\/p>\n<p>Les amateurs de narguil\u00e9 peuvent ainsi appr\u00e9cier une <strong>exp\u00e9rience sans compromis<\/strong>, sans avoir \u00e0 casser leurs charbons.<\/p>\n<p>Ce produit devient rapidement la r\u00e9f\u00e9rence des connaisseurs, qui recherchent la qualit\u00e9 et le go\u00fbt dans chaque session de narguil\u00e9.<\/p>\n<h3>Durabilit\u00e9 et Performance<\/h3>\n<p>Le Fresh Coco Supr\u00eame offre bien plus qu&rsquo;une simple source de chaleur. Son pouvoir calorifique sup\u00e9rieur garantit une <strong>chauffe durable<\/strong>, permettant des sessions prolong\u00e9es sans compromettre la <strong>qualit\u00e9 de la fum\u00e9e<\/strong>.<\/p>\n<p>De plus, ce charbon g\u00e9n\u00e8re pratiquement <strong>aucun r\u00e9sidu<\/strong> ni cendre, offrant ainsi une <strong>exp\u00e9rience de narguil\u00e9 propre et agr\u00e9able<\/strong>.<\/p>\n<h3>\u00c9cologie et Responsabilit\u00e9<\/h3>\n<p>Engag\u00e9 dans une approche \u00e9co-responsable, le Fresh Coco Supr\u00eame est \u00e9labor\u00e9 \u00e0 partir d&rsquo;\u00e9corces de noix de coco, une ressource renouvelable. En choisissant ce charbon, les amateurs de narguil\u00e9 contribuent \u00e0 la pr\u00e9servation de l&rsquo;environnement tout en savourant une exp\u00e9rience de fum\u00e9e de qualit\u00e9 sup\u00e9rieure.<\/p>\n<h2>L&rsquo;\u00c9quilibre Parfait<\/h2>\n<p>En conclusion, le Fresh Coco Supr\u00eame repr\u00e9sente l&rsquo;\u00e9quilibre parfait entre <strong>\u00e9l\u00e9gance, performance, et responsabilit\u00e9 \u00e9cologique<\/strong>.<\/p>\n<p>Pour ceux qui cherchent \u00e0 \u00e9lever leur exp\u00e9rience de narguil\u00e9 \u00e0 de nouveaux sommets, ce charbon naturel s&rsquo;impose comme le choix incontest\u00e9. Faites de chaque session de chicha une exp\u00e9rience exceptionnelle avec le Fresh Coco Supr\u00eame, la quintessence du <strong>charbon naturel de qualit\u00e9.<\/strong><\/p>\n<h3>Le paquet contient:<\/h3>\n<ul>\n<li>72 pi\u00e8ces<\/li>\n<li>poids 1KG<\/li>\n<\/ul>\n<\/div>\n<\/div>\n<\/div>\n<div class=\"mt-1 flex justify-start gap-3 empty:hidden\">\n<div class=\"text-gray-400 flex self-end lg:self-center justify-center lg:justify-start mt-0 gap-1 visible\">\n<p><img fetchpriority=\"high\" decoding=\"async\" class=\"alignnone\" src=\"https:\/\/www.freshcoco.net\/wp-content\/uploads\/2018\/03\/kaloud-02.png\" alt=\"\" width=\"400\" height=\"300\" \/><\/p>\n<div class=\"flex gap-1\"><\/div>\n<div class=\"flex items-center gap-1.5 text-xs\"><\/div>\n<\/div>\n<\/div>\n<\/div>\n<div class=\"absolute\">\n<div class=\"flex w-full gap-2 items-center justify-center\"><\/div>\n<\/div>\n<\/div>\n<\/div>\n<\/div>\n<\/div>\n<\/div>\n<\/div>\n<\/div>\n<\/div>\n<div class=\"w-full pt-2 md:pt-0 dark:border-white\/20 md:border-transparent md:dark:border-transparent md:w-[calc(100%-.5rem)]\">\n<div class=\"relative flex h-full flex-1 items-stretch md:flex-col\">\n<div class=\"flex w-full items-center\"><\/div>\n<\/div>\n<\/div>\n","protected":false},"excerpt":{"rendered":"<p><!-- Description courte du produit --><br \/>\nCharbon de naturel de coco pour syst\u00e8me de chauffe type Kaloud, Quasar RAAS. Boite de 72 pi\u00e8ces.<br \/>\n<a style=\"color: black\" href=\"#tab-title-description\"><i>Plus de d\u00e9tails<\/i><\/a><\/p>","protected":false},"featured_media":2671,"comment_status":"open","ping_status":"closed","template":"","meta":{"om_disable_all_campaigns":false,"_monsterinsights_skip_tracking":false,"_monsterinsights_sitenote_active":false,"_monsterinsights_sitenote_note":"","_monsterinsights_sitenote_category":0,"_uf_show_specific_survey":0,"_uf_disable_surveys":false},"product_brand":[],"product_cat":[52,508],"product_tag":[221],"class_list":{"0":"post-9664","1":"product","2":"type-product","3":"status-publish","4":"has-post-thumbnail","6":"product_cat-charbons","7":"product_cat-charbon-soldes","8":"product_tag-fresh-coco","9":"pa_categorie-charbons","11":"first","12":"instock","13":"taxable","14":"shipping-taxable","15":"purchasable","16":"product-type-simple"},"aioseo_notices":[],"jetpack_sharing_enabled":true,"_links":{"self":[{"href":"https:\/\/www.chicha-tiime.fr\/en\/wp-json\/wp\/v2\/product\/9664","targetHints":{"allow":["GET"]}}],"collection":[{"href":"https:\/\/www.chicha-tiime.fr\/en\/wp-json\/wp\/v2\/product"}],"about":[{"href":"https:\/\/www.chicha-tiime.fr\/en\/wp-json\/wp\/v2\/types\/product"}],"replies":[{"embeddable":true,"href":"https:\/\/www.chicha-tiime.fr\/en\/wp-json\/wp\/v2\/comments?post=9664"}],"wp:featuredmedia":[{"embeddable":true,"href":"https:\/\/www.chicha-tiime.fr\/en\/wp-json\/wp\/v2\/media\/2671"}],"wp:attachment":[{"href":"https:\/\/www.chicha-tiime.fr\/en\/wp-json\/wp\/v2\/media?parent=9664"}],"wp:term":[{"taxonomy":"product_brand","embeddable":true,"href":"https:\/\/www.chicha-tiime.fr\/en\/wp-json\/wp\/v2\/product_brand?post=9664"},{"taxonomy":"product_cat","embeddable":true,"href":"https:\/\/www.chicha-tiime.fr\/en\/wp-json\/wp\/v2\/product_cat?post=9664"},{"taxonomy":"product_tag","embeddable":true,"href":"https:\/\/www.chicha-tiime.fr\/en\/wp-json\/wp\/v2\/product_tag?post=9664"}],"curies":[{"name":"wp","href":"https:\/\/api.w.org\/{rel}","templated":true}]}}