{"id":9469,"date":"2024-04-05T16:40:34","date_gmt":"2024-04-05T16:40:34","guid":{"rendered":"https:\/\/www.chicha-tiime.fr\/?post_type=product&#038;p=9469"},"modified":"2024-09-12T10:42:38","modified_gmt":"2024-09-12T10:42:38","slug":"chicha-el-bomber-mid-night","status":"publish","type":"product","link":"https:\/\/www.chicha-tiime.fr\/en\/product\/chicha-el-bomber-mid-night\/","title":{"rendered":"Chicha EL BOMBER MID NIGHT CLUB"},"content":{"rendered":"<h1>\u00a0D\u00e9couvrez la Chicha El Bomber Mid Night : Un Hommage aux Courses de Rue Japonaises<\/h1>\n<p>La chicha El Bomber Mid Night est bien plus qu&rsquo;un simple accessoire de fumage ; c&rsquo;est un voyage \u00e0 travers le temps, rendant hommage aux courses de rue japonaises et \u00e0 l&rsquo;iconique <a href=\"https:\/\/thebackroads.co.uk\/2019\/02\/06\/the-mid-night-club-japans-most-infamous-street-racers\/\">MidNight Club<\/a> fond\u00e9 en 1987. Con\u00e7ue pour les connaisseurs cherchant \u00e0 fusionner passion pour le narguil\u00e9 et admiration pour la culture des courses de rue, cette chicha incarne une qualit\u00e9 in\u00e9gal\u00e9e et une esth\u00e9tique audacieuse.<\/p>\n<p>Fabriqu\u00e9e avec pr\u00e9cision sur des \u00e9quipements CNC de Okuma et Haas, chaque composant de la El Bomber Mid Night t\u00e9moigne de l&rsquo;engagement envers l&rsquo;excellence. L&#8217;emploi de l&rsquo;acier inoxydable AISI 304 pour sa structure principale assure non seulement une r\u00e9sistance sup\u00e9rieure \u00e0 la corrosion mais aussi une durabilit\u00e9 qui d\u00e9fie le temps. Cette attention aux d\u00e9tails se poursuit avec l&rsquo;utilisation de poly ac\u00e9tal de haute qualit\u00e9, garantissant une exp\u00e9rience de fumage pure et sans alt\u00e9ration du go\u00fbt.<\/p>\n<p>Ce narguil\u00e9 haut de gamme se distingue par son syst\u00e8me de connexion de tuyau r\u00e9volutionnaire. Le connecteur magn\u00e9tique chicha, prot\u00e9g\u00e9 contre l&rsquo;humidit\u00e9 et le tabac, promet une facilit\u00e9 d&rsquo;usage et une long\u00e9vit\u00e9 accrue, lib\u00e9rant les amateurs de chicha des tracas habituels li\u00e9s \u00e0 la maintenance.<\/p>\n<p>La diffusion amovible innovante permet une personnalisation du tirage, offrant une exp\u00e9rience \u00ab\u00a0dense et droite\u00a0\u00bb appr\u00e9ci\u00e9e des fumeurs exp\u00e9riment\u00e9s. C&rsquo;est cette combinaison de performance et de personnalisation qui fait de la El Bomber Mid Night une r\u00e9f\u00e9rence dans le monde de la chicha, r\u00e9sonnant profond\u00e9ment avec ceux qui valorisent \u00e0 la fois l&rsquo;exp\u00e9rience de fumage unique et l&rsquo;histoire captivante des courses de rue.<\/p>\n<p>L&rsquo;entretien facile de ce narguil\u00e9, gr\u00e2ce \u00e0 sa conception pens\u00e9e pour la commodit\u00e9, ainsi que son allure inspir\u00e9e de la culture automobile japonaise, font de la El Bomber Mid Night un choix incontournable pour ceux qui cherchent \u00e0 enrichir leur collection avec un article v\u00e9ritablement premium.<\/p>\n<p>En somme, la chicha El Bomber Mid Night ne se contente pas de capturer l&rsquo;esprit des **courses de rue ill\u00e9gales** devenues c\u00e9l\u00e8bres gr\u00e2ce au MidNight Club ; elle offre aussi une performance in\u00e9gal\u00e9e, faisant d&rsquo;elle une v\u00e9ritable \u0153uvre d&rsquo;art fonctionnelle. Pour les passionn\u00e9s de chicha d\u00e9sireux d&#8217;embrasser une part de l&rsquo;histoire automobile japonaise tout en profitant d&rsquo;une exp\u00e9rience de fumage raffin\u00e9e, la El Bomber Mid Night est une \u00e9vidence.<\/p>\n<h2>Recommandation chicha tiime : utilis\u00e9 un foyer <a href=\"https:\/\/www.chicha-tiime.fr\/en\/product\/foyer-thermique-quasar-raas-2\/\">Quasar RAAS 2\u00a0<\/a><\/h2>\n<h3><strong>Composition du pack :\u00a0<\/strong><\/h3>\n<ul>\n<li>manche<\/li>\n<li>vase<\/li>\n<li>tuyau<\/li>\n<li>foyer<\/li>\n<\/ul>\n<p>&nbsp;<\/p>\n<p><img fetchpriority=\"high\" decoding=\"async\" class=\"aligncenter\" src=\"https:\/\/www.chicha-tiime.fr\/wp-content\/uploads\/2024\/04\/49B1DC04-A063-4344-BD30-9C90C1C55174-150x150.webp\" width=\"350\" height=\"350\" \/><\/p>","protected":false},"excerpt":{"rendered":"<p>\u00a0D\u00e9couvrez la Chicha El Bomber Mid Night : Un Hommage aux Courses de Rue Japonaises La chicha El Bomber Mid&#8230;<\/p>","protected":false},"featured_media":9474,"comment_status":"open","ping_status":"closed","template":"","meta":{"om_disable_all_campaigns":false,"_monsterinsights_skip_tracking":false,"_monsterinsights_sitenote_active":false,"_monsterinsights_sitenote_note":"","_monsterinsights_sitenote_category":0,"_uf_show_specific_survey":0,"_uf_disable_surveys":false},"product_brand":[],"product_cat":[50,67,341],"product_tag":[493],"class_list":{"0":"post-9469","1":"product","2":"type-product","3":"status-publish","4":"has-post-thumbnail","6":"product_cat-chicha","7":"product_cat-chichas-traditionnelles","8":"product_cat-soldes","9":"product_tag-el-bomber","11":"first","12":"instock","13":"sale","14":"taxable","15":"shipping-taxable","16":"purchasable","17":"product-type-simple"},"aioseo_notices":[],"jetpack_sharing_enabled":true,"_links":{"self":[{"href":"https:\/\/www.chicha-tiime.fr\/en\/wp-json\/wp\/v2\/product\/9469","targetHints":{"allow":["GET"]}}],"collection":[{"href":"https:\/\/www.chicha-tiime.fr\/en\/wp-json\/wp\/v2\/product"}],"about":[{"href":"https:\/\/www.chicha-tiime.fr\/en\/wp-json\/wp\/v2\/types\/product"}],"replies":[{"embeddable":true,"href":"https:\/\/www.chicha-tiime.fr\/en\/wp-json\/wp\/v2\/comments?post=9469"}],"wp:featuredmedia":[{"embeddable":true,"href":"https:\/\/www.chicha-tiime.fr\/en\/wp-json\/wp\/v2\/media\/9474"}],"wp:attachment":[{"href":"https:\/\/www.chicha-tiime.fr\/en\/wp-json\/wp\/v2\/media?parent=9469"}],"wp:term":[{"taxonomy":"product_brand","embeddable":true,"href":"https:\/\/www.chicha-tiime.fr\/en\/wp-json\/wp\/v2\/product_brand?post=9469"},{"taxonomy":"product_cat","embeddable":true,"href":"https:\/\/www.chicha-tiime.fr\/en\/wp-json\/wp\/v2\/product_cat?post=9469"},{"taxonomy":"product_tag","embeddable":true,"href":"https:\/\/www.chicha-tiime.fr\/en\/wp-json\/wp\/v2\/product_tag?post=9469"}],"curies":[{"name":"wp","href":"https:\/\/api.w.org\/{rel}","templated":true}]}}