{"id":9464,"date":"2024-04-05T15:44:31","date_gmt":"2024-04-05T15:44:31","guid":{"rendered":"https:\/\/www.chicha-tiime.fr\/?post_type=product&#038;p=9464"},"modified":"2024-09-12T10:43:32","modified_gmt":"2024-09-12T10:43:32","slug":"chicha-el-bomber-igla-unite-09","status":"publish","type":"product","link":"https:\/\/www.chicha-tiime.fr\/en\/product\/chicha-el-bomber-igla-unite-09\/","title":{"rendered":"Chicha EL BOMBER IGLA &#8211; Unit\u00e9 09"},"content":{"rendered":"<h1>D\u00e9couvrez l&rsquo;Innovation et le Design avec le Narguil\u00e9 El Bomber IGLA<\/h1>\n<p>Dans l&rsquo;univers en constante \u00e9volution du narguil\u00e9, le mod\u00e8le El Bomber IGLA se distingue comme une incarnation parfaite de l&rsquo;innovation technique alli\u00e9e \u00e0 un design unique. Fruit d&rsquo;une collaboration remarquable avec Andrei Kalachnikov, c\u00e9l\u00e8bre d\u00e9veloppeur derri\u00e8re des marques prestigieuses telles que <a href=\"https:\/\/japonahookah.com\/en\/\">Japona Hookah<\/a>, Solomon, et Conceptic Design, l&rsquo;IGLA repr\u00e9sente le summum de l&rsquo;expertise dans le domaine.<\/p>\n<h2>Un mod\u00e8le hors du commun<\/h2>\n<p>Le mod\u00e8le IGLA d&rsquo;El Bomber, avec sa conception unique, s&rsquo;inscrit dans la tendance du design cyberpunk tout en int\u00e9grant des solutions techniques avant-gardistes. Ce narguil\u00e9, fabriqu\u00e9 en acier inoxydable AISI 304 et en polyac\u00e9tal de haute qualit\u00e9, est pratiquement indestructible, promettant une durabilit\u00e9 et une fiabilit\u00e9 sans pr\u00e9c\u00e9dent. Les composants de l&rsquo;IGLA sont usin\u00e9s avec une pr\u00e9cision exceptionnelle sur des machines \u00e0 commande num\u00e9rique de haute technologie, telles que Okuma et Haas, assurant une qualit\u00e9 et une finition irr\u00e9prochables.<\/p>\n<p>Une des innovations majeures de l&rsquo;IGLA est sa fixation magn\u00e9tique unique pour le connecteur du tuyau, con\u00e7ue pour prot\u00e9ger l&rsquo;aimant de l&rsquo;humidit\u00e9 et de la m\u00e9lasse, \u00e9liminant ainsi le risque de corrosion. Cette caract\u00e9ristique souligne l&rsquo;engagement d&rsquo;El Bomber envers la facilit\u00e9 d&rsquo;utilisation et la maintenance r\u00e9duite de ses narguil\u00e9s.<\/p>\n<h2>L&rsquo;exp\u00e9rience IGLA<\/h2>\n<p>Les utilisateurs de l&rsquo;IGLA rapportent une exp\u00e9rience de tirage \u00ab\u00a0direct\u00a0\u00bb et \u00ab\u00a0dense\u00a0\u00bb, attribu\u00e9e aux passages d&rsquo;air optimis\u00e9s et \u00e0 la conception intelligente du narguil\u00e9. Cette exp\u00e9rience distincte place l&rsquo;IGLA comme le choix pr\u00e9f\u00e9r\u00e9 parmi les amateurs de narguil\u00e9 exp\u00e9riment\u00e9s, cherchant \u00e0 enrichir leur collection avec un appareil qui allie esth\u00e9tique, performance et innovation.<\/p>\n<p>En r\u00e9sum\u00e9, le mod\u00e8le El Bomber IGLA est bien plus qu&rsquo;un simple narguil\u00e9 ; c&rsquo;est une \u0153uvre d&rsquo;art fonctionnelle qui fusionne le meilleur de l&rsquo;artisanat traditionnel avec les possibilit\u00e9s offertes par le monde moderne. Que vous soyez un passionn\u00e9 de la culture narguil\u00e9 ou \u00e0 la recherche d&rsquo;un appareil qui rompt avec le conventionnel, l&rsquo;IGLA est une exploration fascinante de ce que l&rsquo;avenir du narguil\u00e9 a \u00e0 offrir.<\/p>\n<h3>Caract\u00e9ristique :<\/h3>\n<ul>\n<li><strong>Hauteur :<\/strong>\u00a0\u00a045 cm<\/li>\n<li><strong>Mod\u00e8le :<\/strong>\u00a0\u00a0Igla<\/li>\n<li><strong>Imprimer :<\/strong>\u00a0\u00a0Unit\u00e9 09<\/li>\n<li><strong>Longueur du tuyau :<\/strong>\u00a0\u00a0160 cm<\/li>\n<\/ul>\n<h2 style=\"text-align: center;\">Recommandation chicha tiime :<\/h2>\n<h2 style=\"text-align: center;\">utilis\u00e9 un <a href=\"https:\/\/www.chicha-tiime.fr\/en\/product\/foyer-thermique-quasar-raas-2\/\">foyer thermique raas 2\u00a0\u00a0<\/a><\/h2>\n<p style=\"text-align: center;\"><a href=\"https:\/\/www.chicha-tiime.fr\/en\/product\/foyer-thermique-quasar-raas-2\/\"><img fetchpriority=\"high\" decoding=\"async\" class=\"alignnone\" src=\"https:\/\/www.el-badia.com\/15700-large_default\/foyer-thermique-quasar-raas-2.jpg\" alt=\"Foyer Thermique Quasar Raas 2\" width=\"281\" height=\"281\" \/><\/a><\/p>\n<p>&nbsp;<\/p>","protected":false},"excerpt":{"rendered":"<h3>Caract\u00e9ristique :<\/h3>\n<ul>\n<li><strong>Hauteur :<\/strong>\u00a0\u00a045 cm<\/li>\n<li><strong>Mod\u00e8le :<\/strong>\u00a0\u00a0Igla<\/li>\n<li><strong>Imprimer :<\/strong>\u00a0\u00a0Unit\u00e9 09<\/li>\n<li><strong>Longueur du tuyau :<\/strong>\u00a0\u00a0160 cm<\/li>\n<\/ul>","protected":false},"featured_media":9530,"comment_status":"open","ping_status":"closed","template":"","meta":{"om_disable_all_campaigns":false,"_monsterinsights_skip_tracking":false,"_monsterinsights_sitenote_active":false,"_monsterinsights_sitenote_note":"","_monsterinsights_sitenote_category":0,"_uf_show_specific_survey":0,"_uf_disable_surveys":false},"product_brand":[],"product_cat":[50,67,341,15],"product_tag":[493],"class_list":{"0":"post-9464","1":"product","2":"type-product","3":"status-publish","4":"has-post-thumbnail","6":"product_cat-chicha","7":"product_cat-chichas-traditionnelles","8":"product_cat-soldes","9":"product_cat-uncategorized","10":"product_tag-el-bomber","12":"first","13":"instock","14":"sale","15":"taxable","16":"shipping-taxable","17":"purchasable","18":"product-type-simple"},"aioseo_notices":[],"jetpack_sharing_enabled":true,"_links":{"self":[{"href":"https:\/\/www.chicha-tiime.fr\/en\/wp-json\/wp\/v2\/product\/9464","targetHints":{"allow":["GET"]}}],"collection":[{"href":"https:\/\/www.chicha-tiime.fr\/en\/wp-json\/wp\/v2\/product"}],"about":[{"href":"https:\/\/www.chicha-tiime.fr\/en\/wp-json\/wp\/v2\/types\/product"}],"replies":[{"embeddable":true,"href":"https:\/\/www.chicha-tiime.fr\/en\/wp-json\/wp\/v2\/comments?post=9464"}],"wp:featuredmedia":[{"embeddable":true,"href":"https:\/\/www.chicha-tiime.fr\/en\/wp-json\/wp\/v2\/media\/9530"}],"wp:attachment":[{"href":"https:\/\/www.chicha-tiime.fr\/en\/wp-json\/wp\/v2\/media?parent=9464"}],"wp:term":[{"taxonomy":"product_brand","embeddable":true,"href":"https:\/\/www.chicha-tiime.fr\/en\/wp-json\/wp\/v2\/product_brand?post=9464"},{"taxonomy":"product_cat","embeddable":true,"href":"https:\/\/www.chicha-tiime.fr\/en\/wp-json\/wp\/v2\/product_cat?post=9464"},{"taxonomy":"product_tag","embeddable":true,"href":"https:\/\/www.chicha-tiime.fr\/en\/wp-json\/wp\/v2\/product_tag?post=9464"}],"curies":[{"name":"wp","href":"https:\/\/api.w.org\/{rel}","templated":true}]}}