{"id":9384,"date":"2024-03-22T16:37:17","date_gmt":"2024-03-22T16:37:17","guid":{"rendered":"https:\/\/www.chicha-tiime.fr\/?post_type=product&#038;p=9384"},"modified":"2025-05-16T12:43:33","modified_gmt":"2025-05-16T12:43:33","slug":"verre-de-quasar-raas-2-plusieurs-coloris","status":"publish","type":"product","link":"https:\/\/www.chicha-tiime.fr\/en\/product\/verre-de-quasar-raas-2-plusieurs-coloris\/","title":{"rendered":"Verre de Quasar Raas 2 plusieurs coloris"},"content":{"rendered":"<h1>\u00a0foyer pour Quasar Raas et Quasar Raas 2.<\/h1>\n<ul>\n<li>Dimensions :Le foyer a une hauteur de 21 mm et un diam\u00e8tre de 82 mm, ce qui le rend compact et facile \u00e0 manipuler tout en offrant suffisamment d&rsquo;espace pour une bonne quantit\u00e9 de mat\u00e9riel.<\/li>\n<li>-Poids : \u00c0 110 g, le foyer est suffisamment l\u00e9ger pour \u00eatre transport\u00e9 facilement, mais il a aussi assez de poids pour assurer sa stabilit\u00e9 pendant l&rsquo;utilisation.<\/li>\n<li>-Mat\u00e9riau : Fabriqu\u00e9 en verre borosilicate, ce foyer promet durabilit\u00e9 et r\u00e9sistance face aux variations thermiques, ce qui est id\u00e9al pour maintenir une temp\u00e9rature constante et offrir une exp\u00e9rience d&rsquo;utilisation de qualit\u00e9.<\/li>\n<li>Capacit\u00e9 du foyer : Capable de contenir entre 18 et 25 g, ce foyer peut accueillir une quantit\u00e9 g\u00e9n\u00e9reuse, ce qui est parfait pour les sessions prolong\u00e9es ou pour les utilisateurs qui pr\u00e9f\u00e8rent ne pas recharger trop fr\u00e9quemment.<\/li>\n<li>Compatibilit\u00e9 :Con\u00e7u sp\u00e9cifiquement pour s&rsquo;adapter au<a href=\"https:\/\/www.quasar-shisha.com\/fr\/foyer-raas.html\"> Quasar<\/a> Raas et Quasar Raas 2, ce foyer est id\u00e9al pour les utilisateurs de ces mod\u00e8les, assurant une compatibilit\u00e9 parfaite et une exp\u00e9rience utilisateur optimale.<\/li>\n<\/ul>\n<p style=\"text-align: center;\">En somme, ce foyer est un excellent choix pour ceux qui cherchent \u00e0 am\u00e9liorer leur exp\u00e9rience avec le Quasar Raas ou le Quasar Raas 2, gr\u00e2ce \u00e0 sa conception bien pens\u00e9e et \u00e0 ses mat\u00e9riaux de qualit\u00e9.<\/p>\n<h3 style=\"text-align: center;\">Compatible avec le dernier<a href=\"https:\/\/www.chicha-tiime.fr\/en\/product\/foyer-thermique-quasar-raas-2\/\"> Quasar Raas 2\u00a0<\/a><\/h3>\n<p>&nbsp;<\/p>\n<p><img fetchpriority=\"high\" decoding=\"async\" class=\"aligncenter\" src=\"https:\/\/www.chicha-tiime.fr\/wp-content\/uploads\/2023\/04\/IMG_2525-200x200.png\" alt=\"Image du produit\" width=\"473\" height=\"473\" \/><\/p>\n<p>&nbsp;<\/p>","protected":false},"excerpt":{"rendered":"<h1>Caract\u00e9ristique :<\/h1>\n<ul>\n<li>verre Circulaire<\/li>\n<li>Compatible avec quasar raas 2<\/li>\n<li>Couleurs disponible vert, bleu, jaune et transparent<\/li>\n<\/ul>\n<p>&nbsp;<\/p>","protected":false},"featured_media":9394,"comment_status":"open","ping_status":"closed","template":"","meta":{"om_disable_all_campaigns":false,"_monsterinsights_skip_tracking":false,"_monsterinsights_sitenote_active":false,"_monsterinsights_sitenote_note":"","_monsterinsights_sitenote_category":0,"_uf_show_specific_survey":0,"_uf_disable_surveys":false},"product_brand":[],"product_cat":[55,54,288],"product_tag":[328,476],"class_list":{"0":"post-9384","1":"product","2":"type-product","3":"status-publish","4":"has-post-thumbnail","6":"product_cat-accessoires","7":"product_cat-foyer","8":"product_cat-systeme-de-chauffe","9":"product_tag-quasar","10":"product_tag-quasar-raas-2","12":"first","13":"instock","14":"taxable","15":"shipping-taxable","16":"purchasable","17":"product-type-variable"},"aioseo_notices":[],"jetpack_sharing_enabled":true,"_links":{"self":[{"href":"https:\/\/www.chicha-tiime.fr\/en\/wp-json\/wp\/v2\/product\/9384","targetHints":{"allow":["GET"]}}],"collection":[{"href":"https:\/\/www.chicha-tiime.fr\/en\/wp-json\/wp\/v2\/product"}],"about":[{"href":"https:\/\/www.chicha-tiime.fr\/en\/wp-json\/wp\/v2\/types\/product"}],"replies":[{"embeddable":true,"href":"https:\/\/www.chicha-tiime.fr\/en\/wp-json\/wp\/v2\/comments?post=9384"}],"wp:featuredmedia":[{"embeddable":true,"href":"https:\/\/www.chicha-tiime.fr\/en\/wp-json\/wp\/v2\/media\/9394"}],"wp:attachment":[{"href":"https:\/\/www.chicha-tiime.fr\/en\/wp-json\/wp\/v2\/media?parent=9384"}],"wp:term":[{"taxonomy":"product_brand","embeddable":true,"href":"https:\/\/www.chicha-tiime.fr\/en\/wp-json\/wp\/v2\/product_brand?post=9384"},{"taxonomy":"product_cat","embeddable":true,"href":"https:\/\/www.chicha-tiime.fr\/en\/wp-json\/wp\/v2\/product_cat?post=9384"},{"taxonomy":"product_tag","embeddable":true,"href":"https:\/\/www.chicha-tiime.fr\/en\/wp-json\/wp\/v2\/product_tag?post=9384"}],"curies":[{"name":"wp","href":"https:\/\/api.w.org\/{rel}","templated":true}]}}