{"id":9320,"date":"2024-03-19T16:34:02","date_gmt":"2024-03-19T16:34:02","guid":{"rendered":"https:\/\/www.chicha-tiime.fr\/?post_type=product&#038;p=9320"},"modified":"2024-08-13T13:19:39","modified_gmt":"2024-08-13T13:19:39","slug":"liquide-nicotine-liquideo-melon","status":"publish","type":"product","link":"https:\/\/www.chicha-tiime.fr\/en\/product\/liquide-nicotine-liquideo-melon\/","title":{"rendered":"Fiole 1% nicotine Liquideo Melon 10 ml"},"content":{"rendered":"<h1><strong>Melon de la Collection Evolution Fruit\u00e9 <a href=\"https:\/\/www.liquideo.com\/fr\/\">Liquid\u00e9o<\/a> : Une \u00c9vasion Ensoleill\u00e9e<\/strong><\/h1>\n<p>Le Melon de la Collection Evolution Fruit\u00e9 est une c\u00e9l\u00e9bration gustative qui promet de transporter vos sens vers des horizons ensoleill\u00e9s. Avec son go\u00fbt distinctif de melon de Cavaillon, il offre une exp\u00e9rience rafra\u00eechissante et l\u00e9g\u00e8rement sucr\u00e9e, parfaitement \u00e9quilibr\u00e9e pour \u00e9voquer les souvenirs des vacances baign\u00e9es de soleil.<\/p>\n<h2><strong>Description de l&rsquo;Ar\u00f4me<\/strong><\/h2>\n<p>L&rsquo;ar\u00f4me de ce melon est con\u00e7u pour captiver d\u00e8s la premi\u00e8re impression. Rafra\u00eechissant, avec une touche subtile de douceur, il rappelle les jours de d\u00e9tente o\u00f9 le temps semble suspendu. Chaque note aromatique est une invitation \u00e0 prolonger ce moment de d\u00e9tente, cr\u00e9ant une ambiance de s\u00e9r\u00e9nit\u00e9 qui dure toute la journ\u00e9e.<\/p>\n<h2><strong>L&rsquo;Exp\u00e9rience savoureuse\u00a0<\/strong><\/h2>\n<p>Savourer le Melon de la Collection Evolution Fruit\u00e9, c&rsquo;est s&rsquo;offrir un moment d&rsquo;\u00e9vasion. Imaginez un melon gorg\u00e9 de soleil, dont chaque bouch\u00e9e est une promesse de plaisir. Cette exp\u00e9rience gustative n&rsquo;est pas seulement un voyage pour les papilles, mais aussi un retour vers des souvenirs joyeux et insouciante.<\/p>\n<p>Le Melon de la Collection Evolution Fruit\u00e9 est plus qu&rsquo;un simple go\u00fbt ou un ar\u00f4me; c&rsquo;est une invitation \u00e0 prendre une pause dans le quotidien et \u00e0 se laisser transporter dans un monde de d\u00e9tente et de saveurs exquises. Que ce soit pour d\u00e9buter la journ\u00e9e avec une note de fra\u00eecheur ou pour s&rsquo;offrir un moment de pause rafra\u00eechissant, ce melon est une c\u00e9l\u00e9bration de l&rsquo;\u00e9t\u00e9 qui peut \u00eatre savour\u00e9e \u00e0 tout moment.<\/p>\n<h2 style=\"text-align: center;\"><a href=\"https:\/\/www.chicha-tiime.fr\/en\/product\/pack-hookah-air-hookah-dock\/\">Pack Hookah Air\u00a0<\/a><\/h2>\n<p><img decoding=\"async\" class=\"aligncenter\" src=\"https:\/\/www.chicha-tiime.fr\/wp-content\/uploads\/2024\/02\/hookah-air-kit-fumytech.webp\" \/><\/p>","protected":false},"excerpt":{"rendered":"<p>Melon de la Collection Evolution Fruit\u00e9 Liquid\u00e9o : Une \u00c9vasion Ensoleill\u00e9e Le Melon de la Collection Evolution Fruit\u00e9 est une&#8230;<\/p>","protected":false},"featured_media":9321,"comment_status":"open","ping_status":"closed","template":"","meta":{"om_disable_all_campaigns":false,"_monsterinsights_skip_tracking":false,"_monsterinsights_sitenote_active":false,"_monsterinsights_sitenote_note":"","_monsterinsights_sitenote_category":0,"_uf_show_specific_survey":0,"_uf_disable_surveys":false},"product_brand":[],"product_cat":[56,15],"product_tag":[489],"class_list":{"0":"post-9320","1":"product","2":"type-product","3":"status-publish","4":"has-post-thumbnail","6":"product_cat-nos-puffs","7":"product_cat-uncategorized","8":"product_tag-liquideo","10":"first","11":"instock","12":"sale","13":"taxable","14":"shipping-taxable","15":"purchasable","16":"product-type-simple"},"aioseo_notices":[],"jetpack_sharing_enabled":true,"_links":{"self":[{"href":"https:\/\/www.chicha-tiime.fr\/en\/wp-json\/wp\/v2\/product\/9320","targetHints":{"allow":["GET"]}}],"collection":[{"href":"https:\/\/www.chicha-tiime.fr\/en\/wp-json\/wp\/v2\/product"}],"about":[{"href":"https:\/\/www.chicha-tiime.fr\/en\/wp-json\/wp\/v2\/types\/product"}],"replies":[{"embeddable":true,"href":"https:\/\/www.chicha-tiime.fr\/en\/wp-json\/wp\/v2\/comments?post=9320"}],"wp:featuredmedia":[{"embeddable":true,"href":"https:\/\/www.chicha-tiime.fr\/en\/wp-json\/wp\/v2\/media\/9321"}],"wp:attachment":[{"href":"https:\/\/www.chicha-tiime.fr\/en\/wp-json\/wp\/v2\/media?parent=9320"}],"wp:term":[{"taxonomy":"product_brand","embeddable":true,"href":"https:\/\/www.chicha-tiime.fr\/en\/wp-json\/wp\/v2\/product_brand?post=9320"},{"taxonomy":"product_cat","embeddable":true,"href":"https:\/\/www.chicha-tiime.fr\/en\/wp-json\/wp\/v2\/product_cat?post=9320"},{"taxonomy":"product_tag","embeddable":true,"href":"https:\/\/www.chicha-tiime.fr\/en\/wp-json\/wp\/v2\/product_tag?post=9320"}],"curies":[{"name":"wp","href":"https:\/\/api.w.org\/{rel}","templated":true}]}}