{"id":9298,"date":"2024-03-19T14:56:32","date_gmt":"2024-03-19T14:56:32","guid":{"rendered":"https:\/\/www.chicha-tiime.fr\/?post_type=product&#038;p=9298"},"modified":"2024-08-13T13:19:39","modified_gmt":"2024-08-13T13:19:39","slug":"resistance-fumytech-hookah-air-pack-de-2","status":"publish","type":"product","link":"https:\/\/www.chicha-tiime.fr\/en\/product\/resistance-fumytech-hookah-air-pack-de-2\/","title":{"rendered":"Resistance Fumytech Hookah Air Pack de 2"},"content":{"rendered":"<h1>Red\u00e9couvrez Votre Vape avec les Cartouches Hookah Air de Fumytech<\/h1>\n<p>D\u00e9couvrez le summum de la commodit\u00e9 et de la saveur avec les cartouches Hookah Air sign\u00e9es <a href=\"https:\/\/www.fumytech.com\/fr\/\">Fumytech<\/a>. Con\u00e7ues sp\u00e9cialement pour les amateurs de vape fa\u00e7on chicha, ces <strong>cartouches pr\u00eates \u00e0 l&#8217;emploi<\/strong> vous promettent une exp\u00e9rience de vape in\u00e9gal\u00e9e gr\u00e2ce \u00e0 leur contenance g\u00e9n\u00e9reuse de<strong> 6ml<\/strong> et leur syst\u00e8me de connexion aimant\u00e9e <strong>ultra-fiable<\/strong>.<\/p>\n<p><strong>Finies, les d\u00e9connexions inopin\u00e9es ! <\/strong><\/p>\n<p>Chaque cartouche est munie d&rsquo;une r\u00e9sistance de 0.4ohm, id\u00e9ale pour une vape a\u00e9rienne et un rendu des saveurs tout simplement exceptionnel.<\/p>\n<p><img decoding=\"async\" src=\"https:\/\/assets.aromes-et-liquides.fr\/img\/cms\/imgdesc\/clearomiseurs\/cartouche-hookah-air-x2-fumytech\/cartouche-hookah-air-x2-fumytech-03.jpg\" alt=\"La cartouche Hookah Air par Fumytech\" \/><\/p>\n<h2>Cl\u00e9s de l&rsquo;exp\u00e9rience Hookah Air :<\/h2>\n<p>&#8211; Facilit\u00e9 d&rsquo;usage : Avec les cartouches pr\u00e9remplies Hookah Air, changez de saveur en un clin d&rsquo;\u0153il ou remplacez facilement votre cartouche sans le moindre tracas.<br \/>\n&#8211; Performance constante : La r\u00e9sistance int\u00e9gr\u00e9e de<strong> 0.4ohm<\/strong> assure une production de vapeur cons\u00e9quente et une restitution fid\u00e8le des ar\u00f4mes.<br \/>\n&#8211; Simplicit\u00e9 de remplissage : Un syst\u00e8me de remplissage intuitif et propre, gr\u00e2ce \u00e0 une membrane en silicone facile \u00e0 manipuler, vous permet de recharger votre e-liquide sans fuite ni complication.<br \/>\n&#8211; Durabilit\u00e9 et \u00e9cologie : Chaque cartouche est con\u00e7ue pour une utilisation prolong\u00e9e. Une fois arriv\u00e9e \u00e0 son terme, elle se remplace ais\u00e9ment, encourageant un geste \u00e9cologique gr\u00e2ce aux bacs de recyclage d\u00e9di\u00e9s.<\/p>\n<p><img decoding=\"async\" src=\"https:\/\/assets.aromes-et-liquides.fr\/img\/cms\/imgdesc\/clearomiseurs\/cartouche-hookah-air-x2-fumytech\/cartouche-hookah-air-x2-fumytech-05.jpg\" alt=\"Le remplissage de la cartouche Hookah Air de la marque Fumytech\" \/><\/p>\n<h2>Pourquoi choisir Hookah Air ?<\/h2>\n<p>Les cartouches Hookah Air de Fumytech ne sont pas seulement synonymes de qualit\u00e9 et de fiabilit\u00e9, elles repr\u00e9sentent \u00e9galement une avanc\u00e9e vers une vape plus intuitive et agr\u00e9able. Que vous soyez un vapoteur exp\u00e9riment\u00e9 ou nouveau dans l&rsquo;univers de la vape, leur syst\u00e8me sans prise de t\u00eate vous garantit une satisfaction totale \u00e0 chaque bouff\u00e9e.<\/p>\n<p>Mots-cl\u00e9s principaux : cartouches Hookah Air, Fumytech, vape fa\u00e7on chicha, r\u00e9sistance 0.4ohm, connexion aimant\u00e9e, remplissage e-liquide, exp\u00e9rience de vape, saveurs de vape.<\/p>\n<p>En choisissant les cartouches Hookah Air pour votre pod, vous optez pour une exp\u00e9rience de vape enrichie, pratique et pleine de saveur. N&rsquo;attendez plus pour transformer votre mani\u00e8re de vapoter !<\/p>\n<h3 style=\"text-align: center;\"><a href=\"https:\/\/www.chicha-tiime.fr\/en\/product\/pack-hookah-air-hookah-dock\/\">Pack Hookah AIR<\/a><\/h3>\n<figure style=\"width: 500px\" class=\"wp-caption aligncenter\"><a href=\"https:\/\/www.chicha-tiime.fr\/wp-content\/uploads\/2024\/02\/hookah-air-kit-fumytech.webp\"><img fetchpriority=\"high\" decoding=\"async\" title=\"https:\/\/www.chicha-tiime.fr\/product\/pack-hookah-air-hookah-dock\/\" src=\"https:\/\/www.chicha-tiime.fr\/wp-content\/uploads\/2024\/02\/hookah-air-kit-fumytech.webp\" alt=\"Pack hookah air noir \" width=\"500\" height=\"500\" \/><\/a><figcaption class=\"wp-caption-text\">pack hookah air noir avec la hookah dock<\/figcaption><\/figure>","protected":false},"excerpt":{"rendered":"<p>Red\u00e9couvrez Votre Vape avec les Cartouches Hookah Air de Fumytech D\u00e9couvrez le summum de la commodit\u00e9 et de la saveur&#8230;<\/p>","protected":false},"featured_media":9302,"comment_status":"open","ping_status":"closed","template":"","meta":{"om_disable_all_campaigns":false,"_monsterinsights_skip_tracking":false,"_monsterinsights_sitenote_active":false,"_monsterinsights_sitenote_note":"","_monsterinsights_sitenote_category":0,"_uf_show_specific_survey":0,"_uf_disable_surveys":false},"product_brand":[],"product_cat":[15],"product_tag":[480],"class_list":{"0":"post-9298","1":"product","2":"type-product","3":"status-publish","4":"has-post-thumbnail","6":"product_cat-uncategorized","7":"product_tag-fumytech","9":"first","10":"instock","11":"sale","12":"taxable","13":"shipping-taxable","14":"purchasable","15":"product-type-simple"},"aioseo_notices":[],"jetpack_sharing_enabled":true,"_links":{"self":[{"href":"https:\/\/www.chicha-tiime.fr\/en\/wp-json\/wp\/v2\/product\/9298","targetHints":{"allow":["GET"]}}],"collection":[{"href":"https:\/\/www.chicha-tiime.fr\/en\/wp-json\/wp\/v2\/product"}],"about":[{"href":"https:\/\/www.chicha-tiime.fr\/en\/wp-json\/wp\/v2\/types\/product"}],"replies":[{"embeddable":true,"href":"https:\/\/www.chicha-tiime.fr\/en\/wp-json\/wp\/v2\/comments?post=9298"}],"wp:featuredmedia":[{"embeddable":true,"href":"https:\/\/www.chicha-tiime.fr\/en\/wp-json\/wp\/v2\/media\/9302"}],"wp:attachment":[{"href":"https:\/\/www.chicha-tiime.fr\/en\/wp-json\/wp\/v2\/media?parent=9298"}],"wp:term":[{"taxonomy":"product_brand","embeddable":true,"href":"https:\/\/www.chicha-tiime.fr\/en\/wp-json\/wp\/v2\/product_brand?post=9298"},{"taxonomy":"product_cat","embeddable":true,"href":"https:\/\/www.chicha-tiime.fr\/en\/wp-json\/wp\/v2\/product_cat?post=9298"},{"taxonomy":"product_tag","embeddable":true,"href":"https:\/\/www.chicha-tiime.fr\/en\/wp-json\/wp\/v2\/product_tag?post=9298"}],"curies":[{"name":"wp","href":"https:\/\/api.w.org\/{rel}","templated":true}]}}