{"id":9081,"date":"2024-02-13T15:49:07","date_gmt":"2024-02-13T15:49:07","guid":{"rendered":"https:\/\/www.chicha-tiime.fr\/?post_type=product&#038;p=9081"},"modified":"2025-05-16T12:40:03","modified_gmt":"2025-05-16T12:40:03","slug":"pack-tiime-duo-squeeze-zodiac","status":"publish","type":"product","link":"https:\/\/www.chicha-tiime.fr\/en\/product\/pack-tiime-duo-squeeze-zodiac\/","title":{"rendered":"Pack Tiime Duo Squeeze Zodiac"},"content":{"rendered":"<h1>Un Pack qui d\u00e9cuple vos sens !<\/h1>\n<p>Le pack Duo Squeeze Zodiac est fait pour les amateurs de saveurs il vous permettra de switcher entre plusieurs gut de la marque zodiac et plusieurs gout de la marque squeeze.<\/p>\n<p>Vous pourrez&nbsp; compos\u00e9 votre cocktail explosif en utilisant la vari\u00e9t\u00e9 de saveurs mis a votre disposition.<\/p>\n<h2><strong><em>Les Saveurs <a href=\"https:\/\/www.el-badia.com\/\">Zodiac<\/a><\/em><\/strong><\/h2>\n<ul>\n<li><strong>Stellar :<\/strong>&nbsp;Savourez la tranquillit\u00e9 d\u2019un m\u00e9lange d\u00e9licieux de raisin et de menthe, apaisant l\u2019\u00e2me et cr\u00e9ant un monde de relaxation.<\/li>\n<li><strong>&nbsp;Luna :<\/strong>&nbsp;Plongez dans un \u00e9tat de calme avec ce m\u00e9lange vif et rafra\u00eechissant de gomme et de menthe, offrant une connexion heureuse avec le monde qui vous entoure.<\/li>\n<li><strong>Proxima :<\/strong>&nbsp;Embarquez pour un voyage de r\u00eave avec ce m\u00e9lange fruit\u00e9 de th\u00e9 glac\u00e9 \u00e0 la fraise, framboise et p\u00eache, qui ravira vos papilles.<\/li>\n<li><strong>Nebula :<\/strong>&nbsp;D\u00e9couvrez le bonheur tropical avec les saveurs vibrantes de mangue et fruit de la passion, rehauss\u00e9es par un effet rafra\u00eechissant qui vous transportera dans un \u00e9tat de pur plaisir.<\/li>\n<li><strong>Apollo :<\/strong>&nbsp;Transcendez vers un royaume de s\u00e9r\u00e9nit\u00e9 en savourant ce m\u00e9lange rafra\u00eechissant de fraise, myrtille et raisin noir, cr\u00e9ant une symphonie harmonieuse de saveurs.<\/li>\n<li><strong>Nova :<\/strong>&nbsp;Embrassez la tranquillit\u00e9 et savourez le go\u00fbt rafra\u00eechissant de raisins noirs m\u00fbrs et succulents, culminant dans un arri\u00e8re-go\u00fbt glac\u00e9 all\u00e9chant qui persiste sur le palais.<\/li>\n<\/ul>\n<p><strong>Date de p\u00e9remption : Juillet 2025<\/strong><\/p>\n<h2 style=\"text-align: center\"><em><a href=\"https:\/\/www.chicha-tiime.fr\/en\/product\/hookah-squeeze-creme-pour-chicha-25g\/\">Les saveurs Squeeze&nbsp;<\/a><\/em><\/h2>\n<p><a href=\"https:\/\/www.chicha-tiime.fr\/en\/product\/hookah-squeeze-creme-pour-chicha-25g\/\"><img fetchpriority=\"high\" decoding=\"async\" src=\"https:\/\/www.chicha.com\/files\/2023\/07\/HS-Article-1-300x164.jpg\" class=\"aligncenter\" alt=\"\" width=\"644\" height=\"352\"><\/a><\/p>\n<p>&nbsp;<\/p>","protected":false},"excerpt":{"rendered":"<p>Un Pack qui d\u00e9cuple vos sens ! Le pack Duo Squeeze Zodiac est fait pour les amateurs de saveurs il&#8230;<\/p>","protected":false},"featured_media":9139,"comment_status":"open","ping_status":"closed","template":"","meta":{"om_disable_all_campaigns":false,"_monsterinsights_skip_tracking":false,"_monsterinsights_sitenote_active":false,"_monsterinsights_sitenote_note":"","_monsterinsights_sitenote_category":0,"_uf_show_specific_survey":0,"_uf_disable_surveys":false},"product_brand":[],"product_cat":[250,51,249,346,341,15],"product_tag":[422,452],"class_list":{"0":"post-9081","1":"product","2":"type-product","3":"status-publish","4":"has-post-thumbnail","6":"product_cat-de-saveurs","7":"product_cat-gout-chicha","8":"product_cat-gouts-sans-nicotine","9":"product_cat-packs","10":"product_cat-soldes","11":"product_cat-uncategorized","12":"product_tag-hookah-squeeze","13":"product_tag-zodiac","15":"first","16":"instock","17":"taxable","18":"shipping-taxable","19":"purchasable","20":"product-type-variable"},"aioseo_notices":[],"jetpack_sharing_enabled":true,"_links":{"self":[{"href":"https:\/\/www.chicha-tiime.fr\/en\/wp-json\/wp\/v2\/product\/9081","targetHints":{"allow":["GET"]}}],"collection":[{"href":"https:\/\/www.chicha-tiime.fr\/en\/wp-json\/wp\/v2\/product"}],"about":[{"href":"https:\/\/www.chicha-tiime.fr\/en\/wp-json\/wp\/v2\/types\/product"}],"replies":[{"embeddable":true,"href":"https:\/\/www.chicha-tiime.fr\/en\/wp-json\/wp\/v2\/comments?post=9081"}],"wp:featuredmedia":[{"embeddable":true,"href":"https:\/\/www.chicha-tiime.fr\/en\/wp-json\/wp\/v2\/media\/9139"}],"wp:attachment":[{"href":"https:\/\/www.chicha-tiime.fr\/en\/wp-json\/wp\/v2\/media?parent=9081"}],"wp:term":[{"taxonomy":"product_brand","embeddable":true,"href":"https:\/\/www.chicha-tiime.fr\/en\/wp-json\/wp\/v2\/product_brand?post=9081"},{"taxonomy":"product_cat","embeddable":true,"href":"https:\/\/www.chicha-tiime.fr\/en\/wp-json\/wp\/v2\/product_cat?post=9081"},{"taxonomy":"product_tag","embeddable":true,"href":"https:\/\/www.chicha-tiime.fr\/en\/wp-json\/wp\/v2\/product_tag?post=9081"}],"curies":[{"name":"wp","href":"https:\/\/api.w.org\/{rel}","templated":true}]}}