{"id":9066,"date":"2024-02-12T17:20:10","date_gmt":"2024-02-12T17:20:10","guid":{"rendered":"https:\/\/www.chicha-tiime.fr\/?post_type=product&#038;p=9066"},"modified":"2024-08-13T13:19:40","modified_gmt":"2024-08-13T13:19:40","slug":"chicha-flash-bang-arctic-amotion","status":"publish","type":"product","link":"https:\/\/www.chicha-tiime.fr\/en\/product\/chicha-flash-bang-arctic-amotion\/","title":{"rendered":"Chicha Flash Bang Arctic Amotion"},"content":{"rendered":"<h1>La chicha <a href=\"https:\/\/mozeshisha.de\/de\/\">Amotion <\/a>Flash Bang<\/h1>\n<p>avec ses 40 cm de long, se positionne comme une option remarquable et innovante pour les amateurs de narguil\u00e9 cherchant \u00e0 allier modernit\u00e9, personnalisation, et performance technique.<\/p>\n<p>Voici un r\u00e9sum\u00e9 de ses caract\u00e9ristiques et de ce qu&rsquo;elles apportent \u00e0 l&rsquo;exp\u00e9rience utilisateur :<\/p>\n<h2>Conception Exceptionnelle<\/h2>\n<p>Esth\u00e9tique Moderne et Unique : La Flash Bang promet de capter l&rsquo;attention gr\u00e2ce \u00e0 son design \u00e0 la fois contemporain et distinctif.<br \/>\nAssemblage Complex : Compos\u00e9e de 30 pi\u00e8ces, elle repr\u00e9sente un travail d&rsquo;ing\u00e9nierie et de design pouss\u00e9, garantissant un niveau de d\u00e9tail et de qualit\u00e9 sup\u00e9rieur.<\/p>\n<h2>Personnalisation<\/h2>\n<p>Syst\u00e8me de Vases Interchangeables : Gr\u00e2ce \u00e0 un syst\u00e8me de fermeture \u00e0 joint, les utilisateurs peuvent facilement personnaliser l&rsquo;apparence de leur chicha en changeant de vase, offrant une flexibilit\u00e9 et une adaptabilit\u00e9 selon les go\u00fbts et les besoins.<br \/>\nDiffuseur Ajustable : Le diffuseur amovible permet aux utilisateurs d&rsquo;ajuster l&rsquo;exp\u00e9rience de tirage \u00e0 leur pr\u00e9f\u00e9rence, offrant une flexibilit\u00e9 en termes de r\u00e9sistance et de diffusion de la fum\u00e9e.<\/p>\n<h2>Performance de Fumage<\/h2>\n<p>Purge Innovante : La purge en mode \u00ab fontaine \u00bb est non seulement visuellement impressionnante mais garantit \u00e9galement une \u00e9vacuation efficace de la fum\u00e9e. Les quatre vis en haut de la base ajoutent une dimension suppl\u00e9mentaire \u00e0 la purge, permettant une \u00e9vacuation horizontale et ajoutant \u00e0 l&rsquo;exp\u00e9rience unique de la Flash Bang.<\/p>\n<h2>Caract\u00e9ristiques Techniques<\/h2>\n<ul>\n<li>Mat\u00e9riaux de Qualit\u00e9: Construite en aluminium, elle offre durabilit\u00e9 et l\u00e9g\u00e8ret\u00e9, tout en facilitant le nettoyage et l&rsquo;entretien.<\/li>\n<li>Taille Compacte: Avec ses 40 cm, elle est id\u00e9ale pour une utilisation \u00e0 domicile ou pour \u00eatre transport\u00e9e pour des sessions en ext\u00e9rieur.<\/li>\n<li>Provenance: Fabriqu\u00e9e en Russie, ce qui t\u00e9moigne d&rsquo;un savoir-faire et d&rsquo;une approche innovante dans le domaine du narguil\u00e9.<\/li>\n<\/ul>\n<h2>\u00a0\u00c0 Noter<\/h2>\n<p>Il est important de noter que la chicha est vendue sans certains accessoires essentiels tels que le tuyau, le foyer, le manche, et la pince. Les utilisateurs devront donc pr\u00e9voir l&rsquo;achat de ces \u00e9l\u00e9ments s\u00e9par\u00e9ment, ce qui offre une autre occasion de personnalisation mais repr\u00e9sente aussi un co\u00fbt suppl\u00e9mentaire.<\/p>\n<p>La chicha Amotion Flash Bang se distingue par son approche novatrice de la conception de narguil\u00e9, en mettant l&rsquo;accent sur la personnalisation, la performance, et un design hors du commun. C&rsquo;est une option de choix pour ceux qui recherchent une exp\u00e9rience de fumage am\u00e9lior\u00e9e et personnalis\u00e9e.<\/p>\n<p>Recommandation: Il est important d&rsquo;utilis\u00e9 ce produit avec un system de chauffe de type Quasar ou kaloud, chicha tiime met a votre disposition des Pack.<\/p>\n<p style=\"text-align: center;\"><a href=\"https:\/\/www.chicha-tiime.fr\/en\/product\/pack-kaloud-magic\/\">Pack Kaloud Magic<\/a><\/p>\n<p style=\"text-align: center;\"><a href=\"https:\/\/www.chicha-tiime.fr\/en\/product\/pack-kaloud-magic\/\"><img fetchpriority=\"high\" decoding=\"async\" class=\"alignnone\" src=\"https:\/\/www.chicha-tiime.fr\/wp-content\/uploads\/2023\/12\/WhatsApp-Image-2023-12-06-at-19.51.25-200x200.jpeg\" alt=\"Pack Kaloud Magic\" width=\"319\" height=\"319\" \/><\/a><\/p>","protected":false},"excerpt":{"rendered":"<p>La chicha Amotion Flash Bang avec ses 40 cm de long, se positionne comme une option remarquable et innovante pour&#8230;<\/p>","protected":false},"featured_media":9079,"comment_status":"open","ping_status":"closed","template":"","meta":{"om_disable_all_campaigns":false,"_monsterinsights_skip_tracking":false,"_monsterinsights_sitenote_active":false,"_monsterinsights_sitenote_note":"","_monsterinsights_sitenote_category":0,"_uf_show_specific_survey":0,"_uf_disable_surveys":false},"product_brand":[],"product_cat":[67],"product_tag":[484],"class_list":{"0":"post-9066","1":"product","2":"type-product","3":"status-publish","4":"has-post-thumbnail","6":"product_cat-chichas-traditionnelles","7":"product_tag-amotion","9":"first","10":"instock","11":"taxable","12":"shipping-taxable","13":"purchasable","14":"product-type-variable"},"aioseo_notices":[],"jetpack_sharing_enabled":true,"_links":{"self":[{"href":"https:\/\/www.chicha-tiime.fr\/en\/wp-json\/wp\/v2\/product\/9066","targetHints":{"allow":["GET"]}}],"collection":[{"href":"https:\/\/www.chicha-tiime.fr\/en\/wp-json\/wp\/v2\/product"}],"about":[{"href":"https:\/\/www.chicha-tiime.fr\/en\/wp-json\/wp\/v2\/types\/product"}],"replies":[{"embeddable":true,"href":"https:\/\/www.chicha-tiime.fr\/en\/wp-json\/wp\/v2\/comments?post=9066"}],"wp:featuredmedia":[{"embeddable":true,"href":"https:\/\/www.chicha-tiime.fr\/en\/wp-json\/wp\/v2\/media\/9079"}],"wp:attachment":[{"href":"https:\/\/www.chicha-tiime.fr\/en\/wp-json\/wp\/v2\/media?parent=9066"}],"wp:term":[{"taxonomy":"product_brand","embeddable":true,"href":"https:\/\/www.chicha-tiime.fr\/en\/wp-json\/wp\/v2\/product_brand?post=9066"},{"taxonomy":"product_cat","embeddable":true,"href":"https:\/\/www.chicha-tiime.fr\/en\/wp-json\/wp\/v2\/product_cat?post=9066"},{"taxonomy":"product_tag","embeddable":true,"href":"https:\/\/www.chicha-tiime.fr\/en\/wp-json\/wp\/v2\/product_tag?post=9066"}],"curies":[{"name":"wp","href":"https:\/\/api.w.org\/{rel}","templated":true}]}}