{"id":8860,"date":"2024-01-11T14:52:49","date_gmt":"2024-01-11T14:52:49","guid":{"rendered":"https:\/\/www.chicha-tiime.fr\/?post_type=product&#038;p=8860"},"modified":"2024-09-19T17:00:25","modified_gmt":"2024-09-19T17:00:25","slug":"aladin-mvp-360","status":"publish","type":"product","link":"https:\/\/www.chicha-tiime.fr\/en\/product\/aladin-mvp-360\/","title":{"rendered":"Chicha Aladin MVp 360 Gold &#038; Silver"},"content":{"rendered":"<section class=\"page-product-box\">\n<div class=\"rte\">\n<div class=\"flex-1 overflow-hidden\">\n<div class=\"react-scroll-to-bottom--css-esebd-79elbk h-full\">\n<div class=\"react-scroll-to-bottom--css-esebd-1n7m0yu\">\n<div class=\"flex flex-col pb-9 text-sm\">\n<div class=\"w-full text-token-text-primary\" data-testid=\"conversation-turn-7\">\n<div class=\"px-4 py-2 justify-center text-base md:gap-6 m-auto\">\n<div class=\"flex flex-1 text-base mx-auto gap-3 md:px-5 lg:px-1 xl:px-5 md:max-w-3xl lg:max-w-[40rem] xl:max-w-[48rem] group final-completion\">\n<div class=\"relative flex w-full flex-col lg:w-[calc(100%-115px)] agent-turn\">\n<div class=\"flex-col gap-1 md:gap-3\">\n<div class=\"flex flex-grow flex-col max-w-full\">\n<div class=\"min-h-[20px] text-message flex flex-col items-start gap-3 whitespace-pre-wrap break-words [.text-message+&amp;]:mt-5 overflow-x-auto\" data-message-author-role=\"assistant\" data-message-id=\"fc69465f-defb-4dae-b223-0bde3661f09e\">\n<div class=\"markdown prose w-full break-words dark:prose-invert dark\">\n<h1><strong>D\u00e9couvrez la CHICHA ALADIN MVP 360\u00a0<\/strong><\/h1>\n<h1><strong>L&rsquo;\u00c9lue des Chichas Compactes en Acier Inoxydable<\/strong><\/h1>\n<p>Si vous \u00eates un amateur de chicha \u00e0 la recherche d&rsquo;une exp\u00e9rience exceptionnelle, la CHICHA ALADIN MVP 360 pourrait bien \u00eatre le joyau que vous attendiez.<\/p>\n<p>Cette chicha compacte en acier inoxydable est rapidement devenue la r\u00e9f\u00e9rence dans sa cat\u00e9gorie, et pour de bonnes raisons.<\/p>\n<h2><strong>Design et Qualit\u00e9 de Fabrication :\u00a0<\/strong><\/h2>\n<ul>\n<li>La MVP 360 d&rsquo;<a href=\"https:\/\/aladin-shishashop.de\/\">Aladin<\/a> s\u00e9duit d\u00e8s le premier regard avec son design moderne et \u00e9l\u00e9gant.<\/li>\n<li>Fabriqu\u00e9e en acier inoxydable de haute qualit\u00e9, cette chicha arbore des finitions irr\u00e9prochables qui refl\u00e8tent l&rsquo;engagement d&rsquo;Aladin envers l&rsquo;excellence.<\/li>\n<li>Le mariage entre une colonne au design raffin\u00e9 et un vase contemporain conf\u00e8re \u00e0 la MVP 360 une esth\u00e9tique \u00e0 la fois s\u00e9duisante et avant-gardiste.<\/li>\n<\/ul>\n<h2><strong>Performances Exceptionnelles<\/strong><\/h2>\n<p>Mais la MVP 360 ne se contente pas d&rsquo;\u00eatre belle. Ses performances impressionnantes en font une v\u00e9ritable reine parmi les chichas compactes. Equip\u00e9e d&rsquo;un diffuseur r\u00e9glable en 3 positions, cette chicha offre la possibilit\u00e9 de personnaliser le tirage selon vos pr\u00e9f\u00e9rences, que vous pr\u00e9f\u00e9riez un tirage l\u00e9ger ou plus lourd.<\/p>\n<p>Le tuyau en silicone avec manche en aluminium, le cut de colonne 18\/8 permettant l&rsquo;insertion d&rsquo;un r\u00e9cup\u00e9rateur, et le foyer en terre cuite avec une chemin\u00e9e de type Brohood inclus sont autant d&rsquo;\u00e9l\u00e9ments qui t\u00e9moignent de la qualit\u00e9 et de l&rsquo;attention aux d\u00e9tails apport\u00e9es \u00e0 la conception de la MVP 360.<\/p>\n<h2><strong>Nuages Denses, Plaisir Intense<\/strong><\/h2>\n<p>L&rsquo;une des caract\u00e9ristiques les plus impressionnantes de la MVP 360 est sa petite chambre de stockage qui garantit une accumulation dense de fum\u00e9e.<\/p>\n<p>Les amateurs de nuages \u00e9pais seront combl\u00e9s par cette caract\u00e9ristique unique qui fait de la MVP 360 une exp\u00e9rience in\u00e9gal\u00e9e.<\/p>\n<h2><strong>Polyvalence et Options<\/strong><\/h2>\n<p>La MVP 360 partage une plateforme technique avec la chicha Mini Brodator 320, mais se distingue par le nombre de connecteurs de tuyaux, offrant une seule entr\u00e9e.<\/p>\n<p>Cette caract\u00e9ristique lui conf\u00e8re une polyvalence particuli\u00e8re, en faisant le choix id\u00e9al pour ceux qui pr\u00e9f\u00e8rent une exp\u00e9rience individuelle.<\/p>\n<h2><strong>Conclusion<\/strong><\/h2>\n<p>En r\u00e9sum\u00e9, la CHICHA ALADIN MVP 360 s&rsquo;impose comme la reine de sa cat\u00e9gorie, offrant un \u00e9quilibre parfait entre design moderne, qualit\u00e9 de fabrication exceptionnelle et performances remarquables. Que vous soyez un connaisseur de chicha ou un amateur en qu\u00eate d&rsquo;une exp\u00e9rience de fum\u00e9e in\u00e9gal\u00e9e, la MVP 360 d&rsquo;Aladin est certainement la MVP incontest\u00e9e des chichas compactes en acier inoxydable. Optez pour l&rsquo;excellence, choisissez la CHICHA ALADIN MVP 360.<button class=\"flex items-center gap-1.5 rounded-md p-1 text-xs hover:text-gray-950 dark:text-gray-400 dark:hover:text-gray-200 disabled:dark:hover:text-gray-400 md:invisible md:group-hover:visible md:group-[.final-completion]:visible\"><\/button><\/p>\n<p>Recommandation : utiliser un <a href=\"https:\/\/www.chicha-tiime.fr\/product\/foyer-thermique-quasar-raas-2\/\">Quasar RAAS 2<\/a><\/p>\n<p><img decoding=\"async\" src=\"https:\/\/www.chicha-tiime.fr\/wp-content\/uploads\/2023\/04\/IMG_2525-400x400.png\" \/><\/p>\n<p>&nbsp;<\/p>\n<p>Les caract\u00e9ristique du produit :<\/p>\n<\/div>\n<\/div>\n<\/div>\n<\/div>\n<\/div>\n<\/div>\n<\/div>\n<\/div>\n<\/div>\n<\/div>\n<\/div>\n<\/div>\n<\/div>\n<\/section>\n<section id=\"tabFeatures\" class=\"page-product-box\">\n<div class=\"feature-content\">\n<div class=\"row\">\n<div class=\"col-sm-6 col-sm-offset-3\">\n<div class=\"table-content\">\n<table class=\"table\">\n<tbody>\n<tr>\n<td class=\"name\">TAILLE<\/td>\n<td>36 cm<\/td>\n<\/tr>\n<tr>\n<td class=\"name\">VASE<\/td>\n<td>en verre<\/td>\n<\/tr>\n<tr>\n<td class=\"name\">FOYER<\/td>\n<td>terre cuite, avec grille de chauffe<\/td>\n<\/tr>\n<tr>\n<td class=\"name\">TUYAU<\/td>\n<td>silicone &amp; manche alu<\/td>\n<\/tr>\n<tr>\n<td class=\"name\">FIXATION<\/td>\n<td>par syst\u00e8me de filetage<\/td>\n<\/tr>\n<tr>\n<td class=\"name\">AUTRE<\/td>\n<td>diffuseur inclus, cut de colonne 18\/8 inclus, connecteur tuyau silicone inclus<\/td>\n<\/tr>\n<\/tbody>\n<\/table>\n<\/div>\n<\/div>\n<\/div>\n<\/div>\n<\/section>\n","protected":false},"excerpt":{"rendered":"<p>D\u00e9couvrez la CHICHA ALADIN MVP 360\u00a0 L&rsquo;\u00c9lue des Chichas Compactes en Acier Inoxydable Si vous \u00eates un amateur de chicha&#8230;<\/p>","protected":false},"featured_media":8862,"comment_status":"open","ping_status":"closed","template":"","meta":{"om_disable_all_campaigns":false,"_monsterinsights_skip_tracking":false,"_monsterinsights_sitenote_active":false,"_monsterinsights_sitenote_note":"","_monsterinsights_sitenote_category":0,"_uf_show_specific_survey":0,"_uf_disable_surveys":false},"product_brand":[],"product_cat":[68,341],"product_tag":[478],"class_list":{"0":"post-8860","1":"product","2":"type-product","3":"status-publish","4":"has-post-thumbnail","6":"product_cat-chichas-classiques","7":"product_cat-soldes","8":"product_tag-chicha","10":"first","11":"instock","12":"sale","13":"taxable","14":"shipping-taxable","15":"purchasable","16":"product-type-variable"},"aioseo_notices":[],"jetpack_sharing_enabled":true,"_links":{"self":[{"href":"https:\/\/www.chicha-tiime.fr\/en\/wp-json\/wp\/v2\/product\/8860","targetHints":{"allow":["GET"]}}],"collection":[{"href":"https:\/\/www.chicha-tiime.fr\/en\/wp-json\/wp\/v2\/product"}],"about":[{"href":"https:\/\/www.chicha-tiime.fr\/en\/wp-json\/wp\/v2\/types\/product"}],"replies":[{"embeddable":true,"href":"https:\/\/www.chicha-tiime.fr\/en\/wp-json\/wp\/v2\/comments?post=8860"}],"wp:featuredmedia":[{"embeddable":true,"href":"https:\/\/www.chicha-tiime.fr\/en\/wp-json\/wp\/v2\/media\/8862"}],"wp:attachment":[{"href":"https:\/\/www.chicha-tiime.fr\/en\/wp-json\/wp\/v2\/media?parent=8860"}],"wp:term":[{"taxonomy":"product_brand","embeddable":true,"href":"https:\/\/www.chicha-tiime.fr\/en\/wp-json\/wp\/v2\/product_brand?post=8860"},{"taxonomy":"product_cat","embeddable":true,"href":"https:\/\/www.chicha-tiime.fr\/en\/wp-json\/wp\/v2\/product_cat?post=8860"},{"taxonomy":"product_tag","embeddable":true,"href":"https:\/\/www.chicha-tiime.fr\/en\/wp-json\/wp\/v2\/product_tag?post=8860"}],"curies":[{"name":"wp","href":"https:\/\/api.w.org\/{rel}","templated":true}]}}