{"id":8761,"date":"2023-12-26T09:20:45","date_gmt":"2023-12-26T09:20:45","guid":{"rendered":"https:\/\/www.chicha-tiime.fr\/?post_type=product&#038;p=8761"},"modified":"2024-11-17T23:29:37","modified_gmt":"2024-11-17T23:29:37","slug":"chicha-el-badia-z6","status":"publish","type":"product","link":"https:\/\/www.chicha-tiime.fr\/en\/product\/chicha-el-badia-z6\/","title":{"rendered":"Chicha Grande EL-BADIA Z6"},"content":{"rendered":"<h1>La nouvelle el-Badia Z6<\/h1>\n<p>La chicha <a href=\"https:\/\/www.el-badia.com\/fr\/\">EL-BADIA<\/a> Z6, mesurant 59 cm, est con\u00e7ue en <strong>acier inoxydable<\/strong> avec un <strong>vase en verre<\/strong> \u00e9pais fix\u00e9 par un syst\u00e8me de fermeture \u201cclick\u201d \u00e0 rivets.<\/p>\n<p>Dot\u00e9e de <strong>performances exceptionnelles<\/strong> et d\u2019une f<strong>inition irr\u00e9prochable<\/strong>, elle convient aussi bien aux amateurs qu\u2019aux professionnels recherchant q<strong>ualit\u00e9 et durabilit\u00e9<\/strong>, le tout \u00e0 un <strong>prix avantageux<\/strong>.<\/p>\n<p>La Z6, de la gamme El-Badia, pr\u00e9sente une<strong> purge dissimul\u00e9e<\/strong> sous le plateau, diffusant la fum\u00e9e autour de la colonne, et la sortie de tuyau est int\u00e9gr\u00e9e dans la base.<\/p>\n<p>Avec cette chicha nous vous recommandons de l&rsquo;\u00e9quip\u00e9 avec un foyer thermique <a href=\"https:\/\/www.chicha-tiime.fr\/en\/product\/foyer-thermique-quasar-raas-2\/\">Quasar Raas 2<\/a> pratique et fiable !<\/p>\n<div class=\"page-heading\" data-axseo-oldtag=\"h3\">\n<div class=\"page-heading\" data-axseo-oldtag=\"h3\">LES CARACT\u00c9RISTIQUES DU PRODUIT :<\/div>\n<div class=\"feature-content\">\n<div class=\"row\">\n<div class=\"col-sm-6 col-sm-offset-3\">\n<div class=\"table-content\">\n<table class=\"table\">\n<tbody>\n<tr>\n<td class=\"name\">TAILLE<\/td>\n<td>59 cm<\/td>\n<\/tr>\n<tr>\n<td class=\"name\">MATI\u00c8RE<\/td>\n<td>acier inoxydable<\/td>\n<\/tr>\n<tr>\n<td class=\"name\">VASE<\/td>\n<td>en verre<\/td>\n<\/tr>\n<tr>\n<td class=\"name\">FOYER<\/td>\n<td>non inclus<\/td>\n<\/tr>\n<tr>\n<td class=\"name\">TUYAU<\/td>\n<td>silicone &amp; manche alu<\/td>\n<\/tr>\n<tr>\n<td class=\"name\">FIXATION<\/td>\n<td>CLICK par rivets<\/td>\n<\/tr>\n<tr>\n<td class=\"name\">AUTRE<\/td>\n<td>connecteur tuyau silicone inclus, diffuseur inclus<\/td>\n<\/tr>\n<\/tbody>\n<\/table>\n<p><img decoding=\"async\" src=\"https:\/\/www.el-badia.com\/16890-large_default\/chicha-el-badia-z6.jpg\" \/><\/p>\n<\/div>\n<\/div>\n<\/div>\n<\/div>\n<\/div>","protected":false},"excerpt":{"rendered":"<p>Est fournie avec :<\/p>\n<p>Manche en m\u00e9tal de 30cm<\/p>\n<p>Tuyau Silicone Soft Touch Argent\u00e9<\/p>\n<p>Ressort Anti-Pliure<\/p>\n<p>Connecteur en Acier Inoxydable Encastrable<\/p>","protected":false},"featured_media":8762,"comment_status":"open","ping_status":"closed","template":"","meta":{"om_disable_all_campaigns":false,"_monsterinsights_skip_tracking":false,"_monsterinsights_sitenote_active":false,"_monsterinsights_sitenote_note":"","_monsterinsights_sitenote_category":0,"_uf_show_specific_survey":0,"_uf_disable_surveys":false},"product_brand":[],"product_cat":[507,68,67,341],"product_tag":[217],"class_list":{"0":"post-8761","1":"product","2":"type-product","3":"status-publish","4":"has-post-thumbnail","6":"product_cat-chicha-promo","7":"product_cat-chichas-classiques","8":"product_cat-chichas-traditionnelles","9":"product_cat-soldes","10":"product_tag-el-badia","12":"first","13":"instock","14":"sale","15":"taxable","16":"shipping-taxable","17":"purchasable","18":"product-type-simple"},"aioseo_notices":[],"jetpack_sharing_enabled":true,"_links":{"self":[{"href":"https:\/\/www.chicha-tiime.fr\/en\/wp-json\/wp\/v2\/product\/8761","targetHints":{"allow":["GET"]}}],"collection":[{"href":"https:\/\/www.chicha-tiime.fr\/en\/wp-json\/wp\/v2\/product"}],"about":[{"href":"https:\/\/www.chicha-tiime.fr\/en\/wp-json\/wp\/v2\/types\/product"}],"replies":[{"embeddable":true,"href":"https:\/\/www.chicha-tiime.fr\/en\/wp-json\/wp\/v2\/comments?post=8761"}],"wp:featuredmedia":[{"embeddable":true,"href":"https:\/\/www.chicha-tiime.fr\/en\/wp-json\/wp\/v2\/media\/8762"}],"wp:attachment":[{"href":"https:\/\/www.chicha-tiime.fr\/en\/wp-json\/wp\/v2\/media?parent=8761"}],"wp:term":[{"taxonomy":"product_brand","embeddable":true,"href":"https:\/\/www.chicha-tiime.fr\/en\/wp-json\/wp\/v2\/product_brand?post=8761"},{"taxonomy":"product_cat","embeddable":true,"href":"https:\/\/www.chicha-tiime.fr\/en\/wp-json\/wp\/v2\/product_cat?post=8761"},{"taxonomy":"product_tag","embeddable":true,"href":"https:\/\/www.chicha-tiime.fr\/en\/wp-json\/wp\/v2\/product_tag?post=8761"}],"curies":[{"name":"wp","href":"https:\/\/api.w.org\/{rel}","templated":true}]}}