{"id":8755,"date":"2023-12-21T15:23:53","date_gmt":"2023-12-21T15:23:53","guid":{"rendered":"https:\/\/www.chicha-tiime.fr\/?post_type=product&#038;p=8755"},"modified":"2024-08-13T13:19:41","modified_gmt":"2024-08-13T13:19:41","slug":"8755","status":"publish","type":"product","link":"https:\/\/www.chicha-tiime.fr\/en\/product\/8755\/","title":{"rendered":"Pack Duo Mini STENAR X QUASAR"},"content":{"rendered":"<h1>Le pack Stenar Quasar<\/h1>\n<h2>Le pack contient :<\/h2>\n<ul>\n<li>Chicha Stenar Mini<\/li>\n<li><a href=\"https:\/\/www.quasar-shisha.com\/en\/\">Quasar Raas 2<\/a><\/li>\n<li>Une <a href=\"https:\/\/www.chicha-tiime.fr\/product\/sac-de-transport-taille-m\/\">sacoche Chicha Tiime<\/a> offerte !<\/li>\n<\/ul>\n<div class=\"flex-1 overflow-hidden\">\n<div class=\"react-scroll-to-bottom--css-bfedk-79elbk h-full\">\n<div class=\"react-scroll-to-bottom--css-bfedk-1n7m0yu\">\n<div class=\"flex flex-col pb-9 text-sm\">\n<div class=\"w-full text-token-text-primary\" data-testid=\"conversation-turn-57\">\n<div class=\"px-4 py-2 justify-center text-base md:gap-6 m-auto\">\n<div class=\"flex flex-1 text-base mx-auto gap-3 md:px-5 lg:px-1 xl:px-5 md:max-w-3xl lg:max-w-[40rem] xl:max-w-[48rem] group final-completion\">\n<div class=\"relative flex w-full flex-col lg:w-[calc(100%-115px)] agent-turn\">\n<div class=\"flex-col gap-1 md:gap-3\">\n<div class=\"flex flex-grow flex-col max-w-full\">\n<div class=\"min-h-[20px] text-message flex flex-col items-start gap-3 whitespace-pre-wrap break-words [.text-message+&amp;]:mt-5 overflow-x-auto\" data-message-author-role=\"assistant\" data-message-id=\"c5064e61-5ee1-4d5e-b25e-c993f795a96e\">\n<div class=\"markdown prose w-full break-words dark:prose-invert dark\">\n<h2><strong>D\u00e9couvrez l&rsquo;excellence de la Chicha Stenar par Chicha Tiime : Une Fusion d&rsquo;Art Moderne et de Performance<\/strong><\/h2>\n<p>Chicha Tiime vous transporte dans le monde de l&rsquo;art moderne avec sa derni\u00e8re cr\u00e9ation, la Chicha Stenar. Cette \u0153uvre raffin\u00e9e allie un design \u00e9pur\u00e9 \u00e0 des fonctionnalit\u00e9s de pointe, inspir\u00e9es des tendances contemporaines en d\u00e9coration int\u00e9rieure.<\/p>\n<h3><em>Art Moderne et Esth\u00e9tique Exceptionnelle<\/em><\/h3>\n<p>La Chicha Stenar se distingue par son design \u00e9pur\u00e9, v\u00e9ritable incarnation de l&rsquo;art moderne. Ses lignes \u00e9quilibr\u00e9es et son esth\u00e9tique remarquable en font une pi\u00e8ce ma\u00eetresse qui s\u00e9duit les amateurs de chicha et les passionn\u00e9s d&rsquo;art. Chaque d\u00e9tail de cette cr\u00e9ation a \u00e9t\u00e9 minutieusement pens\u00e9 pour offrir une exp\u00e9rience visuelle exceptionnelle.<\/p>\n<h3><em>Innovation et Performance<\/em><\/h3>\n<p>Dot\u00e9e d&rsquo;une soupape int\u00e9gr\u00e9e et d&rsquo;un connecteur lat\u00e9ral viss\u00e9, la Chicha Stenar se distingue par son souci du d\u00e9tail. Ces fonctionnalit\u00e9s astucieuses garantissent un flexible sans plis, assurant ainsi une exp\u00e9rience fluide et agr\u00e9able \u00e0 chaque utilisation. Le corps et le manche en acier inoxydable V2A ajoutent une touche de robustesse, r\u00e9sistant \u00e0 la corrosion et aux odeurs.<\/p>\n<h3><em>Confort et Facilit\u00e9 d&rsquo;Entretien<\/em><\/h3>\n<p>La Chicha Stenar va au-del\u00e0 de l&rsquo;esth\u00e9tique en int\u00e9grant un syst\u00e8me de r\u00e9cup\u00e9ration de m\u00e9lasse int\u00e9gr\u00e9. Cette innovation pr\u00e9vient la formation de r\u00e9sidus dans l&rsquo;eau, facilitant ainsi l&rsquo;entretien de votre \u00e9quipement. Profitez d&rsquo;une chicha \u00e9l\u00e9gante sans compromis sur la durabilit\u00e9.<\/p>\n<h3><em>Chicha Stenar par Chicha Tiime : Une Exp\u00e9rience Unique<\/em><\/h3>\n<p>D\u00e9couvrez la gamme de chichas Stenar de Chicha Tiime d\u00e8s maintenant sur notre boutique en ligne. Optez pour l&rsquo;\u00e9l\u00e9gance, l&rsquo;innovation et la qualit\u00e9, et transformez vos sessions chicha en exp\u00e9riences uniques et inoubliables. La Chicha Stenar par Chicha Tiime red\u00e9finit l&rsquo;art de fumer avec style et sophistication.<\/p>\n<p><img decoding=\"async\" src=\"https:\/\/www.chicha-tiime.fr\/wp-content\/uploads\/2023\/12\/PHOTO-2023-12-21-16-13-10.jpg\" \/><\/p>\n<\/div>\n<\/div>\n<\/div>\n<div class=\"mt-1 flex justify-start gap-3 empty:hidden\">\n<div class=\"text-gray-400 flex self-end lg:self-center justify-center lg:justify-start mt-0 gap-1 visible\">\n<p>&nbsp;<\/p>\n<div class=\"flex gap-1\"><\/div>\n<div class=\"flex items-center gap-1.5 text-xs\"><\/div>\n<\/div>\n<\/div>\n<\/div>\n<div class=\"absolute\">\n<div class=\"flex w-full gap-2 items-center justify-center\"><\/div>\n<\/div>\n<\/div>\n<\/div>\n<\/div>\n<\/div>\n<\/div>\n<\/div>\n<\/div>\n<\/div>\n<div class=\"w-full pt-2 md:pt-0 dark:border-white\/20 md:border-transparent md:dark:border-transparent md:w-[calc(100%-.5rem)]\">\n<form class=\"stretch mx-2 flex flex-row gap-3 last:mb-2 md:mx-4 md:last:mb-6 lg:mx-auto lg:max-w-2xl xl:max-w-3xl\">\n<div class=\"relative flex h-full flex-1 items-stretch md:flex-col\">\n<div class=\"flex w-full items-center\"><\/div>\n<\/div>\n<\/form>\n<\/div>\n","protected":false},"excerpt":{"rendered":"<ul>\n<li>Foyer thermique Quasar Raas 2<\/li>\n<li>Chicha Stenar Mini<\/li>\n<li>Sacoche Offerte<\/li>\n<\/ul>","protected":false},"featured_media":8756,"comment_status":"open","ping_status":"closed","template":"","meta":{"om_disable_all_campaigns":false,"_monsterinsights_skip_tracking":false,"_monsterinsights_sitenote_active":false,"_monsterinsights_sitenote_note":"","_monsterinsights_sitenote_category":0,"_uf_show_specific_survey":0,"_uf_disable_surveys":false},"product_brand":[],"product_cat":[346,341],"product_tag":[476,475],"class_list":{"0":"post-8755","1":"product","2":"type-product","3":"status-publish","4":"has-post-thumbnail","6":"product_cat-packs","7":"product_cat-soldes","8":"product_tag-quasar-raas-2","9":"product_tag-chicha-stenar","11":"first","12":"instock","13":"sale","14":"taxable","15":"shipping-taxable","16":"purchasable","17":"product-type-simple"},"aioseo_notices":[],"jetpack_sharing_enabled":true,"_links":{"self":[{"href":"https:\/\/www.chicha-tiime.fr\/en\/wp-json\/wp\/v2\/product\/8755","targetHints":{"allow":["GET"]}}],"collection":[{"href":"https:\/\/www.chicha-tiime.fr\/en\/wp-json\/wp\/v2\/product"}],"about":[{"href":"https:\/\/www.chicha-tiime.fr\/en\/wp-json\/wp\/v2\/types\/product"}],"replies":[{"embeddable":true,"href":"https:\/\/www.chicha-tiime.fr\/en\/wp-json\/wp\/v2\/comments?post=8755"}],"wp:featuredmedia":[{"embeddable":true,"href":"https:\/\/www.chicha-tiime.fr\/en\/wp-json\/wp\/v2\/media\/8756"}],"wp:attachment":[{"href":"https:\/\/www.chicha-tiime.fr\/en\/wp-json\/wp\/v2\/media?parent=8755"}],"wp:term":[{"taxonomy":"product_brand","embeddable":true,"href":"https:\/\/www.chicha-tiime.fr\/en\/wp-json\/wp\/v2\/product_brand?post=8755"},{"taxonomy":"product_cat","embeddable":true,"href":"https:\/\/www.chicha-tiime.fr\/en\/wp-json\/wp\/v2\/product_cat?post=8755"},{"taxonomy":"product_tag","embeddable":true,"href":"https:\/\/www.chicha-tiime.fr\/en\/wp-json\/wp\/v2\/product_tag?post=8755"}],"curies":[{"name":"wp","href":"https:\/\/api.w.org\/{rel}","templated":true}]}}