{"id":8749,"date":"2023-12-19T13:08:25","date_gmt":"2023-12-19T13:08:25","guid":{"rendered":"https:\/\/www.chicha-tiime.fr\/?post_type=product&#038;p=8749"},"modified":"2025-01-07T19:40:17","modified_gmt":"2025-01-07T19:40:17","slug":"ss23-dum","status":"publish","type":"product","link":"https:\/\/www.chicha-tiime.fr\/en\/product\/ss23-dum\/","title":{"rendered":"Pack Chicha Premium DUM SS23"},"content":{"rendered":"<h1>Un Pack d&rsquo;exception<\/h1>\n<p><a href=\"https:\/\/www.dumshop.be\/\"><strong>DUM<\/strong><\/a>, la marque originaire de Belgique, continue d\u2019\u00e9largir sa ligne de chicha SS avec un nouveau bijou : la DUM SS23 Ragnarok ! Comme toujours, DUM propose un narguil\u00e9 avec un design soign\u00e9, avec une chicha \u00e0 la colonne en acier inoxydable originale, comme sculpt\u00e9e avec ses d\u00e9tails pr\u00e9cis.<\/p>\n<p>La chicha est compl\u00e9t\u00e9e par un vase en verre robuste, ainsi qu\u2019une assiette en acier inoxydable, estampill\u00e9e du logo DUM. Sobre et efficace !<\/p>\n<p>C\u00f4t\u00e9 technique, DUM n\u2019a encore une fois pas fait les choses \u00e0 moiti\u00e9, et vous propose cette chicha livr\u00e9e avec des accessoires de qualit\u00e9, pour une exp\u00e9rience optimale. La\u00a0<strong><a href=\"https:\/\/www.chicha-tiime.fr\/en\/product\/dum-ss23-ragnarok-rainbow\/\">DUM SS23 Ragnarok<\/a>\u00a0<\/strong>dispose de tous les \u00e9quipements n\u00e9cessaires, qui en font une chicha pr\u00eate \u00e0 l\u2019emploi d\u00e8s que vous la recevez.<\/p>\n<p><strong>D\u00e9couvrez notre Pack chicha Ss23 :\u00a0<\/strong><\/p>\n<ul>\n<li>compose de la chicha<\/li>\n<li>d&rsquo;une plaque chauffante<\/li>\n<li>de charbon et Kit brohood<\/li>\n<li>tuyau silicone.<\/li>\n<li>D&rsquo;un manche compact<\/li>\n<\/ul>\n<h2 style=\"text-align: center;\">Le Pack chicha Ss23 offre la possibilit\u00e9 au gens pas organise de pouvoir passer une bonne soir\u00e9e sans avoir \u00e0 penser au reste.<\/h2>\n<p><img fetchpriority=\"high\" decoding=\"async\" class=\"aligncenter\" src=\"https:\/\/www.chicha-tiime.fr\/wp-content\/uploads\/2023\/12\/b6f8d727-881f-4184-9f4e-d121cec9828b.jpg\" width=\"495\" height=\"742\" \/><\/p>","protected":false},"excerpt":{"rendered":"<ul>\n<li>Plaque grille-pain tosta (800w)<\/li>\n<li>1 kg de charbon black coco<\/li>\n<li>Kit brohood tuyau silicone manche dum<\/li>\n<li>Chicha SS23 Dum<\/li>\n<\/ul>","protected":false},"featured_media":8740,"comment_status":"open","ping_status":"closed","template":"","meta":{"om_disable_all_campaigns":false,"_monsterinsights_skip_tracking":false,"_monsterinsights_sitenote_active":false,"_monsterinsights_sitenote_note":"","_monsterinsights_sitenote_category":0,"_uf_show_specific_survey":0,"_uf_disable_surveys":false},"product_brand":[],"product_cat":[346,515,341],"product_tag":[473,216,474],"class_list":{"0":"post-8749","1":"product","2":"type-product","3":"status-publish","4":"has-post-thumbnail","6":"product_cat-packs","7":"product_cat-pack-soldes","8":"product_cat-soldes","9":"product_tag-charbon-black-coco","10":"product_tag-dum","11":"product_tag-promo","13":"first","14":"instock","15":"sale","16":"taxable","17":"shipping-taxable","18":"purchasable","19":"product-type-simple"},"aioseo_notices":[],"jetpack_sharing_enabled":true,"_links":{"self":[{"href":"https:\/\/www.chicha-tiime.fr\/en\/wp-json\/wp\/v2\/product\/8749","targetHints":{"allow":["GET"]}}],"collection":[{"href":"https:\/\/www.chicha-tiime.fr\/en\/wp-json\/wp\/v2\/product"}],"about":[{"href":"https:\/\/www.chicha-tiime.fr\/en\/wp-json\/wp\/v2\/types\/product"}],"replies":[{"embeddable":true,"href":"https:\/\/www.chicha-tiime.fr\/en\/wp-json\/wp\/v2\/comments?post=8749"}],"wp:featuredmedia":[{"embeddable":true,"href":"https:\/\/www.chicha-tiime.fr\/en\/wp-json\/wp\/v2\/media\/8740"}],"wp:attachment":[{"href":"https:\/\/www.chicha-tiime.fr\/en\/wp-json\/wp\/v2\/media?parent=8749"}],"wp:term":[{"taxonomy":"product_brand","embeddable":true,"href":"https:\/\/www.chicha-tiime.fr\/en\/wp-json\/wp\/v2\/product_brand?post=8749"},{"taxonomy":"product_cat","embeddable":true,"href":"https:\/\/www.chicha-tiime.fr\/en\/wp-json\/wp\/v2\/product_cat?post=8749"},{"taxonomy":"product_tag","embeddable":true,"href":"https:\/\/www.chicha-tiime.fr\/en\/wp-json\/wp\/v2\/product_tag?post=8749"}],"curies":[{"name":"wp","href":"https:\/\/api.w.org\/{rel}","templated":true}]}}