{"id":8652,"date":"2023-12-10T15:42:58","date_gmt":"2023-12-10T15:42:58","guid":{"rendered":"https:\/\/www.chicha-tiime.fr\/?post_type=product&#038;p=8652"},"modified":"2024-08-13T13:19:42","modified_gmt":"2024-08-13T13:19:42","slug":"steamulation-mini-gen-ii","status":"publish","type":"product","link":"https:\/\/www.chicha-tiime.fr\/en\/product\/steamulation-mini-gen-ii\/","title":{"rendered":"Chicha STEAMULATION MINI GEN 2"},"content":{"rendered":"<section class=\"page-product-box\">\n<div class=\"rte\">\n<h1>Inspir\u00e9 par le succ\u00e8s du STEAMULATION PRO X MINI<\/h1>\n<p>La <a href=\"https:\/\/shisha-steamulation.de\/en\/\">Steamulation<\/a> MINI Gen II est une merveille de technologie et de design, offrant une exp\u00e9rience de fumage de chicha exceptionnelle dans un format compact. Avec une hauteur de 39 cm et un poids de 2,3 kg, ce mod\u00e8le est parfait pour une utilisation personnelle \u00e0 la maison, professionnelle pour les bars \u00e0 chicha ou en d\u00e9placement.<\/p>\n<ul>\n<li>Con\u00e7u en acier inoxydable V2A|V4A, ce mod\u00e8le garantit durabilit\u00e9 et r\u00e9sistance \u00e0 l&rsquo;usure.<\/li>\n<li>Le vase en cristal apporte une touche d&rsquo;\u00e9l\u00e9gance et de raffinement.<\/li>\n<li>Nouveau design avec des finitions et couleurs excitantes, m\u00ealant harmonieusement m\u00e9tal et verre.<\/li>\n<\/ul>\n<h2>Fonctionnalit\u00e9s Innovantes :<\/h2>\n<ul>\n<li>SteamClick 360\u00b0 : Syst\u00e8me de fermeture le plus rapide au monde, avec une base rotative pour une facilit\u00e9 d&rsquo;utilisation in\u00e9gal\u00e9e.<\/li>\n<li>Diffuseur int\u00e9gr\u00e9 ajustable : Permet de d\u00e9sactiver le diffuseur en tournant simplement la tige d&rsquo;immersion.<\/li>\n<li>Tige d&rsquo;Immersion R\u00e9glable : Ajustez la tige d&rsquo;immersion pour une adaptation parfaite \u00e0 chaque bol et niveau d&rsquo;eau.<\/li>\n<li>Airflow 2.0 : Optimisation du tirage pour une meilleure circulation de l&rsquo;air, surpassant son pr\u00e9d\u00e9cesseur.<\/li>\n<\/ul>\n<h2>Compatibilit\u00e9 et Personnalisation :<\/h2>\n<ul>\n<li>Compatible avec le Mini Bowl et une gamme d&rsquo;accessoires Steamulation, tels que le Contr\u00f4le de Refroidissement et le Diffuseur de Refroidissement.<\/li>\n<li>Plusieurs couleurs de bol disponibles pour personnaliser votre chicha selon vos pr\u00e9f\u00e9rences.<\/li>\n<li>Adaptateur de t\u00eate avec une prise optimis\u00e9e pour une utilisation facilit\u00e9e.<\/li>\n<\/ul>\n<h2>Exp\u00e9rience de Fumage Sup\u00e9rieure :<\/h2>\n<ul>\n<li>Le Steamulation MINI Gen. II offre un tirage incroyable et une manipulation simple, ce qui en fait un choix id\u00e9al pour les amateurs de chicha cherchant une exp\u00e9rience de qualit\u00e9 sup\u00e9rieure.<\/li>\n<\/ul>\n<p>Le Steamulation MINI Gen. II est donc la r\u00e9ponse parfaite pour ceux qui recherchent la qualit\u00e9 et l&rsquo;innovation du STEAMULATION PRO X MINI dans un mod\u00e8le plus r\u00e9cent et am\u00e9lior\u00e9, garantissant une exp\u00e9rience de fumage maximale dans un design compact et \u00e9l\u00e9gant.<\/p>\n<p>Recommandation : Utiliser le system de chauffe type <a href=\"https:\/\/www.chicha-tiime.fr\/en\/?s=System+de+chauffe++&amp;post_type=product&amp;dgwt_wcas=1\">Kaloud<\/a> ou <a href=\"https:\/\/www.chicha-tiime.fr\/en\/product\/quasar-raas\/\">Quasar<\/a>.<\/p>\n<p><img fetchpriority=\"high\" decoding=\"async\" class=\"alignright\" src=\"https:\/\/www.chicha-tiime.fr\/wp-content\/uploads\/2020\/10\/quasar-raas.jpg\" width=\"380\" height=\"380\" \/><\/p>\n<p><img decoding=\"async\" class=\"\" src=\"https:\/\/www.chicha-tiime.fr\/wp-content\/uploads\/2021\/05\/kaloud-samsaris-pour-lotus-ii-3.jpg\" width=\"401\" height=\"401\" \/><\/p>\n<\/div>\n<\/section>","protected":false},"excerpt":{"rendered":"<p>Chicha\u00a0Steamulation MINI Gen. II, acier inoxydable, vase en cristal, 39cm, Click 360\u00b0, ultra r\u00e9glable<\/p>","protected":false},"featured_media":8659,"comment_status":"open","ping_status":"closed","template":"","meta":{"om_disable_all_campaigns":false,"_monsterinsights_skip_tracking":false,"_monsterinsights_sitenote_active":false,"_monsterinsights_sitenote_note":"","_monsterinsights_sitenote_category":0,"_uf_show_specific_survey":0,"_uf_disable_surveys":false},"product_brand":[],"product_cat":[50,67],"product_tag":[361],"class_list":{"0":"post-8652","1":"product","2":"type-product","3":"status-publish","4":"has-post-thumbnail","6":"product_cat-chicha","7":"product_cat-chichas-traditionnelles","8":"product_tag-steamulation","9":"pa_couleurs-black-matt","10":"pa_couleurs-clear","11":"pa_couleurs-copper-metallic","12":"pa_couleurs-gold-matt-metallic","13":"pa_couleurs-rose-metallic","14":"pa_couleurs-silver-matt-metallic","15":"pa_couleurs-sky-blue-metallic","16":"pa_couleurs-white-matt","18":"first","19":"instock","20":"taxable","21":"shipping-taxable","22":"purchasable","23":"product-type-variable"},"aioseo_notices":[],"jetpack_sharing_enabled":true,"_links":{"self":[{"href":"https:\/\/www.chicha-tiime.fr\/en\/wp-json\/wp\/v2\/product\/8652","targetHints":{"allow":["GET"]}}],"collection":[{"href":"https:\/\/www.chicha-tiime.fr\/en\/wp-json\/wp\/v2\/product"}],"about":[{"href":"https:\/\/www.chicha-tiime.fr\/en\/wp-json\/wp\/v2\/types\/product"}],"replies":[{"embeddable":true,"href":"https:\/\/www.chicha-tiime.fr\/en\/wp-json\/wp\/v2\/comments?post=8652"}],"wp:featuredmedia":[{"embeddable":true,"href":"https:\/\/www.chicha-tiime.fr\/en\/wp-json\/wp\/v2\/media\/8659"}],"wp:attachment":[{"href":"https:\/\/www.chicha-tiime.fr\/en\/wp-json\/wp\/v2\/media?parent=8652"}],"wp:term":[{"taxonomy":"product_brand","embeddable":true,"href":"https:\/\/www.chicha-tiime.fr\/en\/wp-json\/wp\/v2\/product_brand?post=8652"},{"taxonomy":"product_cat","embeddable":true,"href":"https:\/\/www.chicha-tiime.fr\/en\/wp-json\/wp\/v2\/product_cat?post=8652"},{"taxonomy":"product_tag","embeddable":true,"href":"https:\/\/www.chicha-tiime.fr\/en\/wp-json\/wp\/v2\/product_tag?post=8652"}],"curies":[{"name":"wp","href":"https:\/\/api.w.org\/{rel}","templated":true}]}}