{"id":8612,"date":"2023-11-24T18:31:50","date_gmt":"2023-11-24T18:31:50","guid":{"rendered":"https:\/\/www.chicha-tiime.fr\/?post_type=product&#038;p=8612"},"modified":"2025-02-12T11:03:34","modified_gmt":"2025-02-12T11:03:34","slug":"chicha-h28-tripod-h2","status":"publish","type":"product","link":"https:\/\/www.chicha-tiime.fr\/en\/product\/chicha-h28-tripod-h2\/","title":{"rendered":"CHICHA H28 TRIPOD &#8211; H2"},"content":{"rendered":"<h1>D\u00e9couvrez la chicha Tripod H28 de la marque H2<\/h1>\n<p>Un chef-d\u2019\u0153uvre d\u2019ing\u00e9nierie con\u00e7u avec pr\u00e9cision en acier inoxydable et en verre. Avec une longueur d\u2019environ 36 cm (sans compter le foyer), cette chicha est \u00e0 la fois \u00e9l\u00e9gante et performante, offrant une exp\u00e9rience de fum\u00e9e incomparable.<\/p>\n<h2><strong>Design \u00c9l\u00e9gant et Robuste :<\/strong><\/h2>\n<p>Fabriqu\u00e9e en acier inoxydable de haute qualit\u00e9 et en verre r\u00e9sistant, la Chicha Tripod H28 est non seulement \u00e9l\u00e9gante mais aussi incroyablement durable. Son design \u00e9pur\u00e9 et moderne en fait un v\u00e9ritable objet de convoitise pour les amateurs de chicha.<\/p>\n<h2><strong>Vari\u00e9t\u00e9 de Couleurs :<\/strong><\/h2>\n<p>Exprimez votre style avec notre gamme de 7 couleurs diff\u00e9rentes, allant des tons classiques aux teintes vibrantes. Peu importe votre pr\u00e9f\u00e9rence, vous trouverez s\u00fbrement la couleur qui correspond \u00e0 votre personnalit\u00e9.<\/p>\n<h2><strong>Caract\u00e9ristiques Exceptionnelles :<\/strong><\/h2>\n<p>La Tripod H28 est \u00e9quip\u00e9e d\u2019un connecteur tuyau, d\u2019un manche en aluminium et d\u2019un tuyau en silicone Soft-touch pour une prise en main confortable. Son foyer traditionnel en terre cuite assure une r\u00e9partition uniforme de la chaleur, garantissant ainsi une session de chicha parfaite \u00e0 chaque fois. De plus, la fonction de purge vers le haut simplifie le processus de nettoyage et am\u00e9liore la qualit\u00e9 de la fum\u00e9e.<\/p>\n<h2>Fournis avec :<\/h2>\n<ul>\n<li>Foyer Brohood H2<\/li>\n<li>Manche Type Marrakech assortie avec la chicha<\/li>\n<li>Pince<\/li>\n<li>\u00a0joint<\/li>\n<\/ul>\n<h3>Recommandation :<\/h3>\n<p>Nous sugg\u00e9rons d&rsquo;utiliser un system de chauffe de type <a href=\"https:\/\/www.chicha-tiime.fr\/en\/product-category\/foyer\/foyer-kaloud\/\">kaloud<\/a> ou <a href=\"https:\/\/www.chicha-tiime.fr\/en\/product-category\/foyer\/foyer-brohood\/\">brohood<\/a> de la marque <a href=\"https:\/\/dumshop.fr\/\">DUM<\/a> afin d&rsquo;avoir une session optimal et efficace.<\/p>\n<p><img fetchpriority=\"high\" decoding=\"async\" class=\"\" src=\"https:\/\/www.chicha-tiime.fr\/wp-content\/uploads\/2021\/11\/FULL-HEATER-BK-1.jpg\" width=\"395\" height=\"395\" \/><img decoding=\"async\" class=\"\" src=\"https:\/\/www.chicha-tiime.fr\/wp-content\/uploads\/2021\/08\/DreamCase-SV-200x200.jpg\" alt=\"Image du produit\" width=\"359\" height=\"359\" \/><\/p>","protected":false},"excerpt":{"rendered":"<h1>Tripod H28 de H2 : L\u2019\u00c9l\u00e9gance \u00e0 l\u2019\u00c9tat Pur<\/h1>\n<h2>Fournis avec :<\/h2>\n<ul>\n<li>Foyer Brohood H2<\/li>\n<li>Manche Type Marrakech assortie avec la chicha<\/li>\n<li>Pince<\/li>\n<li>\u00a0joint<\/li>\n<\/ul>","protected":false},"featured_media":8613,"comment_status":"open","ping_status":"closed","template":"","meta":{"om_disable_all_campaigns":false,"_monsterinsights_skip_tracking":false,"_monsterinsights_sitenote_active":false,"_monsterinsights_sitenote_note":"","_monsterinsights_sitenote_category":0,"_uf_show_specific_survey":0,"_uf_disable_surveys":false},"product_brand":[],"product_cat":[507,50,68,283,457,341],"product_tag":[216,356],"class_list":{"0":"post-8612","1":"product","2":"type-product","3":"status-publish","4":"has-post-thumbnail","6":"product_cat-chicha-promo","7":"product_cat-chicha","8":"product_cat-chichas-classiques","9":"product_cat-chichas-premier-prix","10":"product_cat-halloween","11":"product_cat-soldes","12":"product_tag-dum","13":"product_tag-h2","14":"pa_couleurs-black","15":"pa_couleurs-blue","16":"pa_couleurs-gold","17":"pa_couleurs-green","18":"pa_couleurs-pink","19":"pa_couleurs-red","20":"pa_couleurs-silver","22":"first","23":"instock","24":"taxable","25":"shipping-taxable","26":"purchasable","27":"product-type-variable"},"aioseo_notices":[],"jetpack_sharing_enabled":true,"_links":{"self":[{"href":"https:\/\/www.chicha-tiime.fr\/en\/wp-json\/wp\/v2\/product\/8612","targetHints":{"allow":["GET"]}}],"collection":[{"href":"https:\/\/www.chicha-tiime.fr\/en\/wp-json\/wp\/v2\/product"}],"about":[{"href":"https:\/\/www.chicha-tiime.fr\/en\/wp-json\/wp\/v2\/types\/product"}],"replies":[{"embeddable":true,"href":"https:\/\/www.chicha-tiime.fr\/en\/wp-json\/wp\/v2\/comments?post=8612"}],"wp:featuredmedia":[{"embeddable":true,"href":"https:\/\/www.chicha-tiime.fr\/en\/wp-json\/wp\/v2\/media\/8613"}],"wp:attachment":[{"href":"https:\/\/www.chicha-tiime.fr\/en\/wp-json\/wp\/v2\/media?parent=8612"}],"wp:term":[{"taxonomy":"product_brand","embeddable":true,"href":"https:\/\/www.chicha-tiime.fr\/en\/wp-json\/wp\/v2\/product_brand?post=8612"},{"taxonomy":"product_cat","embeddable":true,"href":"https:\/\/www.chicha-tiime.fr\/en\/wp-json\/wp\/v2\/product_cat?post=8612"},{"taxonomy":"product_tag","embeddable":true,"href":"https:\/\/www.chicha-tiime.fr\/en\/wp-json\/wp\/v2\/product_tag?post=8612"}],"curies":[{"name":"wp","href":"https:\/\/api.w.org\/{rel}","templated":true}]}}