{"id":8276,"date":"2023-10-17T13:01:19","date_gmt":"2023-10-17T13:01:19","guid":{"rendered":"https:\/\/www.chicha-tiime.fr\/?post_type=product&#038;p=8276"},"modified":"2025-02-12T11:04:26","modified_gmt":"2025-02-12T11:04:26","slug":"pack-chicha-mini","status":"publish","type":"product","link":"https:\/\/www.chicha-tiime.fr\/en\/product\/pack-chicha-mini\/","title":{"rendered":"Pack chicha mini Mya"},"content":{"rendered":"<p>La chicha MINI MYA n&rsquo;est plus \u00e0 pr\u00e9senter, reconnue par les professionnels comme par les amateurs, cette petite chicha de 21cm saura vous s\u00e9duire tant par ses performances dignes des narguil\u00e9s de renom que par son transport sans encombre d\u00fb a son format compact.<\/p>\n<p>Chicha Tiime re invente l&rsquo;exp\u00e9rience de la chicha avec la cr\u00e9ation du Pack chicha mini Mya, un pack parfait pour les sortis sans trop s&rsquo;encombrer.<\/p>\n<p>Ce pack contient :<\/p>\n<ul>\n<li>Une chicha mini<\/li>\n<li>Paquet d&rsquo;aluminium (100 feuilles)<\/li>\n<li>Tuyau Marrackech<\/li>\n<li>Foyer t\u00eate plate<\/li>\n<li>Paquet de charbon (three king) 10 rouleuax<\/li>\n<\/ul>","protected":false},"excerpt":{"rendered":"<p>La chicha MINI MYA n&rsquo;est plus \u00e0 pr\u00e9senter, reconnue par les professionnels comme par les amateurs, cette petite chicha de&#8230;<\/p>","protected":false},"featured_media":8277,"comment_status":"open","ping_status":"closed","template":"","meta":{"om_disable_all_campaigns":false,"_monsterinsights_skip_tracking":false,"_monsterinsights_sitenote_active":false,"_monsterinsights_sitenote_note":"","_monsterinsights_sitenote_category":0,"_uf_show_specific_survey":0,"_uf_disable_surveys":false},"product_brand":[],"product_cat":[50,346],"product_tag":[231],"class_list":{"0":"post-8276","1":"product","2":"type-product","3":"status-publish","4":"has-post-thumbnail","6":"product_cat-chicha","7":"product_cat-packs","8":"product_tag-three-kings","10":"first","11":"instock","12":"sale","13":"taxable","14":"shipping-taxable","15":"purchasable","16":"product-type-variable"},"aioseo_notices":[],"jetpack_sharing_enabled":true,"_links":{"self":[{"href":"https:\/\/www.chicha-tiime.fr\/en\/wp-json\/wp\/v2\/product\/8276","targetHints":{"allow":["GET"]}}],"collection":[{"href":"https:\/\/www.chicha-tiime.fr\/en\/wp-json\/wp\/v2\/product"}],"about":[{"href":"https:\/\/www.chicha-tiime.fr\/en\/wp-json\/wp\/v2\/types\/product"}],"replies":[{"embeddable":true,"href":"https:\/\/www.chicha-tiime.fr\/en\/wp-json\/wp\/v2\/comments?post=8276"}],"wp:featuredmedia":[{"embeddable":true,"href":"https:\/\/www.chicha-tiime.fr\/en\/wp-json\/wp\/v2\/media\/8277"}],"wp:attachment":[{"href":"https:\/\/www.chicha-tiime.fr\/en\/wp-json\/wp\/v2\/media?parent=8276"}],"wp:term":[{"taxonomy":"product_brand","embeddable":true,"href":"https:\/\/www.chicha-tiime.fr\/en\/wp-json\/wp\/v2\/product_brand?post=8276"},{"taxonomy":"product_cat","embeddable":true,"href":"https:\/\/www.chicha-tiime.fr\/en\/wp-json\/wp\/v2\/product_cat?post=8276"},{"taxonomy":"product_tag","embeddable":true,"href":"https:\/\/www.chicha-tiime.fr\/en\/wp-json\/wp\/v2\/product_tag?post=8276"}],"curies":[{"name":"wp","href":"https:\/\/api.w.org\/{rel}","templated":true}]}}