{"id":7724,"date":"2023-06-27T21:38:03","date_gmt":"2023-06-27T21:38:03","guid":{"rendered":"https:\/\/www.chicha-tiime.fr\/?post_type=product&#038;p=7724"},"modified":"2024-11-19T11:31:25","modified_gmt":"2024-11-19T11:31:25","slug":"flexible-silicone-striped","status":"publish","type":"product","link":"https:\/\/www.chicha-tiime.fr\/en\/product\/flexible-silicone-striped\/","title":{"rendered":"FLEXIBLE SILICONE STRIPED"},"content":{"rendered":"<div class=\"flex-1 overflow-hidden\">\n<div class=\"react-scroll-to-bottom--css-bfedk-79elbk h-full\">\n<div class=\"react-scroll-to-bottom--css-bfedk-1n7m0yu\">\n<div class=\"flex flex-col pb-9 text-sm\">\n<div class=\"w-full text-token-text-primary\" data-testid=\"conversation-turn-73\">\n<div class=\"px-4 py-2 justify-center text-base md:gap-6 m-auto\">\n<div class=\"flex flex-1 text-base mx-auto gap-3 md:px-5 lg:px-1 xl:px-5 md:max-w-3xl lg:max-w-[40rem] xl:max-w-[48rem] group final-completion\">\n<div class=\"relative flex w-full flex-col lg:w-[calc(100%-115px)] agent-turn\">\n<div class=\"flex-col gap-1 md:gap-3\">\n<div class=\"flex flex-grow flex-col max-w-full\">\n<div class=\"min-h-[20px] text-message flex flex-col items-start gap-3 whitespace-pre-wrap break-words [.text-message+&amp;]:mt-5 overflow-x-auto\" data-message-author-role=\"assistant\" data-message-id=\"dd9cd5ce-9cc3-405c-9c36-a7ed771b16d1\">\n<div class=\"markdown prose w-full break-words dark:prose-invert dark\">\n<h1>\u00c0 la recherche du tuyau id\u00e9al pour sublimer vos sessions chicha ?<\/h1>\n<h2>Optez pour le Flexible Silicone Soft Touch, une fusion parfaite de qualit\u00e9, de personnalisation et d&rsquo;accessibilit\u00e9.<\/h2>\n<p>Ce tuyau en <strong>silicone 100%<\/strong> offre une <strong>exp\u00e9rience Soft Touch in\u00e9gal\u00e9e<\/strong>, avec un diam\u00e8tre standard compatible avec tous les narguil\u00e9s. Disponible dans une palette de coloris vari\u00e9s, ce flexible ajoute une touche de personnalit\u00e9 \u00e0 vos sessions, le tout \u00e0 un petit prix.<\/p>\n<p>Sa composition en silicone de haute qualit\u00e9 garantit une r\u00e9sistance exceptionnelle, assurant des sessions chicha durables. Le nettoyage est un jeu d&rsquo;enfant avec de l&rsquo;eau chaude et \u00e9ventuellement un peu de liquide vaisselle, laissant votre tuyau pr\u00eat pour de nouvelles aventures chicha.<\/p>\n<p>Ce tuyau est vendu sans manche, vous offrant la libert\u00e9 de personnaliser votre exp\u00e9rience. Choisissez parmi des <strong>manches en verre, aluminium<\/strong>, carbone, ou tout autre mat\u00e9riau qui stimule votre passion pour la chicha. Notez que vous pourriez recevoir un tuyau <a href=\"https:\/\/dumshop.fr\/\">DUM<\/a> ou Tsar en fonction des arrivages, attestant de notre engagement envers la qualit\u00e9.<\/p>\n<p>Optez pour le <strong>Flexible Silicone Soft Touch<\/strong> pour une personnalisation totale de vos sessions chicha, alliant <strong>modernit\u00e9, qualit\u00e9 et facilit\u00e9<\/strong> d&rsquo;entretien. Une exp\u00e9rience qui r\u00e9pond \u00e0 tous les crit\u00e8res des amateurs avertis en qu\u00eate de polyvalence et de style dans chaque bouff\u00e9e.<\/p>\n<\/div>\n<\/div>\n<\/div>\n<div class=\"mt-1 flex justify-start gap-3 empty:hidden\">\n<div class=\"text-gray-400 flex self-end lg:self-center justify-center lg:justify-start mt-0 gap-1 visible\">\n<div class=\"flex gap-1\">Les flexibles softs touch son adaptable a plusieurs sorte de manche.<\/div>\n<div>Nous vous laissons d\u00e9couvrir nos diff\u00e9rents manche ci dessous:<\/div>\n<ul>\n<li><a href=\"https:\/\/www.chicha-tiime.fr\/product\/4693\/\">MANCHE EL BADIA &#8211; Chicha Tiime (chicha-tiime.fr)<\/a><\/li>\n<li><a href=\"https:\/\/www.chicha-tiime.fr\/product\/manche-slim-dum\/\">MANCHE SLIM DUM &#8211; Chicha Tiime (chicha-tiime.fr)<\/a><\/li>\n<li><a href=\"https:\/\/www.chicha-tiime.fr\/product\/manche-ice-glace\/\">MANCHE ICE GLACE &#8211; Chicha Tiime (chicha-tiime.fr)<\/a><\/li>\n<li><a href=\"https:\/\/www.chicha-tiime.fr\/product\/manche-dum-t-max\/\">MANCHE DUM T MAX &#8211; Chicha Tiime (chicha-tiime.fr)<\/a><\/li>\n<li>et bien d&rsquo;autre encore a d\u00e9couvrir.<\/li>\n<\/ul>\n<div class=\"flex items-center gap-1.5 text-xs\"><\/div>\n<\/div>\n<\/div>\n<\/div>\n<div class=\"absolute\">\n<div class=\"flex w-full gap-2 items-center justify-center\"><\/div>\n<\/div>\n<\/div>\n<\/div>\n<\/div>\n<\/div>\n<\/div>\n<\/div>\n<\/div>\n<\/div>\n<div class=\"w-full pt-2 md:pt-0 dark:border-white\/20 md:border-transparent md:dark:border-transparent md:w-[calc(100%-.5rem)]\">\n<form class=\"stretch mx-2 flex flex-row gap-3 last:mb-2 md:mx-4 md:last:mb-6 lg:mx-auto lg:max-w-2xl xl:max-w-3xl\">\n<div class=\"relative flex h-full flex-1 items-stretch md:flex-col\">\n<div class=\"flex w-full items-center\"><\/div>\n<\/div>\n<\/form>\n<\/div>\n","protected":false},"excerpt":{"rendered":"<p>Flexible silicone STRIPED pour tuyau de chicha, souple, longueur 150cm. Vendu seul.<\/p>","protected":false},"featured_media":7725,"comment_status":"open","ping_status":"closed","template":"","meta":{"om_disable_all_campaigns":false,"_monsterinsights_skip_tracking":false,"_monsterinsights_sitenote_active":false,"_monsterinsights_sitenote_note":"","_monsterinsights_sitenote_category":0,"_uf_show_specific_survey":0,"_uf_disable_surveys":false},"product_brand":[],"product_cat":[509,513,341,335],"product_tag":[217],"class_list":{"0":"post-7724","1":"product","2":"type-product","3":"status-publish","4":"has-post-thumbnail","6":"product_cat-accessoires-promo","7":"product_cat-manches-promo","8":"product_cat-soldes","9":"product_cat-tuyaux-tuyaux","10":"product_tag-el-badia","11":"pa_couleurs-black-blue","12":"pa_couleurs-black-gold-2","13":"pa_couleurs-black-red","14":"pa_couleurs-black-silver","15":"pa_couleurs-silver-black","16":"pa_couleurs-silver-blue","17":"pa_couleurs-silver-gold","18":"pa_couleurs-silver-green","19":"pa_couleurs-silver-pink","20":"pa_couleurs-silver-white","21":"pa_couleurs-white-blakc","22":"pa_couleurs-white-blue","23":"pa_couleurs-white-gold","24":"pa_couleurs-white-green","25":"pa_couleurs-white-pink","26":"pa_couleurs-white-red","28":"first","29":"instock","30":"sale","31":"taxable","32":"shipping-taxable","33":"purchasable","34":"product-type-variable"},"aioseo_notices":[],"jetpack_sharing_enabled":true,"_links":{"self":[{"href":"https:\/\/www.chicha-tiime.fr\/en\/wp-json\/wp\/v2\/product\/7724","targetHints":{"allow":["GET"]}}],"collection":[{"href":"https:\/\/www.chicha-tiime.fr\/en\/wp-json\/wp\/v2\/product"}],"about":[{"href":"https:\/\/www.chicha-tiime.fr\/en\/wp-json\/wp\/v2\/types\/product"}],"replies":[{"embeddable":true,"href":"https:\/\/www.chicha-tiime.fr\/en\/wp-json\/wp\/v2\/comments?post=7724"}],"wp:featuredmedia":[{"embeddable":true,"href":"https:\/\/www.chicha-tiime.fr\/en\/wp-json\/wp\/v2\/media\/7725"}],"wp:attachment":[{"href":"https:\/\/www.chicha-tiime.fr\/en\/wp-json\/wp\/v2\/media?parent=7724"}],"wp:term":[{"taxonomy":"product_brand","embeddable":true,"href":"https:\/\/www.chicha-tiime.fr\/en\/wp-json\/wp\/v2\/product_brand?post=7724"},{"taxonomy":"product_cat","embeddable":true,"href":"https:\/\/www.chicha-tiime.fr\/en\/wp-json\/wp\/v2\/product_cat?post=7724"},{"taxonomy":"product_tag","embeddable":true,"href":"https:\/\/www.chicha-tiime.fr\/en\/wp-json\/wp\/v2\/product_tag?post=7724"}],"curies":[{"name":"wp","href":"https:\/\/api.w.org\/{rel}","templated":true}]}}