{"id":7606,"date":"2023-04-30T20:31:38","date_gmt":"2023-04-30T20:31:38","guid":{"rendered":"https:\/\/www.chicha-tiime.fr\/?post_type=product&#038;p=7606"},"modified":"2024-08-13T13:19:45","modified_gmt":"2024-08-13T13:19:45","slug":"chicha-ovo-mini-dope-360","status":"publish","type":"product","link":"https:\/\/www.chicha-tiime.fr\/en\/product\/chicha-ovo-mini-dope-360\/","title":{"rendered":"CHICHA OVO MINI DOPE 360"},"content":{"rendered":"<section class=\"page-product-box\">\n<div class=\"rte\">\n<p>D\u00e9couvrez maintenant la version compacte de la chicha OVO DOPE 360 V2 Neo : la Chicha OVO MINI DOPE 360 V2 Neo, mesurant seulement 38cm, elle est id\u00e9ale pour ceux qui recherchent une chicha compacte au style urbain.<\/p>\n<div class=\"flex flex-grow flex-col gap-3\">\n<div class=\"min-h-[20px] flex flex-col items-start gap-4 whitespace-pre-wrap\">\n<div class=\"markdown prose w-full break-words dark:prose-invert light\">\n<p>Cette chicha est le fruit de l&rsquo;expertise technique de la marque OVO SHISHA, connue pour sa cr\u00e9ativit\u00e9 et son innovation. Inspir\u00e9e de l&rsquo;univers du Rap US et de la NBA, la OVO DOPE 360 V2 Neo se distingue par sa purge dissimul\u00e9e autour de la colonne qui fait jaillir la fum\u00e9e tout autour de la chicha \u00e0 travers ses imposants conduits d&rsquo;o\u221a\u03c0 de larges billes color\u00e9es remontent.<\/p>\n<p>Le mod\u00e8le OVO MINI DOPE 360 V2 Neo conserve les caract\u00e9ristiques esth\u00e9tiques qui font la renomm\u00e9e de la marque. Le contraste entre la couleur des billes et la couleur de la colonne apporte une personnalit\u00e9 tr\u00e8s particuli\u00e8re \u00e0 chaque mod\u00e8le. De plus, sa taille compacte permet une facilit\u00e9 de transport et de rangement.<\/p>\n<p>Fabriqu\u00e9e en aluminium et acier inoxydable, la Chicha OVO MINI DOPE 360 V2 Neo est fournie avec un tuyau en silicone et manche, ainsi qu&rsquo;une tige d&rsquo;immersion avec diffuseur en inox. Vous avez le choix entre un vase NEO MINI noir ou transparent pour compl\u00e9ter votre exp\u00e9rience de fumage.<\/p>\n<p>Offrez-vous d\u00e8s maintenant la Chicha OVO MINI DOPE 360 V2 Neo pour profiter d&rsquo;une exp\u00e9rience de fumage unique au style urbain par excellence !<\/p>\n<\/div>\n<\/div>\n<\/div>\n<\/div>\n<\/section>\n","protected":false},"excerpt":{"rendered":"<p>Chicha OVO MINI DOPE 360 V2 Neo, la chicha compacte au style urbain par excellence !<\/p>","protected":false},"featured_media":7617,"comment_status":"open","ping_status":"closed","template":"","meta":{"om_disable_all_campaigns":false,"_monsterinsights_skip_tracking":false,"_monsterinsights_sitenote_active":false,"_monsterinsights_sitenote_note":"","_monsterinsights_sitenote_category":0,"_uf_show_specific_survey":0,"_uf_disable_surveys":false},"product_brand":[],"product_cat":[50,67],"product_tag":[380],"class_list":{"0":"post-7606","1":"product","2":"type-product","3":"status-publish","4":"has-post-thumbnail","6":"product_cat-chicha","7":"product_cat-chichas-traditionnelles","8":"product_tag-ovo","9":"pa_couleurs-asap-yellow-clear","10":"pa_couleurs-lemon-jack-black","11":"pa_couleurs-m-jardn-black","12":"pa_couleurs-notorious-red-black","13":"pa_couleurs-notorious-red-clear","14":"pa_couleurs-prince-of-blue-air","15":"pa_couleurs-purple-black","16":"pa_couleurs-shq-white-black","18":"first","19":"instock","20":"taxable","21":"shipping-taxable","22":"purchasable","23":"product-type-variable"},"aioseo_notices":[],"jetpack_sharing_enabled":true,"_links":{"self":[{"href":"https:\/\/www.chicha-tiime.fr\/en\/wp-json\/wp\/v2\/product\/7606","targetHints":{"allow":["GET"]}}],"collection":[{"href":"https:\/\/www.chicha-tiime.fr\/en\/wp-json\/wp\/v2\/product"}],"about":[{"href":"https:\/\/www.chicha-tiime.fr\/en\/wp-json\/wp\/v2\/types\/product"}],"replies":[{"embeddable":true,"href":"https:\/\/www.chicha-tiime.fr\/en\/wp-json\/wp\/v2\/comments?post=7606"}],"wp:featuredmedia":[{"embeddable":true,"href":"https:\/\/www.chicha-tiime.fr\/en\/wp-json\/wp\/v2\/media\/7617"}],"wp:attachment":[{"href":"https:\/\/www.chicha-tiime.fr\/en\/wp-json\/wp\/v2\/media?parent=7606"}],"wp:term":[{"taxonomy":"product_brand","embeddable":true,"href":"https:\/\/www.chicha-tiime.fr\/en\/wp-json\/wp\/v2\/product_brand?post=7606"},{"taxonomy":"product_cat","embeddable":true,"href":"https:\/\/www.chicha-tiime.fr\/en\/wp-json\/wp\/v2\/product_cat?post=7606"},{"taxonomy":"product_tag","embeddable":true,"href":"https:\/\/www.chicha-tiime.fr\/en\/wp-json\/wp\/v2\/product_tag?post=7606"}],"curies":[{"name":"wp","href":"https:\/\/api.w.org\/{rel}","templated":true}]}}