{"id":7503,"date":"2023-03-18T13:37:00","date_gmt":"2023-03-18T13:37:00","guid":{"rendered":"https:\/\/www.chicha-tiime.fr\/?post_type=product&#038;p=7503"},"modified":"2025-02-12T11:05:54","modified_gmt":"2025-02-12T11:05:54","slug":"chicha-tsar-gofast","status":"publish","type":"product","link":"https:\/\/www.chicha-tiime.fr\/en\/product\/chicha-tsar-gofast\/","title":{"rendered":"Chicha Tsar GoFast id\u00e9al pour Voyage"},"content":{"rendered":"<h1><strong>D\u00e9couvrez la Chicha Tsar Go Fast : Le Narguil\u00e9 de Poche au Design Exceptionnel<\/strong><\/h1>\n<p>Le monde de la chicha \u00e9volue sans cesse, et la marque fran\u00e7aise<a href=\"https:\/\/www.mistersmoke.com\/product-brands\/tsar\/\"> Tsar<\/a> ne cesse de nous impressionner avec son tout dernier mod\u00e8le, la Tsar Go Fast. Parfait compagnon des fumeurs nomades, ce narguil\u00e9 de poche se d\u00e9marque par son design unique et sa praticit\u00e9 exceptionnelle.<\/p>\n<h2><strong>Design Innovant :<\/strong><\/h2>\n<p>La Tsar Go Fast arbore un look hors du commun avec sa base en forme de bo\u00eete, rompant avec les chichas conventionnelles. Le vase en verre, orn\u00e9 du logo Tsar et \u00e9quip\u00e9 de 4 patins antid\u00e9rapants, offre non seulement une esth\u00e9tique \u00e9l\u00e9gante, mais garantit \u00e9galement une stabilit\u00e9 optimale sur toutes les surfaces. La colonne en aluminium de haute qualit\u00e9 pr\u00e9sente une caract\u00e9ristique distinctive avec 4 petites ailettes dissimul\u00e9es, permettant une purge facile et une extraction fluide de la fum\u00e9e.<\/p>\n<h2><strong>Compacte mais Compl\u00e8te :<\/strong><\/h2>\n<p>Malgr\u00e9 sa hauteur de seulement 17,5 cm, la Tsar Go Fast est vendue enti\u00e8rement \u00e9quip\u00e9e. Le pack comprend un tuyau \u00ab\u00a0soft touch\u00a0\u00bb avec un manche en aluminium XL, offrant une exp\u00e9rience de fum\u00e9e agr\u00e9able. Le foyer clips polyvalent, caract\u00e9ristique des mod\u00e8les Tsar, assure une combustion optimale. La g\u00e9n\u00e9rosit\u00e9 de Tsar se manifeste \u00e9galement avec l&rsquo;inclusion du c\u00e9l\u00e8bre Tsar Booster v2, un syst\u00e8me de chauffe r\u00e9volutionnaire.<\/p>\n<h2><strong>Mallette de Transport Pratique :<\/strong><\/h2>\n<p>Le point culminant de cet ensemble exceptionnel est la mallette de transport de 36 cm de large. Con\u00e7ue sur mesure pour prot\u00e9ger la chicha et tous ses accessoires, cette mallette est essentielle pour les fumeurs de chicha toujours en d\u00e9placement. Les emplacements sp\u00e9cifiques \u00e0 l&rsquo;int\u00e9rieur de la valise garantissent que chaque composant reste en place, offrant une protection maximale gr\u00e2ce \u00e0 sa conception r\u00e9sistante qui absorbe les chocs.<\/p>\n<p>En r\u00e9sum\u00e9, la Tsar Go Fast est bien plus qu&rsquo;une chicha de poche, c&rsquo;est un chef-d&rsquo;\u0153uvre de design et de praticit\u00e9. D\u00e9couvrez une nouvelle fa\u00e7on de vivre vos sessions chicha avec cette cr\u00e9ation unique de Tsar, le compagnon id\u00e9al pour vos voyage.<\/p>\n<p>Recommandation : Il est primordiale de vous munir d&rsquo;un allume charbon compact tel que la <a href=\"https:\/\/www.chicha-tiime.fr\/en\/product\/plaque-dum-500w\/\">mini plaque 500W<\/a> de chicha Tiime<\/p>\n<p><img fetchpriority=\"high\" decoding=\"async\" class=\"alignnone\" src=\"https:\/\/www.chicha-tiime.fr\/wp-content\/uploads\/2021\/09\/001_8ec84c1a-380b-478e-830a-7e65ace2c9af_1024x1024@2x.jpg\" alt=\"\" width=\"2000\" height=\"2000\" \/><\/p>\n<p><img decoding=\"async\" class=\"\" src=\"https:\/\/www.mistersmoke.com\/wp-content\/uploads\/2023\/03\/schema_go_fast-600x600.webp\" width=\"561\" height=\"561\" \/><\/p>\n<h5 class=\"products_attributes_h5\"><strong class=\"products_attributes_strong\">Poids<\/strong><\/h5>\n<p>2610 g<\/p>\n<h5 class=\"products_attributes_h5\"><strong class=\"products_attributes_strong\">Marque<\/strong><\/h5>\n<p>Tsar<\/p>\n<h5 class=\"products_attributes_h5\"><strong class=\"products_attributes_strong\">Mati\u00e8re<\/strong><\/h5>\n<p>Aluminium, Verre<\/p>\n<h5 class=\"products_attributes_h5\"><strong class=\"products_attributes_strong\">Conditionnement<\/strong><\/h5>\n<p>Chicha compl\u00e8te<\/p>\n<h5 class=\"products_attributes_h5\"><strong class=\"products_attributes_strong\">Mod\u00e8le<\/strong><\/h5>\n<p>Blue, Green, Light blue, Purple, Red, Black, Gold, Orange, Pink, Silver<\/p>\n<div id=\"text-2141158309\" class=\"text\"><\/div>","protected":false},"excerpt":{"rendered":"<p>Chicha portable design livr\u00e9e avec sa mallette.<\/p>","protected":false},"featured_media":7504,"comment_status":"open","ping_status":"closed","template":"","meta":{"om_disable_all_campaigns":false,"_monsterinsights_skip_tracking":false,"_monsterinsights_sitenote_active":false,"_monsterinsights_sitenote_note":"","_monsterinsights_sitenote_category":0,"_uf_show_specific_survey":0,"_uf_disable_surveys":false},"product_brand":[],"product_cat":[50,68,341],"product_tag":[234],"class_list":{"0":"post-7503","1":"product","2":"type-product","3":"status-publish","4":"has-post-thumbnail","6":"product_cat-chicha","7":"product_cat-chichas-classiques","8":"product_cat-soldes","9":"product_tag-tsar","10":"pa_couleurs-black","11":"pa_couleurs-blue","12":"pa_couleurs-gold","13":"pa_couleurs-green","14":"pa_couleurs-orange-mecanique","15":"pa_couleurs-pink","16":"pa_couleurs-purple","17":"pa_couleurs-silver","18":"pa_couleurs-sky-blue","20":"first","21":"instock","22":"sale","23":"taxable","24":"shipping-taxable","25":"purchasable","26":"product-type-variable"},"aioseo_notices":[],"jetpack_sharing_enabled":true,"_links":{"self":[{"href":"https:\/\/www.chicha-tiime.fr\/en\/wp-json\/wp\/v2\/product\/7503","targetHints":{"allow":["GET"]}}],"collection":[{"href":"https:\/\/www.chicha-tiime.fr\/en\/wp-json\/wp\/v2\/product"}],"about":[{"href":"https:\/\/www.chicha-tiime.fr\/en\/wp-json\/wp\/v2\/types\/product"}],"replies":[{"embeddable":true,"href":"https:\/\/www.chicha-tiime.fr\/en\/wp-json\/wp\/v2\/comments?post=7503"}],"wp:featuredmedia":[{"embeddable":true,"href":"https:\/\/www.chicha-tiime.fr\/en\/wp-json\/wp\/v2\/media\/7504"}],"wp:attachment":[{"href":"https:\/\/www.chicha-tiime.fr\/en\/wp-json\/wp\/v2\/media?parent=7503"}],"wp:term":[{"taxonomy":"product_brand","embeddable":true,"href":"https:\/\/www.chicha-tiime.fr\/en\/wp-json\/wp\/v2\/product_brand?post=7503"},{"taxonomy":"product_cat","embeddable":true,"href":"https:\/\/www.chicha-tiime.fr\/en\/wp-json\/wp\/v2\/product_cat?post=7503"},{"taxonomy":"product_tag","embeddable":true,"href":"https:\/\/www.chicha-tiime.fr\/en\/wp-json\/wp\/v2\/product_tag?post=7503"}],"curies":[{"name":"wp","href":"https:\/\/api.w.org\/{rel}","templated":true}]}}