{"id":7198,"date":"2022-10-04T21:29:15","date_gmt":"2022-10-04T21:29:15","guid":{"rendered":"https:\/\/www.chicha-tiime.fr\/?post_type=product&#038;p=7198"},"modified":"2024-08-13T13:19:47","modified_gmt":"2024-08-13T13:19:47","slug":"dum-anneau-led-chicha-16-cm","status":"publish","type":"product","link":"https:\/\/www.chicha-tiime.fr\/en\/product\/dum-anneau-led-chicha-16-cm\/","title":{"rendered":"DUM Anneau LED chicha 16 cm"},"content":{"rendered":"<p>L\u2019anneau LED pour chicha 16 cm est un dispositif d\u2019\u00e9clairage pour chicha. Cet \u00e9clairage d\u00e9coratif se compose d\u2019un anneau lumineux et d\u2019une t\u00e9l\u00e9commande permettant de piloter le fonctionnement de la lumi\u00e8re (16 couleurs disponible!).<\/p>\n<p>Ce disque lumineux fonctionne sur batterie (chargeur inclus)<\/p>","protected":false},"excerpt":{"rendered":"<p>L\u2019anneau LED pour chicha 16 cm est un dispositif d\u2019\u00e9clairage pour chicha. Cet \u00e9clairage d\u00e9coratif se compose d\u2019un anneau lumineux&#8230;<\/p>","protected":false},"featured_media":7199,"comment_status":"open","ping_status":"closed","template":"","meta":{"om_disable_all_campaigns":false,"_monsterinsights_skip_tracking":false,"_monsterinsights_sitenote_active":false,"_monsterinsights_sitenote_note":"","_monsterinsights_sitenote_category":0,"_uf_show_specific_survey":0,"_uf_disable_surveys":false},"product_brand":[],"product_cat":[55,341],"product_tag":[],"class_list":{"0":"post-7198","1":"product","2":"type-product","3":"status-publish","4":"has-post-thumbnail","6":"product_cat-accessoires","7":"product_cat-soldes","9":"first","10":"instock","11":"sale","12":"taxable","13":"shipping-taxable","14":"purchasable","15":"product-type-simple"},"aioseo_notices":[],"jetpack_sharing_enabled":true,"_links":{"self":[{"href":"https:\/\/www.chicha-tiime.fr\/en\/wp-json\/wp\/v2\/product\/7198","targetHints":{"allow":["GET"]}}],"collection":[{"href":"https:\/\/www.chicha-tiime.fr\/en\/wp-json\/wp\/v2\/product"}],"about":[{"href":"https:\/\/www.chicha-tiime.fr\/en\/wp-json\/wp\/v2\/types\/product"}],"replies":[{"embeddable":true,"href":"https:\/\/www.chicha-tiime.fr\/en\/wp-json\/wp\/v2\/comments?post=7198"}],"wp:featuredmedia":[{"embeddable":true,"href":"https:\/\/www.chicha-tiime.fr\/en\/wp-json\/wp\/v2\/media\/7199"}],"wp:attachment":[{"href":"https:\/\/www.chicha-tiime.fr\/en\/wp-json\/wp\/v2\/media?parent=7198"}],"wp:term":[{"taxonomy":"product_brand","embeddable":true,"href":"https:\/\/www.chicha-tiime.fr\/en\/wp-json\/wp\/v2\/product_brand?post=7198"},{"taxonomy":"product_cat","embeddable":true,"href":"https:\/\/www.chicha-tiime.fr\/en\/wp-json\/wp\/v2\/product_cat?post=7198"},{"taxonomy":"product_tag","embeddable":true,"href":"https:\/\/www.chicha-tiime.fr\/en\/wp-json\/wp\/v2\/product_tag?post=7198"}],"curies":[{"name":"wp","href":"https:\/\/api.w.org\/{rel}","templated":true}]}}