{"id":7173,"date":"2022-10-03T20:18:22","date_gmt":"2022-10-03T20:18:22","guid":{"rendered":"https:\/\/www.chicha-tiime.fr\/?post_type=product&#038;p=7173"},"modified":"2024-11-21T11:42:48","modified_gmt":"2024-11-21T11:42:48","slug":"allume-charbons-blaze-1000w","status":"publish","type":"product","link":"https:\/\/www.chicha-tiime.fr\/en\/product\/allume-charbons-blaze-1000w\/","title":{"rendered":"ALLUME CHARBONS BLAZE 1000W"},"content":{"rendered":"","protected":false},"excerpt":{"rendered":"<p>Allume charbons \u00e9lectrique BLAZE, 1000W, id\u00e9al pour allumer jusqu&rsquo;\u00e0\u00a020 cubes de charbons naturels.(220V &#8211; 1000W)<\/p>","protected":false},"featured_media":7174,"comment_status":"open","ping_status":"closed","template":"","meta":{"om_disable_all_campaigns":false,"_monsterinsights_skip_tracking":false,"_monsterinsights_sitenote_active":false,"_monsterinsights_sitenote_note":"","_monsterinsights_sitenote_category":0,"_uf_show_specific_survey":0,"_uf_disable_surveys":false},"product_brand":[],"product_cat":[55,289,511,341],"product_tag":[],"class_list":{"0":"post-7173","1":"product","2":"type-product","3":"status-publish","4":"has-post-thumbnail","6":"product_cat-accessoires","7":"product_cat-allume-charbon","8":"product_cat-allume-charbon-promo","9":"product_cat-soldes","11":"first","12":"instock","13":"sale","14":"taxable","15":"shipping-taxable","16":"purchasable","17":"product-type-simple"},"aioseo_notices":[],"jetpack_sharing_enabled":true,"_links":{"self":[{"href":"https:\/\/www.chicha-tiime.fr\/en\/wp-json\/wp\/v2\/product\/7173","targetHints":{"allow":["GET"]}}],"collection":[{"href":"https:\/\/www.chicha-tiime.fr\/en\/wp-json\/wp\/v2\/product"}],"about":[{"href":"https:\/\/www.chicha-tiime.fr\/en\/wp-json\/wp\/v2\/types\/product"}],"replies":[{"embeddable":true,"href":"https:\/\/www.chicha-tiime.fr\/en\/wp-json\/wp\/v2\/comments?post=7173"}],"wp:featuredmedia":[{"embeddable":true,"href":"https:\/\/www.chicha-tiime.fr\/en\/wp-json\/wp\/v2\/media\/7174"}],"wp:attachment":[{"href":"https:\/\/www.chicha-tiime.fr\/en\/wp-json\/wp\/v2\/media?parent=7173"}],"wp:term":[{"taxonomy":"product_brand","embeddable":true,"href":"https:\/\/www.chicha-tiime.fr\/en\/wp-json\/wp\/v2\/product_brand?post=7173"},{"taxonomy":"product_cat","embeddable":true,"href":"https:\/\/www.chicha-tiime.fr\/en\/wp-json\/wp\/v2\/product_cat?post=7173"},{"taxonomy":"product_tag","embeddable":true,"href":"https:\/\/www.chicha-tiime.fr\/en\/wp-json\/wp\/v2\/product_tag?post=7173"}],"curies":[{"name":"wp","href":"https:\/\/api.w.org\/{rel}","templated":true}]}}