{"id":7053,"date":"2022-08-27T07:52:39","date_gmt":"2022-08-27T07:52:39","guid":{"rendered":"https:\/\/www.chicha-tiime.fr\/?post_type=product&#038;p=7053"},"modified":"2024-11-19T11:31:48","modified_gmt":"2024-11-19T11:31:48","slug":"manche-el-badia-stick","status":"publish","type":"product","link":"https:\/\/www.chicha-tiime.fr\/en\/product\/manche-el-badia-stick\/","title":{"rendered":"MANCHE EL-BADIA STICK"},"content":{"rendered":"<p style=\"text-align: right;\">Le manche EL-BADIA STICK en m\u00e9tal fait 41cm de longueur. En forme de longue baguette, ce manche reprend le style du c\u00e9l\u00e8bre tuyau Marrakech tant pris\u00e9 par les bars \u00e0 chichas.<\/p>\n<p>Ce manche est propos\u00e9 dans plusieurs coloris, vous retrouverez tous les coloris de la chicha CELESTE \u00ae ce qui vous permettra de personnaliser ce mod\u00e8le avec un long manche pour une utilisation optimis\u00e9e.<\/p>\n<p>Adaptable sur tout tuyau silicone standard, le connecteur est vendu s\u00e9par\u00e9ment.<\/p>","protected":false},"excerpt":{"rendered":"<p style=\"text-align: left;\">Manche EL-BADIA STICK en m\u00e9tal, 41cm, diff\u00e9rents coloris<\/p>","protected":false},"featured_media":7066,"comment_status":"open","ping_status":"closed","template":"","meta":{"om_disable_all_campaigns":false,"_monsterinsights_skip_tracking":false,"_monsterinsights_sitenote_active":false,"_monsterinsights_sitenote_note":"","_monsterinsights_sitenote_category":0,"_uf_show_specific_survey":0,"_uf_disable_surveys":false},"product_brand":[],"product_cat":[509,284,513,53],"product_tag":[217],"class_list":{"0":"post-7053","1":"product","2":"type-product","3":"status-publish","4":"has-post-thumbnail","6":"product_cat-accessoires-promo","7":"product_cat-manches","8":"product_cat-manches-promo","9":"product_cat-tuyaux","10":"product_tag-el-badia","11":"pa_couleurs-acid-pink","12":"pa_couleurs-acid-yellow","13":"pa_couleurs-blue","14":"pa_couleurs-coral-orange","15":"pa_couleurs-deep-black","16":"pa_couleurs-gold","17":"pa_couleurs-mint-green","18":"pa_couleurs-nardo-grey","19":"pa_couleurs-pacific-blue","20":"pa_couleurs-red","21":"pa_couleurs-silver","22":"pa_couleurs-white-ivory","24":"first","25":"instock","26":"sale","27":"taxable","28":"shipping-taxable","29":"purchasable","30":"product-type-variable"},"aioseo_notices":[],"jetpack_sharing_enabled":true,"_links":{"self":[{"href":"https:\/\/www.chicha-tiime.fr\/en\/wp-json\/wp\/v2\/product\/7053","targetHints":{"allow":["GET"]}}],"collection":[{"href":"https:\/\/www.chicha-tiime.fr\/en\/wp-json\/wp\/v2\/product"}],"about":[{"href":"https:\/\/www.chicha-tiime.fr\/en\/wp-json\/wp\/v2\/types\/product"}],"replies":[{"embeddable":true,"href":"https:\/\/www.chicha-tiime.fr\/en\/wp-json\/wp\/v2\/comments?post=7053"}],"wp:featuredmedia":[{"embeddable":true,"href":"https:\/\/www.chicha-tiime.fr\/en\/wp-json\/wp\/v2\/media\/7066"}],"wp:attachment":[{"href":"https:\/\/www.chicha-tiime.fr\/en\/wp-json\/wp\/v2\/media?parent=7053"}],"wp:term":[{"taxonomy":"product_brand","embeddable":true,"href":"https:\/\/www.chicha-tiime.fr\/en\/wp-json\/wp\/v2\/product_brand?post=7053"},{"taxonomy":"product_cat","embeddable":true,"href":"https:\/\/www.chicha-tiime.fr\/en\/wp-json\/wp\/v2\/product_cat?post=7053"},{"taxonomy":"product_tag","embeddable":true,"href":"https:\/\/www.chicha-tiime.fr\/en\/wp-json\/wp\/v2\/product_tag?post=7053"}],"curies":[{"name":"wp","href":"https:\/\/api.w.org\/{rel}","templated":true}]}}