{"id":7027,"date":"2022-08-26T22:15:53","date_gmt":"2022-08-26T22:15:53","guid":{"rendered":"https:\/\/www.chicha-tiime.fr\/?post_type=product&#038;p=7027"},"modified":"2024-11-19T11:31:58","modified_gmt":"2024-11-19T11:31:58","slug":"manche-celeste-xl-el-badia","status":"publish","type":"product","link":"https:\/\/www.chicha-tiime.fr\/en\/product\/manche-celeste-xl-el-badia\/","title":{"rendered":"MANCHE CELESTE XL &#8211; EL BADIA"},"content":{"rendered":"<p>Le manche CELESTE XL en m\u00e9tal fait 37cm de longueur. Il vous garantira une prise en main agr\u00e9able et un d\u00e9bit fluide.<\/p>\n<p>Ce manche est propos\u00e9 dans plusieurs coloris, vous retrouverez tous les coloris de la chicha CELESTE \u00ae ce qui vous permettra de personnaliser ce mod\u00e8le avec un long manche pour une utilisation optimis\u00e9e.<\/p>\n<p>Adaptable sur tout tuyau silicone standard, le connecteur est vendu s\u00e9par\u00e9ment.<\/p>","protected":false},"excerpt":{"rendered":"<p>Manche CELESTE XL en m\u00e9tal, 37cm, diff\u00e9rents coloris<\/p>","protected":false},"featured_media":7028,"comment_status":"open","ping_status":"closed","template":"","meta":{"om_disable_all_campaigns":false,"_monsterinsights_skip_tracking":false,"_monsterinsights_sitenote_active":false,"_monsterinsights_sitenote_note":"","_monsterinsights_sitenote_category":0,"_uf_show_specific_survey":0,"_uf_disable_surveys":false},"product_brand":[],"product_cat":[509,284,513,341,53],"product_tag":[217,421],"class_list":{"0":"post-7027","1":"product","2":"type-product","3":"status-publish","4":"has-post-thumbnail","6":"product_cat-accessoires-promo","7":"product_cat-manches","8":"product_cat-manches-promo","9":"product_cat-soldes","10":"product_cat-tuyaux","11":"product_tag-el-badia","12":"product_tag-p","13":"pa_couleurs-acid-pink","14":"pa_couleurs-acid-yellow","15":"pa_couleurs-blue","16":"pa_couleurs-coral-orange","17":"pa_couleurs-deep-black","18":"pa_couleurs-gold","19":"pa_couleurs-mint-green","20":"pa_couleurs-nardo-grey","21":"pa_couleurs-pacific-blue","22":"pa_couleurs-red","23":"pa_couleurs-silver","24":"pa_couleurs-white-ivory","26":"first","27":"instock","28":"sale","29":"taxable","30":"shipping-taxable","31":"purchasable","32":"product-type-variable"},"aioseo_notices":[],"jetpack_sharing_enabled":true,"_links":{"self":[{"href":"https:\/\/www.chicha-tiime.fr\/en\/wp-json\/wp\/v2\/product\/7027","targetHints":{"allow":["GET"]}}],"collection":[{"href":"https:\/\/www.chicha-tiime.fr\/en\/wp-json\/wp\/v2\/product"}],"about":[{"href":"https:\/\/www.chicha-tiime.fr\/en\/wp-json\/wp\/v2\/types\/product"}],"replies":[{"embeddable":true,"href":"https:\/\/www.chicha-tiime.fr\/en\/wp-json\/wp\/v2\/comments?post=7027"}],"wp:featuredmedia":[{"embeddable":true,"href":"https:\/\/www.chicha-tiime.fr\/en\/wp-json\/wp\/v2\/media\/7028"}],"wp:attachment":[{"href":"https:\/\/www.chicha-tiime.fr\/en\/wp-json\/wp\/v2\/media?parent=7027"}],"wp:term":[{"taxonomy":"product_brand","embeddable":true,"href":"https:\/\/www.chicha-tiime.fr\/en\/wp-json\/wp\/v2\/product_brand?post=7027"},{"taxonomy":"product_cat","embeddable":true,"href":"https:\/\/www.chicha-tiime.fr\/en\/wp-json\/wp\/v2\/product_cat?post=7027"},{"taxonomy":"product_tag","embeddable":true,"href":"https:\/\/www.chicha-tiime.fr\/en\/wp-json\/wp\/v2\/product_tag?post=7027"}],"curies":[{"name":"wp","href":"https:\/\/api.w.org\/{rel}","templated":true}]}}