{"id":6933,"date":"2022-07-29T23:35:31","date_gmt":"2022-07-29T23:35:31","guid":{"rendered":"https:\/\/www.chicha-tiime.fr\/?post_type=product&#038;p=6933"},"modified":"2024-08-13T13:19:50","modified_gmt":"2024-08-13T13:19:50","slug":"chicha-wookah-bubble-gum-click","status":"publish","type":"product","link":"https:\/\/www.chicha-tiime.fr\/en\/product\/chicha-wookah-bubble-gum-click\/","title":{"rendered":"CHICHA WOOKAH BUBBLE GUM CLICK"},"content":{"rendered":"<div>\n<p>WOOKAH est une marque polonaise de chichas et d&rsquo;accessoires. Sp\u00e9cialis\u00e9 dans la fabrication de produits en bois, WOOKAH propose diff\u00e9rents types de bois exotiques pour leur manches et leur chichas. On retrouve d&rsquo;autres accessoires tels que les tuyaux en silicone recouvert de cuir cousu \u00e0 la main, des vases en cristal fait \u00e0 la main ainsi que des foyers haut de gamme avec de nombreux coloris.<\/p>\n<\/div>\n<div>\n<p>La chicha WOOKAH BUBBLE GUM CLICK est fabriqu\u00e9 \u00e0 partir de bois de ch\u00eane qui est reconnue pour sa r\u00e9sistance et sa duret\u00e9. Le tout est renforc\u00e9e par de l&rsquo;acier inoxydable \u00e0 l&rsquo;int\u00e9rieur des \u00e9l\u00e9ments de la chicha.<\/p>\n<\/div>\n<div>\n<p>La chicha WOOKAH\u00a0BUBBLE GUM CLICK b\u00e9n\u00e9ficie d&rsquo;un syst\u00e8me de fixation CLICK appel\u00e9 \u00ab\u00a0QUICK LOCK SYSTEM\u00a0\u00bb d\u00e9velopp\u00e9 par WOOKAH. Cette fonction assurera l&rsquo;herm\u00e9ticit\u00e9 ainsi qu&rsquo;une fixation s\u00e9curis\u00e9 en seulement un quart de tour.<br \/>\nLe connecteur tuyau fourni avec la chicha ainsi que la soupape s&rsquo;ins\u00e8rent sans joint dans les connecteurs pr\u00e9sents sur le bas de la colonne. Les pi\u00e8ces m\u00e9talliques sont en acier inoxydable V2A. Cet acier est reconnu pour sa qualit\u00e9 ainsi que sa r\u00e9sistance notamment \u00e0 l&rsquo;oxydation.<br \/>\nSon vase en cristal tr\u00e8s \u00e9pais est d&rsquo;une grande qualit\u00e9 et d&rsquo;une beaut\u00e9 remarquable.<\/p>\n<\/div>\n<div>\n<p>La chicha est fournie avec un connecteur tuyau WOOKAH. <strong>Vendu sans foyer et sans tuyau.<\/strong><\/p>\n<p>Syst\u00e8me de verrouillage rapide :<\/p>\n<p><img decoding=\"async\" src=\"https:\/\/store.wookah.pl\/img\/cms\/qls.jpg\" alt=\"quick lock system WOOKAH\" width=\"130\" align=\"left\" data-pagespeed-url-hash=\"451511437\" \/>Une solution technique qui permet un montage rapide et pratique du corps de votre chicha WOOKAH sur le vase WOOKAH. Avec un mouvement court, vous pouvez faire correspondre les deux \u00e9l\u00e9ments.<\/p>\n<p>Connections sans joints :<\/p>\n<p><img decoding=\"async\" src=\"https:\/\/store.wookah.pl\/img\/cms\/gjc.jpg\" alt=\"ground joint connection WOOKAH\" width=\"130\" align=\"left\" data-pagespeed-url-hash=\"4228608541\" \/>Un syst\u00e8me de connection sans joint pour la sortie tuyau et la soupape. Le connecteur pour tuyau WOOKAH est fou<\/p>\n<\/div>","protected":false},"excerpt":{"rendered":"<p>Chicha en bois noble WOOKAH, vase en cristal de haute qualit\u00e9, haute de 64cm. Fourni sans tuyau et sans foyer.<\/p>","protected":false},"featured_media":6934,"comment_status":"open","ping_status":"closed","template":"","meta":{"om_disable_all_campaigns":false,"_monsterinsights_skip_tracking":false,"_monsterinsights_sitenote_active":false,"_monsterinsights_sitenote_note":"","_monsterinsights_sitenote_category":0,"_uf_show_specific_survey":0,"_uf_disable_surveys":false},"product_brand":[],"product_cat":[50,67],"product_tag":[333],"class_list":{"0":"post-6933","1":"product","2":"type-product","3":"status-publish","4":"has-post-thumbnail","6":"product_cat-chicha","7":"product_cat-chichas-traditionnelles","8":"product_tag-wookah","10":"first","11":"instock","12":"sold-individually","13":"taxable","14":"shipping-taxable","15":"purchasable","16":"product-type-simple"},"aioseo_notices":[],"jetpack_sharing_enabled":true,"_links":{"self":[{"href":"https:\/\/www.chicha-tiime.fr\/en\/wp-json\/wp\/v2\/product\/6933","targetHints":{"allow":["GET"]}}],"collection":[{"href":"https:\/\/www.chicha-tiime.fr\/en\/wp-json\/wp\/v2\/product"}],"about":[{"href":"https:\/\/www.chicha-tiime.fr\/en\/wp-json\/wp\/v2\/types\/product"}],"replies":[{"embeddable":true,"href":"https:\/\/www.chicha-tiime.fr\/en\/wp-json\/wp\/v2\/comments?post=6933"}],"wp:featuredmedia":[{"embeddable":true,"href":"https:\/\/www.chicha-tiime.fr\/en\/wp-json\/wp\/v2\/media\/6934"}],"wp:attachment":[{"href":"https:\/\/www.chicha-tiime.fr\/en\/wp-json\/wp\/v2\/media?parent=6933"}],"wp:term":[{"taxonomy":"product_brand","embeddable":true,"href":"https:\/\/www.chicha-tiime.fr\/en\/wp-json\/wp\/v2\/product_brand?post=6933"},{"taxonomy":"product_cat","embeddable":true,"href":"https:\/\/www.chicha-tiime.fr\/en\/wp-json\/wp\/v2\/product_cat?post=6933"},{"taxonomy":"product_tag","embeddable":true,"href":"https:\/\/www.chicha-tiime.fr\/en\/wp-json\/wp\/v2\/product_tag?post=6933"}],"curies":[{"name":"wp","href":"https:\/\/api.w.org\/{rel}","templated":true}]}}