{"id":6502,"date":"2022-04-26T12:42:23","date_gmt":"2022-04-26T12:42:23","guid":{"rendered":"https:\/\/www.chicha-tiime.fr\/product\/connecteur-tuyau-18-8-en-acier-inoxydable\/"},"modified":"2024-08-13T13:19:52","modified_gmt":"2024-08-13T13:19:52","slug":"connecteur-tuyau-18-8-en-acier-inoxydable","status":"publish","type":"product","link":"https:\/\/www.chicha-tiime.fr\/en\/product\/connecteur-tuyau-18-8-en-acier-inoxydable\/","title":{"rendered":"Connecteur tuyau 18\/8 en acier inoxydable"},"content":{"rendered":"<p style=\"padding: 0px;margin: 0px 0px 1em;border: 0px;font-family: Poppins, sans-serif;font-style: normal;font-weight: 300;line-height: 1.5em;font-size: 12px;vertical-align: baseline;min-height: 1px;letter-spacing: normal;text-align: start;text-indent: 0px;text-transform: none;text-decoration: none\">Le connecteur tuyau 18\/8 en acier inoxydable est une pi\u00e8ce qui s&rsquo;ins\u00e8re dans le&nbsp;flexible silicone et qui permet de relier le tuyau \u00e0 la chicha.<\/p>","protected":false},"excerpt":{"rendered":"<p>Le connecteur tuyau 18\/8 en acier inoxydable est une pi\u00e8ce qui s&rsquo;ins\u00e8re dans le&nbsp;flexible silicone et qui permet de relier&#8230;<\/p>","protected":false},"featured_media":6501,"comment_status":"open","ping_status":"closed","template":"","meta":{"om_disable_all_campaigns":false,"_monsterinsights_skip_tracking":false,"_monsterinsights_sitenote_active":false,"_monsterinsights_sitenote_note":"","_monsterinsights_sitenote_category":0,"_uf_show_specific_survey":0,"_uf_disable_surveys":false},"product_brand":[],"product_cat":[15],"product_tag":[],"class_list":{"0":"post-6502","1":"product","2":"type-product","3":"status-publish","4":"has-post-thumbnail","6":"product_cat-uncategorized","8":"first","9":"instock","10":"taxable","11":"shipping-taxable","12":"purchasable","13":"product-type-simple"},"aioseo_notices":[],"jetpack_sharing_enabled":true,"_links":{"self":[{"href":"https:\/\/www.chicha-tiime.fr\/en\/wp-json\/wp\/v2\/product\/6502","targetHints":{"allow":["GET"]}}],"collection":[{"href":"https:\/\/www.chicha-tiime.fr\/en\/wp-json\/wp\/v2\/product"}],"about":[{"href":"https:\/\/www.chicha-tiime.fr\/en\/wp-json\/wp\/v2\/types\/product"}],"replies":[{"embeddable":true,"href":"https:\/\/www.chicha-tiime.fr\/en\/wp-json\/wp\/v2\/comments?post=6502"}],"wp:featuredmedia":[{"embeddable":true,"href":"https:\/\/www.chicha-tiime.fr\/en\/wp-json\/wp\/v2\/media\/6501"}],"wp:attachment":[{"href":"https:\/\/www.chicha-tiime.fr\/en\/wp-json\/wp\/v2\/media?parent=6502"}],"wp:term":[{"taxonomy":"product_brand","embeddable":true,"href":"https:\/\/www.chicha-tiime.fr\/en\/wp-json\/wp\/v2\/product_brand?post=6502"},{"taxonomy":"product_cat","embeddable":true,"href":"https:\/\/www.chicha-tiime.fr\/en\/wp-json\/wp\/v2\/product_cat?post=6502"},{"taxonomy":"product_tag","embeddable":true,"href":"https:\/\/www.chicha-tiime.fr\/en\/wp-json\/wp\/v2\/product_tag?post=6502"}],"curies":[{"name":"wp","href":"https:\/\/api.w.org\/{rel}","templated":true}]}}