{"id":6239,"date":"2022-02-23T21:21:47","date_gmt":"2022-02-23T21:21:47","guid":{"rendered":"https:\/\/www.chicha-tiime.fr\/?post_type=product&#038;p=6239"},"modified":"2024-08-13T13:19:53","modified_gmt":"2024-08-13T13:19:53","slug":"chicha-osiris-apocalypse","status":"publish","type":"product","link":"https:\/\/www.chicha-tiime.fr\/en\/product\/chicha-osiris-apocalypse\/","title":{"rendered":"CHICHA APOCALYPSE OSIRIS"},"content":{"rendered":"<p>Osiris , le dernier mod\u00e8le de la collection Apocalypse est une Chicha de tr\u00e8s haute qualit\u00e9.<br \/>\nOsiris accumule quelques innovations, elle comprend en effet la soupape \u00e0 l&rsquo;int\u00e9rieur du manche ce qui permet \u00e0 deux fumeurs de pouvoir purger la fum\u00e9e \u00e0 leur guise .Elle est aussi fournie d&rsquo;une led qui r\u00e9fl\u00e9chira la fum\u00e9e et donnera de la couleur au moment de la purge.<br \/>\nOsiris vous ram\u00e8nera au temps des pharaons avec son architecture de poutre \u00e9gyptienne, c&rsquo;est une chicha d&rsquo;une tr\u00e8s grande stabilit\u00e9.<\/p>\n<p>Fournie compl\u00e8te avec 2 tuyaux + manches et led avec chargeur<\/p>","protected":false},"excerpt":{"rendered":"<p>Innovation avec ce mod\u00e8le<\/p>","protected":false},"featured_media":6240,"comment_status":"open","ping_status":"closed","template":"","meta":{"om_disable_all_campaigns":false,"_monsterinsights_skip_tracking":false,"_monsterinsights_sitenote_active":false,"_monsterinsights_sitenote_note":"","_monsterinsights_sitenote_category":0,"_uf_show_specific_survey":0,"_uf_disable_surveys":false},"product_brand":[],"product_cat":[50],"product_tag":[325],"class_list":{"0":"post-6239","1":"product","2":"type-product","3":"status-publish","4":"has-post-thumbnail","6":"product_cat-chicha","7":"product_tag-apocalypse","8":"pa_couleurs-blue","9":"pa_couleurs-gold","10":"pa_couleurs-pink","11":"pa_couleurs-red","13":"first","14":"instock","15":"taxable","16":"shipping-taxable","17":"purchasable","18":"product-type-variable"},"aioseo_notices":[],"jetpack_sharing_enabled":true,"_links":{"self":[{"href":"https:\/\/www.chicha-tiime.fr\/en\/wp-json\/wp\/v2\/product\/6239","targetHints":{"allow":["GET"]}}],"collection":[{"href":"https:\/\/www.chicha-tiime.fr\/en\/wp-json\/wp\/v2\/product"}],"about":[{"href":"https:\/\/www.chicha-tiime.fr\/en\/wp-json\/wp\/v2\/types\/product"}],"replies":[{"embeddable":true,"href":"https:\/\/www.chicha-tiime.fr\/en\/wp-json\/wp\/v2\/comments?post=6239"}],"wp:featuredmedia":[{"embeddable":true,"href":"https:\/\/www.chicha-tiime.fr\/en\/wp-json\/wp\/v2\/media\/6240"}],"wp:attachment":[{"href":"https:\/\/www.chicha-tiime.fr\/en\/wp-json\/wp\/v2\/media?parent=6239"}],"wp:term":[{"taxonomy":"product_brand","embeddable":true,"href":"https:\/\/www.chicha-tiime.fr\/en\/wp-json\/wp\/v2\/product_brand?post=6239"},{"taxonomy":"product_cat","embeddable":true,"href":"https:\/\/www.chicha-tiime.fr\/en\/wp-json\/wp\/v2\/product_cat?post=6239"},{"taxonomy":"product_tag","embeddable":true,"href":"https:\/\/www.chicha-tiime.fr\/en\/wp-json\/wp\/v2\/product_tag?post=6239"}],"curies":[{"name":"wp","href":"https:\/\/api.w.org\/{rel}","templated":true}]}}