{"id":6009,"date":"2022-01-31T13:48:09","date_gmt":"2022-01-31T13:48:09","guid":{"rendered":"https:\/\/www.chicha-tiime.fr\/?post_type=product&#038;p=6009"},"modified":"2024-12-07T01:05:30","modified_gmt":"2024-12-07T01:05:30","slug":"dum-ss23-ragnarok-rainbow","status":"publish","type":"product","link":"https:\/\/www.chicha-tiime.fr\/en\/product\/dum-ss23-ragnarok-rainbow\/","title":{"rendered":"DUM SS23 RAGNAROK Rainbow Edition"},"content":{"rendered":"<h1>Une chicha qui a du caract\u00e8re<\/h1>\n<p><a href=\"https:\/\/www.dumshop.be\/\"><strong>DUM<\/strong><\/a>, la marque originaire de Belgique, continue d\u2019\u00e9largir sa ligne de chicha SS avec un nouveau bijou : la DUM SS23 Ragnarok !<\/p>\n<p>Comme toujours, DUM propose un narguil\u00e9 avec un design soign\u00e9, avec une chicha \u00e0 la colonne en acier inoxydable originale, comme sculpt\u00e9e avec ses d\u00e9tails pr\u00e9cis.<\/p>\n<p>La chicha est compl\u00e9t\u00e9e par un vase en verre robuste, ainsi qu\u2019une assiette en acier inoxydable, estampill\u00e9e du logo DUM. Sobre et efficace !<\/p>\n<p>C\u00f4t\u00e9 technique, DUM n\u2019a encore une fois pas fait les choses \u00e0 moiti\u00e9, et vous propose cette chicha livr\u00e9e avec des accessoires de qualit\u00e9, pour une exp\u00e9rience optimale.<\/p>\n<p>La\u00a0<strong>DUM SS23 Ragnarok\u00a0<\/strong>dispose de tous les \u00e9quipements n\u00e9cessaires, qui en font une chicha pr\u00eate \u00e0 l\u2019emploi d\u00e8s que vous la recevez.<\/p>\n<p>Il ne vous manquera plus que votre\u00a0<strong>charbon \u00e0 chicha<\/strong>\u00a0pour d\u00e9marrer votre session !<\/p>\n<h2><strong>Caract\u00e9ristiques techniques et \u00e9quipements :<\/strong><\/h2>\n<ul>\n<li>Un vase<\/li>\n<li>Une colonne<\/li>\n<li>Une assiette de diam\u00e8tre 20 cm environ<\/li>\n<li>Un foyer traditionnel en terre cuite<\/li>\n<li>Un syst\u00e8me de chauffe type Brohood<\/li>\n<li>Un tuyau complet<\/li>\n<li>Un adaptateur tuyau<\/li>\n<li>Un plongeur avec diffuseur r\u00e9glable et amovible<\/li>\n<li>1 sortie tuyau<\/li>\n<li>Joint pour foyer inclus<\/li>\n<li>4 connecteurs, dont une soupape<\/li>\n<li>Hauteur chicha avec foyer et syst\u00e8me de chauffe : 53 cm environ<\/li>\n<\/ul>\n<h3 style=\"text-align: center;\"><strong>Recommandation :<\/strong> Pour vous permettre de profiter de ce produit dans les meilleurs disposition Chicha Time vous propose la <a href=\"https:\/\/www.chicha-tiime.fr\/en\/product\/ss23-dum\/\">Pack SS23 Dum<\/a><\/h3>\n<p><img fetchpriority=\"high\" decoding=\"async\" class=\"aligncenter\" src=\"https:\/\/www.chicha-tiime.fr\/wp-content\/uploads\/2023\/12\/b6f8d727-881f-4184-9f4e-d121cec9828b-200x200.jpg\" alt=\"Image du produit\" width=\"308\" height=\"308\" \/><\/p>","protected":false},"excerpt":{"rendered":"<p>Narguil\u00e9 design de la marque DUM livr\u00e9 avec tous ses \u00e9quipements<\/p>","protected":false},"featured_media":6010,"comment_status":"open","ping_status":"closed","template":"","meta":{"om_disable_all_campaigns":false,"_monsterinsights_skip_tracking":false,"_monsterinsights_sitenote_active":false,"_monsterinsights_sitenote_note":"","_monsterinsights_sitenote_category":0,"_uf_show_specific_survey":0,"_uf_disable_surveys":false},"product_brand":[],"product_cat":[50,68,67],"product_tag":[216],"class_list":{"0":"post-6009","1":"product","2":"type-product","3":"status-publish","4":"has-post-thumbnail","6":"product_cat-chicha","7":"product_cat-chichas-classiques","8":"product_cat-chichas-traditionnelles","9":"product_tag-dum","11":"first","12":"instock","13":"taxable","14":"shipping-taxable","15":"purchasable","16":"product-type-simple"},"aioseo_notices":[],"jetpack_sharing_enabled":true,"_links":{"self":[{"href":"https:\/\/www.chicha-tiime.fr\/en\/wp-json\/wp\/v2\/product\/6009","targetHints":{"allow":["GET"]}}],"collection":[{"href":"https:\/\/www.chicha-tiime.fr\/en\/wp-json\/wp\/v2\/product"}],"about":[{"href":"https:\/\/www.chicha-tiime.fr\/en\/wp-json\/wp\/v2\/types\/product"}],"replies":[{"embeddable":true,"href":"https:\/\/www.chicha-tiime.fr\/en\/wp-json\/wp\/v2\/comments?post=6009"}],"wp:featuredmedia":[{"embeddable":true,"href":"https:\/\/www.chicha-tiime.fr\/en\/wp-json\/wp\/v2\/media\/6010"}],"wp:attachment":[{"href":"https:\/\/www.chicha-tiime.fr\/en\/wp-json\/wp\/v2\/media?parent=6009"}],"wp:term":[{"taxonomy":"product_brand","embeddable":true,"href":"https:\/\/www.chicha-tiime.fr\/en\/wp-json\/wp\/v2\/product_brand?post=6009"},{"taxonomy":"product_cat","embeddable":true,"href":"https:\/\/www.chicha-tiime.fr\/en\/wp-json\/wp\/v2\/product_cat?post=6009"},{"taxonomy":"product_tag","embeddable":true,"href":"https:\/\/www.chicha-tiime.fr\/en\/wp-json\/wp\/v2\/product_tag?post=6009"}],"curies":[{"name":"wp","href":"https:\/\/api.w.org\/{rel}","templated":true}]}}