{"id":5958,"date":"2022-01-22T00:58:04","date_gmt":"2022-01-22T00:58:04","guid":{"rendered":"https:\/\/www.chicha-tiime.fr\/?post_type=product&#038;p=5958"},"modified":"2024-08-13T13:19:55","modified_gmt":"2024-08-13T13:19:55","slug":"systeme-de-chauffe-oduman-carbo-one","status":"publish","type":"product","link":"https:\/\/www.chicha-tiime.fr\/en\/product\/systeme-de-chauffe-oduman-carbo-one\/","title":{"rendered":"Syst\u00e8me de chauffe ODUMAN Carbo One"},"content":{"rendered":"<p>V\u00e9ritable r\u00e9volution, le\u00a0<strong>syst\u00e8me de chauffe ODUMAN Carbo One<\/strong>\u00a0combine praticit\u00e9 et efficacit\u00e9. En effet, ce\u00a0<strong>syst\u00e8me de chauffe 2 en 1<\/strong>\u00a0comprend \u00e9galement un \u201cbol\u201d destin\u00e9 \u00e0 accueillir le tabac. Plus besoin de s\u2019assurer de la compatibilit\u00e9 de votre foyer avec votre\u00a0syst\u00e8me de chauffe, le\u00a0<strong>ODUMAN Carbo One<\/strong>\u00a0combine les deux!<\/p>\n<p>D\u00e9velopp\u00e9 par la c\u00e9l\u00e8bre marque de\u00a0chichas en verre ODUMAN, ce syst\u00e8me de chauffe pour chicha poss\u00e8de un atout non n\u00e9gligeable : Il ne n\u00e9cessite l\u2019utilisation que d\u2019un seul cube de\u00a0charbon naturel\u00a0par session. En plus de son aspect\u00a0<strong>\u00e9conomique<\/strong>, cette particularit\u00e9 permet de r\u00e9duire consid\u00e9rablement la quantit\u00e9 de carbone. Les saveurs de votre tabac \u00e0 chicha sont ainsi parfaitement restitu\u00e9es et non plus parasit\u00e9es par des saveurs d\u00e9sagr\u00e9ables de charbon. Pour les amateurs de session longue dur\u00e9e, pas de panique! Le\u00a0<strong>Carbon One<\/strong>\u00a0a \u00e9t\u00e9\u00a0<strong>\u00e9tudi\u00e9 pour offrir jusqu\u2019\u00e0 1h de session<\/strong>!<\/p>","protected":false},"excerpt":{"rendered":"<p>Syst\u00e8me de chauffe \u00e9conomique 1 charbon par ODUMAN<\/p>","protected":false},"featured_media":5961,"comment_status":"open","ping_status":"closed","template":"","meta":{"om_disable_all_campaigns":false,"_monsterinsights_skip_tracking":false,"_monsterinsights_sitenote_active":false,"_monsterinsights_sitenote_note":"","_monsterinsights_sitenote_category":0,"_uf_show_specific_survey":0,"_uf_disable_surveys":false},"product_brand":[],"product_cat":[15],"product_tag":[229],"class_list":{"0":"post-5958","1":"product","2":"type-product","3":"status-publish","4":"has-post-thumbnail","6":"product_cat-uncategorized","7":"product_tag-oduman","9":"first","10":"instock","11":"taxable","12":"shipping-taxable","13":"purchasable","14":"product-type-simple"},"aioseo_notices":[],"jetpack_sharing_enabled":true,"_links":{"self":[{"href":"https:\/\/www.chicha-tiime.fr\/en\/wp-json\/wp\/v2\/product\/5958","targetHints":{"allow":["GET"]}}],"collection":[{"href":"https:\/\/www.chicha-tiime.fr\/en\/wp-json\/wp\/v2\/product"}],"about":[{"href":"https:\/\/www.chicha-tiime.fr\/en\/wp-json\/wp\/v2\/types\/product"}],"replies":[{"embeddable":true,"href":"https:\/\/www.chicha-tiime.fr\/en\/wp-json\/wp\/v2\/comments?post=5958"}],"wp:featuredmedia":[{"embeddable":true,"href":"https:\/\/www.chicha-tiime.fr\/en\/wp-json\/wp\/v2\/media\/5961"}],"wp:attachment":[{"href":"https:\/\/www.chicha-tiime.fr\/en\/wp-json\/wp\/v2\/media?parent=5958"}],"wp:term":[{"taxonomy":"product_brand","embeddable":true,"href":"https:\/\/www.chicha-tiime.fr\/en\/wp-json\/wp\/v2\/product_brand?post=5958"},{"taxonomy":"product_cat","embeddable":true,"href":"https:\/\/www.chicha-tiime.fr\/en\/wp-json\/wp\/v2\/product_cat?post=5958"},{"taxonomy":"product_tag","embeddable":true,"href":"https:\/\/www.chicha-tiime.fr\/en\/wp-json\/wp\/v2\/product_tag?post=5958"}],"curies":[{"name":"wp","href":"https:\/\/api.w.org\/{rel}","templated":true}]}}