{"id":5837,"date":"2021-12-31T00:31:10","date_gmt":"2021-12-31T00:31:10","guid":{"rendered":"https:\/\/www.chicha-tiime.fr\/?post_type=product&#038;p=5837"},"modified":"2024-08-13T13:19:56","modified_gmt":"2024-08-13T13:19:56","slug":"dschinni-pico-pink","status":"publish","type":"product","link":"https:\/\/www.chicha-tiime.fr\/en\/product\/dschinni-pico-pink\/","title":{"rendered":"DSCHINNI PICO PINK"},"content":{"rendered":"<p>&#8211; Chicha de marque Dschinni<br \/>\n&#8211; Connecteurs pour tuyau silicone inclus<br \/>\n&#8211; Hauteur: 40 cm, poids: 0.9kg<br \/>\n&#8211; Colonne en aluminium anodis\u00e9<br \/>\n&#8211; Vase en verre<br \/>\n&#8211; Cendrier en m\u00e9tal inclu<br \/>\n&#8211; Connecteur 18\/8 de colonne inclu<br \/>\n&#8211; Vendu sans foyer ni tuyau<\/p>","protected":false},"excerpt":{"rendered":"<p>La Dschinni Pico, un mod\u00e8le id\u00e9al pour d\u00e9couvrir l&rsquo;univers chicha<\/p>","protected":false},"featured_media":5840,"comment_status":"open","ping_status":"closed","template":"","meta":{"om_disable_all_campaigns":false,"_monsterinsights_skip_tracking":false,"_monsterinsights_sitenote_active":false,"_monsterinsights_sitenote_note":"","_monsterinsights_sitenote_category":0,"_uf_show_specific_survey":0,"_uf_disable_surveys":false},"product_brand":[],"product_cat":[50,68,283],"product_tag":[215],"class_list":{"0":"post-5837","1":"product","2":"type-product","3":"status-publish","4":"has-post-thumbnail","6":"product_cat-chicha","7":"product_cat-chichas-classiques","8":"product_cat-chichas-premier-prix","9":"product_tag-dschinni","11":"first","12":"instock","13":"taxable","14":"shipping-taxable","15":"purchasable","16":"product-type-simple"},"aioseo_notices":[],"jetpack_sharing_enabled":true,"_links":{"self":[{"href":"https:\/\/www.chicha-tiime.fr\/en\/wp-json\/wp\/v2\/product\/5837","targetHints":{"allow":["GET"]}}],"collection":[{"href":"https:\/\/www.chicha-tiime.fr\/en\/wp-json\/wp\/v2\/product"}],"about":[{"href":"https:\/\/www.chicha-tiime.fr\/en\/wp-json\/wp\/v2\/types\/product"}],"replies":[{"embeddable":true,"href":"https:\/\/www.chicha-tiime.fr\/en\/wp-json\/wp\/v2\/comments?post=5837"}],"wp:featuredmedia":[{"embeddable":true,"href":"https:\/\/www.chicha-tiime.fr\/en\/wp-json\/wp\/v2\/media\/5840"}],"wp:attachment":[{"href":"https:\/\/www.chicha-tiime.fr\/en\/wp-json\/wp\/v2\/media?parent=5837"}],"wp:term":[{"taxonomy":"product_brand","embeddable":true,"href":"https:\/\/www.chicha-tiime.fr\/en\/wp-json\/wp\/v2\/product_brand?post=5837"},{"taxonomy":"product_cat","embeddable":true,"href":"https:\/\/www.chicha-tiime.fr\/en\/wp-json\/wp\/v2\/product_cat?post=5837"},{"taxonomy":"product_tag","embeddable":true,"href":"https:\/\/www.chicha-tiime.fr\/en\/wp-json\/wp\/v2\/product_tag?post=5837"}],"curies":[{"name":"wp","href":"https:\/\/api.w.org\/{rel}","templated":true}]}}