{"id":5303,"date":"2021-11-10T15:17:34","date_gmt":"2021-11-10T15:17:34","guid":{"rendered":"https:\/\/www.chicha-tiime.fr\/?post_type=product&#038;p=5303"},"modified":"2025-02-20T20:11:35","modified_gmt":"2025-02-20T20:11:35","slug":"pack","status":"publish","type":"product","link":"https:\/\/www.chicha-tiime.fr\/en\/product\/pack\/","title":{"rendered":"PACK CHICHA 3 BOULES PREMIUM"},"content":{"rendered":"<p>Ce pack contient :<\/p>\n<ul>\n<li>Une chicha H2 3 boules<\/li>\n<li>Un foyer plat<\/li>\n<li>Un tuyau DUBAI complet<\/li>\n<li>1kg charbons THREE KINGS<\/li>\n<li>Un paquet de 100 embouts<\/li>\n<li>Un paquet de 100 feuilles aluminium pr\u00e9 trou\u00e9s<\/li>\n<\/ul>","protected":false},"excerpt":{"rendered":"<p>Le starter pack \u00e0 tout petit prix! Il reste plus qu&rsquo;\u00e0 pr\u00e9parer pour pouvoir fumer<\/p>","protected":false},"featured_media":5300,"comment_status":"open","ping_status":"closed","template":"","meta":{"om_disable_all_campaigns":false,"_monsterinsights_skip_tracking":false,"_monsterinsights_sitenote_active":false,"_monsterinsights_sitenote_note":"","_monsterinsights_sitenote_category":0,"_uf_show_specific_survey":0,"_uf_disable_surveys":false},"product_brand":[],"product_cat":[283,346,341],"product_tag":[216,356,231],"class_list":{"0":"post-5303","1":"product","2":"type-product","3":"status-publish","4":"has-post-thumbnail","6":"product_cat-chichas-premier-prix","7":"product_cat-packs","8":"product_cat-soldes","9":"product_tag-dum","10":"product_tag-h2","11":"product_tag-three-kings","12":"pa_couleurs-blue","13":"pa_couleurs-gold","14":"pa_couleurs-pink","15":"pa_couleurs-red","17":"first","18":"instock","19":"sale","20":"taxable","21":"shipping-taxable","22":"purchasable","23":"product-type-variable"},"aioseo_notices":[],"jetpack_sharing_enabled":true,"_links":{"self":[{"href":"https:\/\/www.chicha-tiime.fr\/en\/wp-json\/wp\/v2\/product\/5303","targetHints":{"allow":["GET"]}}],"collection":[{"href":"https:\/\/www.chicha-tiime.fr\/en\/wp-json\/wp\/v2\/product"}],"about":[{"href":"https:\/\/www.chicha-tiime.fr\/en\/wp-json\/wp\/v2\/types\/product"}],"replies":[{"embeddable":true,"href":"https:\/\/www.chicha-tiime.fr\/en\/wp-json\/wp\/v2\/comments?post=5303"}],"wp:featuredmedia":[{"embeddable":true,"href":"https:\/\/www.chicha-tiime.fr\/en\/wp-json\/wp\/v2\/media\/5300"}],"wp:attachment":[{"href":"https:\/\/www.chicha-tiime.fr\/en\/wp-json\/wp\/v2\/media?parent=5303"}],"wp:term":[{"taxonomy":"product_brand","embeddable":true,"href":"https:\/\/www.chicha-tiime.fr\/en\/wp-json\/wp\/v2\/product_brand?post=5303"},{"taxonomy":"product_cat","embeddable":true,"href":"https:\/\/www.chicha-tiime.fr\/en\/wp-json\/wp\/v2\/product_cat?post=5303"},{"taxonomy":"product_tag","embeddable":true,"href":"https:\/\/www.chicha-tiime.fr\/en\/wp-json\/wp\/v2\/product_tag?post=5303"}],"curies":[{"name":"wp","href":"https:\/\/api.w.org\/{rel}","templated":true}]}}