{"id":5256,"date":"2021-11-05T16:29:38","date_gmt":"2021-11-05T16:29:38","guid":{"rendered":"https:\/\/www.chicha-tiime.fr\/?post_type=product&#038;p=5256"},"modified":"2024-11-18T20:03:05","modified_gmt":"2024-11-18T20:03:05","slug":"chicha-mr-eds-king-e28","status":"publish","type":"product","link":"https:\/\/www.chicha-tiime.fr\/en\/product\/chicha-mr-eds-king-e28\/","title":{"rendered":"CHICHA Mr Eds King E28"},"content":{"rendered":"<p><img decoding=\"async\" class=\"alignleft\" src=\"https:\/\/www.darnashop.fr\/img\/cms\/Caracte%CC%81ristiquesTechniques-new.png\" \/><\/p>\n<p>&#8211; Hauteur: 32cm, poids: 1.7kg<br \/>\n&#8211; Vase en verre classique<br \/>\n&#8211; Tuyau silicone inclus<br \/>\n&#8211; Manche en aluminium inclus<br \/>\n&#8211; Diffuseur inclus<br \/>\n&#8211; Soupape int\u00e9gr\u00e9e \u00e0 la colonne<\/p>","protected":false},"excerpt":{"rendered":"<p>Chicha compacte de la marque turque Mr Eds, King E28<\/p>","protected":false},"featured_media":5291,"comment_status":"open","ping_status":"closed","template":"","meta":{"om_disable_all_campaigns":false,"_monsterinsights_skip_tracking":false,"_monsterinsights_sitenote_active":false,"_monsterinsights_sitenote_note":"","_monsterinsights_sitenote_category":0,"_uf_show_specific_survey":0,"_uf_disable_surveys":false},"product_brand":[],"product_cat":[50,68,341],"product_tag":[342],"class_list":{"0":"post-5256","1":"product","2":"type-product","3":"status-publish","4":"has-post-thumbnail","6":"product_cat-chicha","7":"product_cat-chichas-classiques","8":"product_cat-soldes","9":"product_tag-mr-eds","10":"pa_couleurs-gold","11":"pa_couleurs-purple","12":"pa_couleurs-red","13":"pa_couleurs-silver","15":"first","16":"instock","17":"sale","18":"taxable","19":"shipping-taxable","20":"purchasable","21":"product-type-variable"},"aioseo_notices":[],"jetpack_sharing_enabled":true,"_links":{"self":[{"href":"https:\/\/www.chicha-tiime.fr\/en\/wp-json\/wp\/v2\/product\/5256","targetHints":{"allow":["GET"]}}],"collection":[{"href":"https:\/\/www.chicha-tiime.fr\/en\/wp-json\/wp\/v2\/product"}],"about":[{"href":"https:\/\/www.chicha-tiime.fr\/en\/wp-json\/wp\/v2\/types\/product"}],"replies":[{"embeddable":true,"href":"https:\/\/www.chicha-tiime.fr\/en\/wp-json\/wp\/v2\/comments?post=5256"}],"wp:featuredmedia":[{"embeddable":true,"href":"https:\/\/www.chicha-tiime.fr\/en\/wp-json\/wp\/v2\/media\/5291"}],"wp:attachment":[{"href":"https:\/\/www.chicha-tiime.fr\/en\/wp-json\/wp\/v2\/media?parent=5256"}],"wp:term":[{"taxonomy":"product_brand","embeddable":true,"href":"https:\/\/www.chicha-tiime.fr\/en\/wp-json\/wp\/v2\/product_brand?post=5256"},{"taxonomy":"product_cat","embeddable":true,"href":"https:\/\/www.chicha-tiime.fr\/en\/wp-json\/wp\/v2\/product_cat?post=5256"},{"taxonomy":"product_tag","embeddable":true,"href":"https:\/\/www.chicha-tiime.fr\/en\/wp-json\/wp\/v2\/product_tag?post=5256"}],"curies":[{"name":"wp","href":"https:\/\/api.w.org\/{rel}","templated":true}]}}