{"id":5197,"date":"2021-10-27T18:29:48","date_gmt":"2021-10-27T18:29:48","guid":{"rendered":"https:\/\/www.chicha-tiime.fr\/?post_type=product&#038;p=5197"},"modified":"2024-08-13T13:22:45","modified_gmt":"2024-08-13T13:22:45","slug":"chicha-tsar-alexander-jiikson-edition","status":"publish","type":"product","link":"https:\/\/www.chicha-tiime.fr\/en\/product\/chicha-tsar-alexander-jiikson-edition\/","title":{"rendered":"CHICHA TSAR ALEXANDER JIIKSON EDITION"},"content":{"rendered":"<p>L\u2019influenceur chicha a apport\u00e9 sa touche \u00e0 cette chicha moderne, rebaptis\u00e9e pour l\u2019occasion\u00a0<strong>Tsar Alexander Jiikson Edition<\/strong>. Le r\u00e9sultat ? Deux nouveaux mod\u00e8les en \u00e9dition limit\u00e9e, cr\u00e9\u00e9s chacun en 1250 exemplaires num\u00e9rot\u00e9s. Chaque chicha a son num\u00e9ro grav\u00e9, et chaque num\u00e9ro n\u2019existe qu\u2019en un seul exemplaire pour chaque coloris. Un v\u00e9ritable objet de collection !<\/p>\n<p>Si le changement et la nouveaut\u00e9 ont du bon, certains d\u00e9tails restent inchang\u00e9s : la\u00a0<strong>chicha design<\/strong>\u00a0reprend son look de toujours, et est bien entendue fabriqu\u00e9e en acier inoxydable V2A, un acier qui garantit une dur\u00e9e de vie incroyable, et rend votre narguil\u00e9 r\u00e9sistant \u00e0 la corrosion, ce qui \u00e9vitera la rouille.<\/p>","protected":false},"excerpt":{"rendered":"<p>Chicha Tsar acier inoxydable en collaboration sp\u00e9ciale<\/p>","protected":false},"featured_media":5199,"comment_status":"open","ping_status":"closed","template":"","meta":{"om_disable_all_campaigns":false,"_monsterinsights_skip_tracking":false,"_monsterinsights_sitenote_active":false,"_monsterinsights_sitenote_note":"","_monsterinsights_sitenote_category":0,"_uf_show_specific_survey":0,"_uf_disable_surveys":false},"product_brand":[],"product_cat":[50,68,67],"product_tag":[234],"class_list":{"0":"post-5197","1":"product","2":"type-product","3":"status-publish","4":"has-post-thumbnail","6":"product_cat-chicha","7":"product_cat-chichas-classiques","8":"product_cat-chichas-traditionnelles","9":"product_tag-tsar","11":"first","12":"instock","13":"taxable","14":"shipping-taxable","15":"purchasable","16":"product-type-simple"},"aioseo_notices":[],"jetpack_sharing_enabled":true,"_links":{"self":[{"href":"https:\/\/www.chicha-tiime.fr\/en\/wp-json\/wp\/v2\/product\/5197","targetHints":{"allow":["GET"]}}],"collection":[{"href":"https:\/\/www.chicha-tiime.fr\/en\/wp-json\/wp\/v2\/product"}],"about":[{"href":"https:\/\/www.chicha-tiime.fr\/en\/wp-json\/wp\/v2\/types\/product"}],"replies":[{"embeddable":true,"href":"https:\/\/www.chicha-tiime.fr\/en\/wp-json\/wp\/v2\/comments?post=5197"}],"wp:featuredmedia":[{"embeddable":true,"href":"https:\/\/www.chicha-tiime.fr\/en\/wp-json\/wp\/v2\/media\/5199"}],"wp:attachment":[{"href":"https:\/\/www.chicha-tiime.fr\/en\/wp-json\/wp\/v2\/media?parent=5197"}],"wp:term":[{"taxonomy":"product_brand","embeddable":true,"href":"https:\/\/www.chicha-tiime.fr\/en\/wp-json\/wp\/v2\/product_brand?post=5197"},{"taxonomy":"product_cat","embeddable":true,"href":"https:\/\/www.chicha-tiime.fr\/en\/wp-json\/wp\/v2\/product_cat?post=5197"},{"taxonomy":"product_tag","embeddable":true,"href":"https:\/\/www.chicha-tiime.fr\/en\/wp-json\/wp\/v2\/product_tag?post=5197"}],"curies":[{"name":"wp","href":"https:\/\/api.w.org\/{rel}","templated":true}]}}