{"id":4658,"date":"2021-10-05T22:47:04","date_gmt":"2021-10-05T22:47:04","guid":{"rendered":"https:\/\/www.chicha-tiime.fr\/?post_type=product&#038;p=4658"},"modified":"2026-04-11T18:48:09","modified_gmt":"2026-04-11T18:48:09","slug":"chicha-h2-3-boules","status":"publish","type":"product","link":"https:\/\/www.chicha-tiime.fr\/en\/product\/chicha-h2-3-boules\/","title":{"rendered":"CHICHA 3 BOULES H2 plusieurs coloris"},"content":{"rendered":"<h1 style=\"text-align: center\">Chicha 3B Tiime 2.0<\/h1>\n<p>Dans sa version 2.0, cette <strong>r\u00e9f\u00e9rence incontournable<\/strong> a subi des am\u00e9liorations notables pour offrir une exp\u00e9rience exceptionnelle aux amateurs, experts et m\u00eame aux professionnels.<\/p>\n<p>&#8211;<a href=\"https:\/\/www.chicha-tiime.fr\/en\/product\/pack\/\">PACK CHICHA CELESTE PREMIUM &#8211; Chicha Tiime (chicha-tiime.fr)<\/a><\/p>\n<p><img decoding=\"async\" src=\"https:\/\/www.chicha-tiime.fr\/wp-content\/uploads\/2021\/11\/Celeste-H2-three-king-alu-embouts-tuyau-complet-400x400.png\" \/><\/p>","protected":false},"excerpt":{"rendered":"<p>Chicha \u00e0 petit prix, livr\u00e9e avec le foyer.<\/p>","protected":false},"featured_media":4670,"comment_status":"open","ping_status":"closed","template":"","meta":{"om_disable_all_campaigns":false,"_monsterinsights_skip_tracking":false,"_monsterinsights_sitenote_active":false,"_monsterinsights_sitenote_note":"","_monsterinsights_sitenote_category":0,"_uf_show_specific_survey":0,"_uf_disable_surveys":false},"product_brand":[],"product_cat":[50,68,283,457,341],"product_tag":[],"class_list":{"0":"post-4658","1":"product","2":"type-product","3":"status-publish","4":"has-post-thumbnail","6":"product_cat-chicha","7":"product_cat-chichas-classiques","8":"product_cat-chichas-premier-prix","9":"product_cat-halloween","10":"product_cat-soldes","11":"pa_couleurs-black","12":"pa_couleurs-blue","13":"pa_couleurs-bronze","14":"pa_couleurs-gold","15":"pa_couleurs-green","16":"pa_couleurs-pink","17":"pa_couleurs-purple","18":"pa_couleurs-red","19":"pa_couleurs-silver","20":"pa_couleurs-white","22":"first","23":"instock","24":"sale","25":"taxable","26":"shipping-taxable","27":"purchasable","28":"product-type-variable"},"aioseo_notices":[],"jetpack_sharing_enabled":true,"_links":{"self":[{"href":"https:\/\/www.chicha-tiime.fr\/en\/wp-json\/wp\/v2\/product\/4658","targetHints":{"allow":["GET"]}}],"collection":[{"href":"https:\/\/www.chicha-tiime.fr\/en\/wp-json\/wp\/v2\/product"}],"about":[{"href":"https:\/\/www.chicha-tiime.fr\/en\/wp-json\/wp\/v2\/types\/product"}],"replies":[{"embeddable":true,"href":"https:\/\/www.chicha-tiime.fr\/en\/wp-json\/wp\/v2\/comments?post=4658"}],"wp:featuredmedia":[{"embeddable":true,"href":"https:\/\/www.chicha-tiime.fr\/en\/wp-json\/wp\/v2\/media\/4670"}],"wp:attachment":[{"href":"https:\/\/www.chicha-tiime.fr\/en\/wp-json\/wp\/v2\/media?parent=4658"}],"wp:term":[{"taxonomy":"product_brand","embeddable":true,"href":"https:\/\/www.chicha-tiime.fr\/en\/wp-json\/wp\/v2\/product_brand?post=4658"},{"taxonomy":"product_cat","embeddable":true,"href":"https:\/\/www.chicha-tiime.fr\/en\/wp-json\/wp\/v2\/product_cat?post=4658"},{"taxonomy":"product_tag","embeddable":true,"href":"https:\/\/www.chicha-tiime.fr\/en\/wp-json\/wp\/v2\/product_tag?post=4658"}],"curies":[{"name":"wp","href":"https:\/\/api.w.org\/{rel}","templated":true}]}}