{"id":4388,"date":"2021-09-07T20:28:00","date_gmt":"2021-09-07T20:28:00","guid":{"rendered":"https:\/\/www.chicha-tiime.fr\/?post_type=product&#038;p=4388"},"modified":"2024-08-13T13:22:54","modified_gmt":"2024-08-13T13:22:54","slug":"chicha-dum-magnum-meduim-2-0-2","status":"publish","type":"product","link":"https:\/\/www.chicha-tiime.fr\/en\/product\/chicha-dum-magnum-meduim-2-0-2\/","title":{"rendered":"Chicha Moyenne DUM MAGNUM MEDUIM 2.0"},"content":{"rendered":"<h1>D\u00e9couvrez la Chicha DUM Magnum 2.0 &#8211; Une Fusion Parfaite de Design et de Performance<\/h1>\n<p>La <strong>Chicha<a href=\"https:\/\/dumshop.fr\/\"> DUM<\/a> Magnum 2.0<\/strong> est con\u00e7ue pour les amateurs de narguil\u00e9 qui recherchent \u00e0 la fois design, fonctionnalit\u00e9 et un prix abordable. Fabriqu\u00e9e en aluminium de haute qualit\u00e9, cette <strong>chicha design<\/strong> allie durabilit\u00e9 et esth\u00e9tique moderne, ce qui en fait un choix populaire parmi les chichas pas cher et de qualit\u00e9 sur le march\u00e9.<\/p>\n<p>Caract\u00e9ristiques Principales :<\/p>\n<ul>\n<li><strong>Hauteur :<\/strong> 55,5 cm avec foyer et syst\u00e8me de chauffe.<\/li>\n<li><strong>Mat\u00e9riaux :<\/strong> Corps en aluminium et vase en verre, offrant robustesse et \u00e9l\u00e9gance.<\/li>\n<li><strong>Connexions :<\/strong> 4 sorties tuyaux avec connecteurs, id\u00e9ale pour des sessions partag\u00e9es.<\/li>\n<li><strong>Foyer :<\/strong> Type classique en terre cuite, accompagn\u00e9 d&rsquo;un <strong>syst\u00e8me de chauffe Grille chemin\u00e9e<\/strong>\u00a0type Brohood.<\/li>\n<li><strong>Accessoires :<\/strong> Tuyau en silicone avec manche en aluminium, diffuseur amovible, et pince \u00e0 charbon.<\/li>\n<\/ul>\n<p>Que vous soyez un <strong>d\u00e9butant <\/strong>ou un <strong>amateur exp\u00e9riment\u00e9<\/strong>, la <strong>DUM Magnum 2.0<\/strong>\u00a0est une <strong>chicha \u00e9quip\u00e9e <\/strong>pour une pr\u00e9paration rapide et une utilisation facile. Son syst\u00e8me de fixation click entre la colonne et le vase assure une installation sans tracas et un nettoyage tout aussi simple.<\/p>\n<h2>Pourquoi Choisir la DUM Magnum 2.0 ?<\/h2>\n<p><strong>Polyvalence :<\/strong> Que ce soit pour une utilisation individuelle ou en groupe, ses quatre sorties tuyaux permettent de <strong>partager<\/strong> l&rsquo;exp\u00e9rience avec des amis.<br \/>\n<strong>Qualit\u00e9 :<\/strong> Choisir la DUM Magnum 2.0, c&rsquo;est opter pour une chicha de qualit\u00e9 avec un <strong>rapport<\/strong> <strong>qualit\u00e9\/prix imbattable.<\/strong><br \/>\n<strong>Design :<\/strong> Son look moderne est renforc\u00e9 par des reflets arc-en-ciel sur le vase Shiny, ajoutant une touche d&rsquo;originalit\u00e9.<\/p>\n<p>Si vous \u00eates \u00e0 la recherche d&rsquo;une <strong>chicha moyen format<\/strong> pour enrichir vos sessions de chicha, la DUM Magnum 2.0 est le mod\u00e8le parfait. Elle combine esth\u00e9tique, fonctionnalit\u00e9, et un prix accessible, ce qui en fait un excellent achat pour toute personne cherchant une <strong>chicha compl\u00e8te<\/strong> pr\u00eate \u00e0 l&#8217;emploi.<\/p>\n<h3>Recommandation chicha tiime :<\/h3>\n<p style=\"text-align: center;\">Utiliser un <a href=\"https:\/\/www.chicha-tiime.fr\/en\/product\/foyer-thermique-quasar-raas-2\/\">foyer thermique Quasar Raas 2<\/a><\/p>\n<p style=\"text-align: center;\"><a href=\"https:\/\/www.chicha-tiime.fr\/en\/product\/foyer-thermique-quasar-raas-2\/\"><img decoding=\"async\" class=\"alignnone\" src=\"https:\/\/www.chicha-tiime.fr\/wp-content\/uploads\/2023\/04\/IMG_2525-200x200.png\" alt=\"QUASAR RAAS 2 FOYER THERMIQUE INNOVANT\" width=\"200\" height=\"200\" \/><\/a><\/p>","protected":false},"excerpt":{"rendered":"<p><!-- Description courte du produit --><br \/>\nChicha de tr\u00e8s bonne qualit\u00e9 \u00e0 prix imbattable sur le march\u00e9.<br \/>\n<a style=\"color: black;\" href=\"#tab-title-description\"><i>Plus de d\u00e9tails<\/i><\/a><\/p>","protected":false},"featured_media":4395,"comment_status":"open","ping_status":"closed","template":"","meta":{"om_disable_all_campaigns":false,"_monsterinsights_skip_tracking":false,"_monsterinsights_sitenote_active":false,"_monsterinsights_sitenote_note":"","_monsterinsights_sitenote_category":0,"_uf_show_specific_survey":0,"_uf_disable_surveys":false},"product_brand":[],"product_cat":[50,68,341],"product_tag":[216],"class_list":{"0":"post-4388","1":"product","2":"type-product","3":"status-publish","4":"has-post-thumbnail","6":"product_cat-chicha","7":"product_cat-chichas-classiques","8":"product_cat-soldes","9":"product_tag-dum","10":"pa_couleurs-black","11":"pa_couleurs-blue","12":"pa_couleurs-green","13":"pa_couleurs-red","14":"pa_couleurs-silver","16":"first","17":"instock","18":"taxable","19":"shipping-taxable","20":"purchasable","21":"product-type-variable"},"aioseo_notices":[],"jetpack_sharing_enabled":true,"_links":{"self":[{"href":"https:\/\/www.chicha-tiime.fr\/en\/wp-json\/wp\/v2\/product\/4388","targetHints":{"allow":["GET"]}}],"collection":[{"href":"https:\/\/www.chicha-tiime.fr\/en\/wp-json\/wp\/v2\/product"}],"about":[{"href":"https:\/\/www.chicha-tiime.fr\/en\/wp-json\/wp\/v2\/types\/product"}],"replies":[{"embeddable":true,"href":"https:\/\/www.chicha-tiime.fr\/en\/wp-json\/wp\/v2\/comments?post=4388"}],"wp:featuredmedia":[{"embeddable":true,"href":"https:\/\/www.chicha-tiime.fr\/en\/wp-json\/wp\/v2\/media\/4395"}],"wp:attachment":[{"href":"https:\/\/www.chicha-tiime.fr\/en\/wp-json\/wp\/v2\/media?parent=4388"}],"wp:term":[{"taxonomy":"product_brand","embeddable":true,"href":"https:\/\/www.chicha-tiime.fr\/en\/wp-json\/wp\/v2\/product_brand?post=4388"},{"taxonomy":"product_cat","embeddable":true,"href":"https:\/\/www.chicha-tiime.fr\/en\/wp-json\/wp\/v2\/product_cat?post=4388"},{"taxonomy":"product_tag","embeddable":true,"href":"https:\/\/www.chicha-tiime.fr\/en\/wp-json\/wp\/v2\/product_tag?post=4388"}],"curies":[{"name":"wp","href":"https:\/\/api.w.org\/{rel}","templated":true}]}}