{"id":4259,"date":"2021-09-07T18:31:04","date_gmt":"2021-09-07T18:31:04","guid":{"rendered":"https:\/\/www.chicha-tiime.fr\/?post_type=product&#038;p=4259"},"modified":"2025-05-31T12:31:32","modified_gmt":"2025-05-31T12:31:32","slug":"chicha-hooky-steel","status":"publish","type":"product","link":"https:\/\/www.chicha-tiime.fr\/en\/product\/chicha-hooky-steel\/","title":{"rendered":"Chicha HOOKY STEEL"},"content":{"rendered":"<p>HOOKY, partenaire historique d\u2019EL-BADIA, est la r\u00e9f\u00e9rence fran\u00e7aise dans le domaine de la chicha \u00e9lectronique. Forte d\u2019une expertise reconnue par l\u2019ensemble du march\u00e9, HOOKY se lance dans la conception d\u2019une chicha \u00ab traditionnelle \u00bb \u00e9pur\u00e9e et particuli\u00e8rement fonctionnelle, reprennent les codes avant-gardistes de la marque hexagonale. Enti\u00e8rement con\u00e7ue en acier inoxydable V2A, du vase au manche, la chicha HOOKY STEEL est un mod\u00e8le ultra r\u00e9sistant et performant.<\/p>\n<p>La Hooky Steel haute de 52cm dispose d&rsquo;un connecteur foyer m\u00e2le compatible avec la majorit\u00e9 des foyers femelles disponibles sur le march\u00e9.<\/p>\n<p>Le r\u00e9cup\u00e9rateur de m\u00e9lasse original retiendra les exc\u00e9dents de m\u00e9lasse afin de garantir une session optimale.<\/p>\n<p>Le plongeur de la Hooky Steel contient un diffuseur int\u00e9gr\u00e9 . Aussi, la hauteur du plongeur et la quantit\u00e9 d&rsquo;eau ont \u00e9t\u00e9 pr\u00e9cis\u00e9ment mesur\u00e9es dans l&rsquo;optique d&rsquo;avoir un tirage universel.<\/p>\n<p>Le manche est fourni avec trois embouts aux mat\u00e9riaux distincts : plastique, verre et m\u00e9tal, qui offrent un ressenti diff\u00e9rent en bouche, \u00e0 l&rsquo;appr\u00e9ciation de chacun, pour un confort id\u00e9al lors de votre session.<\/p>\n<p>Une pince et un support d&rsquo;accroche pour tuyau sont \u00e9galement fournis.<\/p>\n<p>Foyer non fourni<\/p>","protected":false},"excerpt":{"rendered":"<p><!-- Description courte du produit --><br \/>\nChicha HOOKY STEEL, 52cm, en acier inoxydable V2A (vase et corps), r\u00e9cup\u00e9rateur de m\u00e9lasse int\u00e9gr\u00e9, diffuseur, tuyau silicone souple et manche fournis<br \/>\n<a style=\"color: black\" href=\"#tab-title-description\"><i>Plus de d\u00e9tails<\/i><\/a><\/p>","protected":false},"featured_media":4260,"comment_status":"open","ping_status":"closed","template":"","meta":{"om_disable_all_campaigns":false,"_monsterinsights_skip_tracking":false,"_monsterinsights_sitenote_active":false,"_monsterinsights_sitenote_note":"","_monsterinsights_sitenote_category":0,"_uf_show_specific_survey":0,"_uf_disable_surveys":false},"product_brand":[],"product_cat":[50,67],"product_tag":[334],"class_list":{"0":"post-4259","1":"product","2":"type-product","3":"status-publish","4":"has-post-thumbnail","6":"product_cat-chicha","7":"product_cat-chichas-traditionnelles","8":"product_tag-hooky","10":"first","11":"instock","12":"taxable","13":"shipping-taxable","14":"purchasable","15":"product-type-simple"},"aioseo_notices":[],"jetpack_sharing_enabled":true,"_links":{"self":[{"href":"https:\/\/www.chicha-tiime.fr\/en\/wp-json\/wp\/v2\/product\/4259","targetHints":{"allow":["GET"]}}],"collection":[{"href":"https:\/\/www.chicha-tiime.fr\/en\/wp-json\/wp\/v2\/product"}],"about":[{"href":"https:\/\/www.chicha-tiime.fr\/en\/wp-json\/wp\/v2\/types\/product"}],"replies":[{"embeddable":true,"href":"https:\/\/www.chicha-tiime.fr\/en\/wp-json\/wp\/v2\/comments?post=4259"}],"wp:featuredmedia":[{"embeddable":true,"href":"https:\/\/www.chicha-tiime.fr\/en\/wp-json\/wp\/v2\/media\/4260"}],"wp:attachment":[{"href":"https:\/\/www.chicha-tiime.fr\/en\/wp-json\/wp\/v2\/media?parent=4259"}],"wp:term":[{"taxonomy":"product_brand","embeddable":true,"href":"https:\/\/www.chicha-tiime.fr\/en\/wp-json\/wp\/v2\/product_brand?post=4259"},{"taxonomy":"product_cat","embeddable":true,"href":"https:\/\/www.chicha-tiime.fr\/en\/wp-json\/wp\/v2\/product_cat?post=4259"},{"taxonomy":"product_tag","embeddable":true,"href":"https:\/\/www.chicha-tiime.fr\/en\/wp-json\/wp\/v2\/product_tag?post=4259"}],"curies":[{"name":"wp","href":"https:\/\/api.w.org\/{rel}","templated":true}]}}