{"id":4226,"date":"2021-09-07T17:34:46","date_gmt":"2021-09-07T17:34:46","guid":{"rendered":"https:\/\/www.chicha-tiime.fr\/?post_type=product&#038;p=4226"},"modified":"2025-11-20T22:15:56","modified_gmt":"2025-11-20T22:15:56","slug":"chicha-ms-micro","status":"publish","type":"product","link":"https:\/\/www.chicha-tiime.fr\/en\/product\/chicha-ms-micro\/","title":{"rendered":"Chicha MS MICRO"},"content":{"rendered":"<p>La MS micro est une chicha cubique en acrylique et aluminium CNC ultra r\u00e9sistant que l\u2019on peut transporter partout gr\u00e2ce \u00e0 son sac de transport hyper compacte. Son ing\u00e9nieux syst\u00e8me de rangement permet en effet de ranger tout le mat\u00e9riel \u00e0 l\u2019int\u00e9rieur du vase pour un gain de place incomparable!<\/p>\n<p>Les performances de la Micro sont surprenantes, elle dispose d\u2019un gros diffuseur pour un tirage hyper fluide ainsi que 4 purges permettant de vider le vase int\u00e9gralement sans se fatiguer. Elle est fournie avec un tuyau silicone basique, un manche d\u00e9vissable en aluminium, un diffuseur et un sac de transport compacte.<\/p>","protected":false},"excerpt":{"rendered":"<p><!-- Description courte du produit --><br \/>\nChicha compacte de tr\u00e8s bonne qualit\u00e9 \u00e0 prix imbattable sur le march\u00e9.<br \/>\n<a style=\"color: black\" href=\"#tab-title-description\"><i>Plus de d\u00e9tails<\/i><\/a><\/p>\n<p><!-- Liste icones --><\/p>\n<div>\n<ul class=\"icon-list\">\n<li>\n<p class=\"ti-truck icon-icon\">\u00a0 <span class=\"icon-text\"><b>TRANSPORT OFFERT<\/b> : Livraison offerte en point relais \u00e0 partir de <b>70\u20ac<\/b> d&rsquo;achats<\/span><\/p>\n<\/li>\n<li>\n<p class=\"ti-lock icon-icon\">\u00a0 <span class=\"icon-text\"><b>Paiement 100% s\u00e9curis\u00e9<\/b><\/span><\/p>\n<\/li>\n<\/ul>\n<\/div>\n<p><!-- \/Liste --><\/p>","protected":false},"featured_media":4239,"comment_status":"open","ping_status":"closed","template":"","meta":{"om_disable_all_campaigns":false,"_monsterinsights_skip_tracking":false,"_monsterinsights_sitenote_active":false,"_monsterinsights_sitenote_note":"","_monsterinsights_sitenote_category":0,"_uf_show_specific_survey":0,"_uf_disable_surveys":false},"product_brand":[],"product_cat":[50,68],"product_tag":[225],"class_list":{"0":"post-4226","1":"product","2":"type-product","3":"status-publish","4":"has-post-thumbnail","6":"product_cat-chicha","7":"product_cat-chichas-classiques","8":"product_tag-ms-mashisha","9":"pa_couleurs-argent","10":"pa_couleurs-bleu","11":"pa_couleurs-noir","12":"pa_couleurs-or","13":"pa_couleurs-rose","14":"pa_couleurs-rouge","16":"first","17":"instock","18":"taxable","19":"shipping-taxable","20":"purchasable","21":"product-type-variable"},"aioseo_notices":[],"jetpack_sharing_enabled":true,"_links":{"self":[{"href":"https:\/\/www.chicha-tiime.fr\/en\/wp-json\/wp\/v2\/product\/4226","targetHints":{"allow":["GET"]}}],"collection":[{"href":"https:\/\/www.chicha-tiime.fr\/en\/wp-json\/wp\/v2\/product"}],"about":[{"href":"https:\/\/www.chicha-tiime.fr\/en\/wp-json\/wp\/v2\/types\/product"}],"replies":[{"embeddable":true,"href":"https:\/\/www.chicha-tiime.fr\/en\/wp-json\/wp\/v2\/comments?post=4226"}],"wp:featuredmedia":[{"embeddable":true,"href":"https:\/\/www.chicha-tiime.fr\/en\/wp-json\/wp\/v2\/media\/4239"}],"wp:attachment":[{"href":"https:\/\/www.chicha-tiime.fr\/en\/wp-json\/wp\/v2\/media?parent=4226"}],"wp:term":[{"taxonomy":"product_brand","embeddable":true,"href":"https:\/\/www.chicha-tiime.fr\/en\/wp-json\/wp\/v2\/product_brand?post=4226"},{"taxonomy":"product_cat","embeddable":true,"href":"https:\/\/www.chicha-tiime.fr\/en\/wp-json\/wp\/v2\/product_cat?post=4226"},{"taxonomy":"product_tag","embeddable":true,"href":"https:\/\/www.chicha-tiime.fr\/en\/wp-json\/wp\/v2\/product_tag?post=4226"}],"curies":[{"name":"wp","href":"https:\/\/api.w.org\/{rel}","templated":true}]}}