{"id":4215,"date":"2021-09-06T17:17:11","date_gmt":"2021-09-06T17:17:11","guid":{"rendered":"https:\/\/www.chicha-tiime.fr\/?post_type=product&#038;p=4215"},"modified":"2024-11-19T11:33:19","modified_gmt":"2024-11-19T11:33:19","slug":"support-manette-ps5","status":"publish","type":"product","link":"https:\/\/www.chicha-tiime.fr\/en\/product\/support-manette-ps5\/","title":{"rendered":"Support Manette PS5 Pour chicha"},"content":{"rendered":"<h1>Votre meilleur alli\u00e9 pour une session de qualit\u00e9<\/h1>\n<h2>Chicha Tiime ne vous garantit pas de faire le top 1 sur Warzone gr\u00e2ce au support manette, mais de passer un bon moment.<\/h2>\n<p>Optimisez vos soir\u00e9es gaming avec l&rsquo;accessoire chicha id\u00e9al ! GameSmoke pr\u00e9sente le support tuyau pour manette de <a href=\"https:\/\/www.playstation.com\/fr-fr\/\">PS5<\/a>, un petit bijou con\u00e7u sp\u00e9cialement pour les d\u00e9tenteurs de la toute derni\u00e8re console.<\/p>\n<p>Simple d&rsquo;utilisation, il vous suffit de passer la partie circulaire autour de votre tuyau chicha et de la clipser pour assurer un maintien parfait pendant vos sessions de jeu.<\/p>\n<p>Profitez du plaisir de jouer tout en savourant votre chicha gr\u00e2ce \u00e0 cet accessoire pratique.<\/p>\n<p><strong>recommandation :<\/strong> Privil\u00e9gier les <a href=\"https:\/\/www.chicha-tiime.fr\/en\/?s=manche+&amp;post_type=product&amp;dgwt_wcas=1\">manche fin et maniable\u00a0<\/a><\/p>\n<h3><img decoding=\"async\" src=\"https:\/\/www.chicha-tiime.fr\/wp-content\/uploads\/2021\/08\/manche-slim-dum-200x200.jpg\" alt=\"Image du produit\" \/><img decoding=\"async\" src=\"https:\/\/www.chicha-tiime.fr\/wp-content\/uploads\/2021\/08\/MANCHE-T-MAX-200x200.jpg\" alt=\"Image du produit\" \/><\/h3>\n<h3>Caract\u00e9ristiques :<\/h3>\n<ul>\n<li>Accessoire d\u00e9di\u00e9 \u00e0 votre manette de console<\/li>\n<li>Fabriqu\u00e9 en plastique de haute qualit\u00e9<\/li>\n<li>Compatible exclusivement avec la manette de PS5.<\/li>\n<\/ul>","protected":false},"excerpt":{"rendered":"<p><!-- Description courte du produit --><br \/>\nSupport tuyau chicha pour manette de Playstation<br \/>\n<a style=\"color: black;\" href=\"#tab-title-description\"><i>Plus de d\u00e9tails<\/i><\/a><\/p>","protected":false},"featured_media":4216,"comment_status":"open","ping_status":"closed","template":"","meta":{"om_disable_all_campaigns":false,"_monsterinsights_skip_tracking":false,"_monsterinsights_sitenote_active":false,"_monsterinsights_sitenote_note":"","_monsterinsights_sitenote_category":0,"_uf_show_specific_survey":0,"_uf_disable_surveys":false},"product_brand":[],"product_cat":[55,509,513,341],"product_tag":[],"class_list":{"0":"post-4215","1":"product","2":"type-product","3":"status-publish","4":"has-post-thumbnail","6":"product_cat-accessoires","7":"product_cat-accessoires-promo","8":"product_cat-manches-promo","9":"product_cat-soldes","11":"first","12":"instock","13":"sale","14":"taxable","15":"shipping-taxable","16":"purchasable","17":"product-type-simple"},"aioseo_notices":[],"jetpack_sharing_enabled":true,"_links":{"self":[{"href":"https:\/\/www.chicha-tiime.fr\/en\/wp-json\/wp\/v2\/product\/4215","targetHints":{"allow":["GET"]}}],"collection":[{"href":"https:\/\/www.chicha-tiime.fr\/en\/wp-json\/wp\/v2\/product"}],"about":[{"href":"https:\/\/www.chicha-tiime.fr\/en\/wp-json\/wp\/v2\/types\/product"}],"replies":[{"embeddable":true,"href":"https:\/\/www.chicha-tiime.fr\/en\/wp-json\/wp\/v2\/comments?post=4215"}],"wp:featuredmedia":[{"embeddable":true,"href":"https:\/\/www.chicha-tiime.fr\/en\/wp-json\/wp\/v2\/media\/4216"}],"wp:attachment":[{"href":"https:\/\/www.chicha-tiime.fr\/en\/wp-json\/wp\/v2\/media?parent=4215"}],"wp:term":[{"taxonomy":"product_brand","embeddable":true,"href":"https:\/\/www.chicha-tiime.fr\/en\/wp-json\/wp\/v2\/product_brand?post=4215"},{"taxonomy":"product_cat","embeddable":true,"href":"https:\/\/www.chicha-tiime.fr\/en\/wp-json\/wp\/v2\/product_cat?post=4215"},{"taxonomy":"product_tag","embeddable":true,"href":"https:\/\/www.chicha-tiime.fr\/en\/wp-json\/wp\/v2\/product_tag?post=4215"}],"curies":[{"name":"wp","href":"https:\/\/api.w.org\/{rel}","templated":true}]}}