{"id":4104,"date":"2021-09-04T13:53:44","date_gmt":"2021-09-04T13:53:44","guid":{"rendered":"https:\/\/www.chicha-tiime.fr\/?post_type=product&#038;p=4104"},"modified":"2024-08-13T13:22:57","modified_gmt":"2024-08-13T13:22:57","slug":"foyer-hc-black-cascade-gold","status":"publish","type":"product","link":"https:\/\/www.chicha-tiime.fr\/en\/product\/foyer-hc-black-cascade-gold\/","title":{"rendered":"FOYER HC BLACK CASCADE GOLD"},"content":{"rendered":"<p>Le foyer phunnel HC CASCADE BLACK GOLD est une r\u00e9f\u00e9rence dans les foyers phunnel, id\u00e9al pour une utilisation avec un syst\u00e8me de chauffe de type KALOUD LOTUS ou avec une feuille d&rsquo;aluminium.<\/p>\n<p>Le foyer HC CASCADE BLACK GOLD est fabriqu\u00e9 \u00e0 la main en c\u00e9ramique.<\/p>\n<p>Hauteur: 14 cm environ<br \/>\nDiam\u00e8tre du plateau: 8 cm environ<br \/>\ndiam\u00e8tre du trou central: 2 cm environ<\/p>\n<p>Fabriqu\u00e9 en Espagne<\/p>","protected":false},"excerpt":{"rendered":"<p><!-- Description courte du produit --><br \/>\nFoyer HC CASCADE BLACK GOLD, de type phunnel, hauteur 14cm, diam\u00e8tre 8cm<br \/>\n<a style=\"color: black;\" href=\"#tab-title-description\"><i>Plus de d\u00e9tails<\/i><\/a><\/p>","protected":false},"featured_media":4107,"comment_status":"open","ping_status":"closed","template":"","meta":{"om_disable_all_campaigns":false,"_monsterinsights_skip_tracking":false,"_monsterinsights_sitenote_active":false,"_monsterinsights_sitenote_note":"","_monsterinsights_sitenote_category":0,"_uf_show_specific_survey":0,"_uf_disable_surveys":false},"product_brand":[],"product_cat":[54,287,285],"product_tag":[217],"class_list":{"0":"post-4104","1":"product","2":"type-product","3":"status-publish","4":"has-post-thumbnail","6":"product_cat-foyer","7":"product_cat-foyer-alu-provost","8":"product_cat-foyer-kaloud","9":"product_tag-el-badia","10":"pa_couleurs-black","11":"pa_couleurs-white","13":"first","14":"instock","15":"taxable","16":"shipping-taxable","17":"purchasable","18":"product-type-simple"},"aioseo_notices":[],"jetpack_sharing_enabled":true,"_links":{"self":[{"href":"https:\/\/www.chicha-tiime.fr\/en\/wp-json\/wp\/v2\/product\/4104","targetHints":{"allow":["GET"]}}],"collection":[{"href":"https:\/\/www.chicha-tiime.fr\/en\/wp-json\/wp\/v2\/product"}],"about":[{"href":"https:\/\/www.chicha-tiime.fr\/en\/wp-json\/wp\/v2\/types\/product"}],"replies":[{"embeddable":true,"href":"https:\/\/www.chicha-tiime.fr\/en\/wp-json\/wp\/v2\/comments?post=4104"}],"wp:featuredmedia":[{"embeddable":true,"href":"https:\/\/www.chicha-tiime.fr\/en\/wp-json\/wp\/v2\/media\/4107"}],"wp:attachment":[{"href":"https:\/\/www.chicha-tiime.fr\/en\/wp-json\/wp\/v2\/media?parent=4104"}],"wp:term":[{"taxonomy":"product_brand","embeddable":true,"href":"https:\/\/www.chicha-tiime.fr\/en\/wp-json\/wp\/v2\/product_brand?post=4104"},{"taxonomy":"product_cat","embeddable":true,"href":"https:\/\/www.chicha-tiime.fr\/en\/wp-json\/wp\/v2\/product_cat?post=4104"},{"taxonomy":"product_tag","embeddable":true,"href":"https:\/\/www.chicha-tiime.fr\/en\/wp-json\/wp\/v2\/product_tag?post=4104"}],"curies":[{"name":"wp","href":"https:\/\/api.w.org\/{rel}","templated":true}]}}