{"id":4057,"date":"2021-09-03T16:21:36","date_gmt":"2021-09-03T16:21:36","guid":{"rendered":"https:\/\/www.chicha-tiime.fr\/?post_type=product&#038;p=4057"},"modified":"2025-12-21T13:47:26","modified_gmt":"2025-12-21T13:47:26","slug":"hooky-slim","status":"publish","type":"product","link":"https:\/\/www.chicha-tiime.fr\/en\/product\/hooky-slim\/","title":{"rendered":"HOOKY SLIM"},"content":{"rendered":"<p>La chicha \u00e9lectronique SLIM BLACK de la marque fran\u00e7aise HOOKY marque une nouvelle \u00e8re dans le monde de la e-chicha. En effet, la HOOKY SLIM BLACK, outre un design fin et \u00e9lanc\u00e9, est dot\u00e9e d&rsquo;un nouveau syst\u00e8me de contact entre la bougie et la batterie qui lui procure une fiabilit\u00e9 optimale.<\/p>\n<p>Sur cet appareil HOOKY a repens\u00e9 le airflow en faisant passer la prise d&rsquo;air directement par le haut de la t\u00eate ce qui rend la fluidit\u00e9 id\u00e9ale.<\/p>\n<p>La HOOKY SLIM BLACK dispose d&rsquo;un enclenchement automatique \u00e0 capteur de pression prot\u00e9g\u00e9.<\/p>","protected":false},"excerpt":{"rendered":"<p><!-- Description courte du produit --><br \/>\nChicha \u00e9lectronique SLIM EDITION de la marque fran\u00e7aise HOOKY<br \/>\n<a style=\"color: black;\" href=\"#tab-title-description\"><i>Plus de d\u00e9tails<\/i><\/a><\/p>","protected":false},"featured_media":4065,"comment_status":"open","ping_status":"closed","template":"","meta":{"om_disable_all_campaigns":false,"_monsterinsights_skip_tracking":false,"_monsterinsights_sitenote_active":false,"_monsterinsights_sitenote_note":"","_monsterinsights_sitenote_category":0,"_uf_show_specific_survey":0,"_uf_disable_surveys":false},"product_brand":[],"product_cat":[509,56,510,341],"product_tag":[334],"class_list":{"0":"post-4057","1":"product","2":"type-product","3":"status-publish","4":"has-post-thumbnail","6":"product_cat-accessoires-promo","7":"product_cat-nos-puffs","8":"product_cat-puff-soldes","9":"product_cat-soldes","10":"product_tag-hooky","11":"pa_couleurs-black","12":"pa_couleurs-white","14":"first","15":"instock","16":"sale","17":"taxable","18":"shipping-taxable","19":"purchasable","20":"product-type-variable"},"aioseo_notices":[],"jetpack_sharing_enabled":true,"_links":{"self":[{"href":"https:\/\/www.chicha-tiime.fr\/en\/wp-json\/wp\/v2\/product\/4057","targetHints":{"allow":["GET"]}}],"collection":[{"href":"https:\/\/www.chicha-tiime.fr\/en\/wp-json\/wp\/v2\/product"}],"about":[{"href":"https:\/\/www.chicha-tiime.fr\/en\/wp-json\/wp\/v2\/types\/product"}],"replies":[{"embeddable":true,"href":"https:\/\/www.chicha-tiime.fr\/en\/wp-json\/wp\/v2\/comments?post=4057"}],"wp:featuredmedia":[{"embeddable":true,"href":"https:\/\/www.chicha-tiime.fr\/en\/wp-json\/wp\/v2\/media\/4065"}],"wp:attachment":[{"href":"https:\/\/www.chicha-tiime.fr\/en\/wp-json\/wp\/v2\/media?parent=4057"}],"wp:term":[{"taxonomy":"product_brand","embeddable":true,"href":"https:\/\/www.chicha-tiime.fr\/en\/wp-json\/wp\/v2\/product_brand?post=4057"},{"taxonomy":"product_cat","embeddable":true,"href":"https:\/\/www.chicha-tiime.fr\/en\/wp-json\/wp\/v2\/product_cat?post=4057"},{"taxonomy":"product_tag","embeddable":true,"href":"https:\/\/www.chicha-tiime.fr\/en\/wp-json\/wp\/v2\/product_tag?post=4057"}],"curies":[{"name":"wp","href":"https:\/\/api.w.org\/{rel}","templated":true}]}}