{"id":3734,"date":"2021-08-12T00:26:32","date_gmt":"2021-08-12T00:26:32","guid":{"rendered":"https:\/\/www.chicha-tiime.fr\/?post_type=product&#038;p=3734"},"modified":"2025-11-07T13:01:14","modified_gmt":"2025-11-07T13:01:14","slug":"chicha-brodator-320-mini","status":"publish","type":"product","link":"https:\/\/www.chicha-tiime.fr\/en\/product\/chicha-brodator-320-mini\/","title":{"rendered":"CHICHA BRODATOR 320 MINI"},"content":{"rendered":"<p>Caract\u00e9ristiques<strong> :<\/strong><br \/>\n&#8211; Chicha en acier Inoxydable<br \/>\n&#8211; Hauteur: 32 cm<br \/>\n&#8211; Tuyau en silicone et aluminium<br \/>\n&#8211; Diffuseur \u00e0 hauteur r\u00e9glable inclus<br \/>\n&#8211; Cut de colonne 18\/8 inclus<br \/>\n&#8211; Foyer en terre cuite inclus<br \/>\n&#8211; Chemin\u00e9e de chauffe incluse<br \/>\n&#8211; Vase effet Shiny<\/p>","protected":false},"excerpt":{"rendered":"<p>La chicha id\u00e9ale pour \u00eatre transport\u00e9e <strong>SACOCHE OFFERTE !<\/strong><\/p>","protected":false},"featured_media":3747,"comment_status":"open","ping_status":"closed","template":"","meta":{"om_disable_all_campaigns":false,"_monsterinsights_skip_tracking":false,"_monsterinsights_sitenote_active":false,"_monsterinsights_sitenote_note":"","_monsterinsights_sitenote_category":0,"_uf_show_specific_survey":0,"_uf_disable_surveys":false},"product_brand":[],"product_cat":[50,68,67,341],"product_tag":[213],"class_list":{"0":"post-3734","1":"product","2":"type-product","3":"status-publish","4":"has-post-thumbnail","6":"product_cat-chicha","7":"product_cat-chichas-classiques","8":"product_cat-chichas-traditionnelles","9":"product_cat-soldes","10":"product_tag-brodator","12":"first","13":"instock","14":"taxable","15":"shipping-taxable","16":"purchasable","17":"product-type-variable"},"aioseo_notices":[],"jetpack_sharing_enabled":true,"_links":{"self":[{"href":"https:\/\/www.chicha-tiime.fr\/en\/wp-json\/wp\/v2\/product\/3734","targetHints":{"allow":["GET"]}}],"collection":[{"href":"https:\/\/www.chicha-tiime.fr\/en\/wp-json\/wp\/v2\/product"}],"about":[{"href":"https:\/\/www.chicha-tiime.fr\/en\/wp-json\/wp\/v2\/types\/product"}],"replies":[{"embeddable":true,"href":"https:\/\/www.chicha-tiime.fr\/en\/wp-json\/wp\/v2\/comments?post=3734"}],"wp:featuredmedia":[{"embeddable":true,"href":"https:\/\/www.chicha-tiime.fr\/en\/wp-json\/wp\/v2\/media\/3747"}],"wp:attachment":[{"href":"https:\/\/www.chicha-tiime.fr\/en\/wp-json\/wp\/v2\/media?parent=3734"}],"wp:term":[{"taxonomy":"product_brand","embeddable":true,"href":"https:\/\/www.chicha-tiime.fr\/en\/wp-json\/wp\/v2\/product_brand?post=3734"},{"taxonomy":"product_cat","embeddable":true,"href":"https:\/\/www.chicha-tiime.fr\/en\/wp-json\/wp\/v2\/product_cat?post=3734"},{"taxonomy":"product_tag","embeddable":true,"href":"https:\/\/www.chicha-tiime.fr\/en\/wp-json\/wp\/v2\/product_tag?post=3734"}],"curies":[{"name":"wp","href":"https:\/\/api.w.org\/{rel}","templated":true}]}}