{"id":3494,"date":"2021-08-10T16:54:47","date_gmt":"2021-08-10T16:54:47","guid":{"rendered":"https:\/\/www.chicha-tiime.fr\/?post_type=product&#038;p=3494"},"modified":"2024-08-13T13:23:02","modified_gmt":"2024-08-13T13:23:02","slug":"chicha-dum-evolution","status":"publish","type":"product","link":"https:\/\/www.chicha-tiime.fr\/en\/product\/chicha-dum-evolution\/","title":{"rendered":"CHICHA DUM EVOLUTION"},"content":{"rendered":"<p>Une belle chicha sobre et design pour vos futures sessions ! La marque de chichas DUM nous pr\u00e9sente cette fois une petite p\u00e9pite qui ne laissera personne indiff\u00e9rent. Comme toujours, la marque a pour objectif de vous proposer un narguil\u00e9 abordable et esth\u00e9tique au maximum, et c\u2019est un savant m\u00e9lange de technique et de style qui compose cette nouvelle chicha : la DUM Evolution ! A l\u2019oppos\u00e9 de son c\u00e9l\u00e8bre mod\u00e8le DUM t\u00eate de mort, la chicha DUM Evolution se veut simple et \u00e9l\u00e9gante. Mais que cache t-elle vraiment ?<\/p>\n<p>Chicha DUM Evolution : Une chicha dans l\u2019\u00e8re du temps<br \/>\nAmateurs de belles chichas modernes : la DUM Evolution est faite pour vous ! Son vase en verre translucide ainsi que sa colonne et son assiette, toutes les deux fabriqu\u00e9es en acier inoxydable, lui donne un style efficace sans en faire trop ! Pratique pour la personnaliser avec des accessoires plus color\u00e9s selon vos envies du moment.<\/p>\n<p>A propos d\u2019accessoires, ce narguil\u00e9 n\u2019en manque pas : vous aurez le plaisir de retrouver un connecteur en verre pour votre tuyau chicha, un flexible en silicone noir accompagn\u00e9 d\u2019un manche en verre ainsi que d\u2019un ressort \u00e0 ajouter \u00e0 votre tuyau pour \u00e9viter qu\u2019il ne se plie pendant vos sessions. Enfin, un foyer traditionnel en terre cuite ainsi qu\u2019un syst\u00e8me de chauffe de type Brohood sont inclus. Un sans faute pour DUM, qui vous propose donc une chicha tout \u00e9quip\u00e9e, utilisable d\u00e8s r\u00e9ception avec vos charbon et votre go\u00fbt chicha favoris.<\/p>\n<p>Et c\u00f4t\u00e9 technique ?<br \/>\nEn plus d\u2019\u00eatre styl\u00e9e, cette chicha est \u00e9quip\u00e9e d\u2019\u00e9l\u00e9ments techniques qui en feront un narguil\u00e9 de choix pour vos futures sessions, en particulier les sessions \u00e0 plusieurs ! Vous avez donc la possibilit\u00e9 de connecter jusqu\u2019\u00e0 4 tuyaux chicha sur cette petite p\u00e9pite, gr\u00e2ce \u00e0 ses 4 sorties tuyaux. Un plongeur avec diffuseur amovible est \u00e9galement livr\u00e9 avec la chicha. Plut\u00f4t tirage lourd ou plus fluide ? A vous de choisir, et de retirer le diffuseur ou de l\u2019ajouter selon vos pr\u00e9f\u00e9rences.<\/p>\n<p>Le narguil\u00e9 est \u00e9quip\u00e9 d\u2019une bague pleine, qui vous permettra d\u2019\u00e9vacuer en un clin d\u2019\u0153il la fum\u00e9e pr\u00e9sente dans le vase. Enfin, une soupape de purge d\u00e9vissable est pr\u00e9sente sur la base de la colonne. Une belle chicha compl\u00e8te \u00e0 exp\u00e9rimenter seul(e) ou entre amis !<\/p>\n<p><strong>Caract\u00e9ristiques :<\/strong><br \/>\nChicha en verre et acier inoxydable<br \/>\nHauteur : 39 cm sans foyer, 48,5 cm environ avec foyer et grille chemin\u00e9e<br \/>\nAssiette en acier inoxydable<br \/>\n4 sorties tuyaux<br \/>\n1 soupape de purge<br \/>\n1 connecteur tuyau<br \/>\nPlongeur avec diffuseur amovible<br \/>\nFoyer traditionnel en terre cuite<br \/>\nGrille chemin\u00e9e<br \/>\nBague pleine<br \/>\nFlexible silicone<br \/>\nManche chicha design en verre<\/p>","protected":false},"excerpt":{"rendered":"<p>Chicha DUM en verre et acier inoxydable<\/p>","protected":false},"featured_media":3500,"comment_status":"open","ping_status":"closed","template":"","meta":{"om_disable_all_campaigns":false,"_monsterinsights_skip_tracking":false,"_monsterinsights_sitenote_active":false,"_monsterinsights_sitenote_note":"","_monsterinsights_sitenote_category":0,"_uf_show_specific_survey":0,"_uf_disable_surveys":false},"product_brand":[],"product_cat":[50,68],"product_tag":[216],"class_list":{"0":"post-3494","1":"product","2":"type-product","3":"status-publish","4":"has-post-thumbnail","6":"product_cat-chicha","7":"product_cat-chichas-classiques","8":"product_tag-dum","10":"first","11":"instock","12":"sale","13":"taxable","14":"shipping-taxable","15":"purchasable","16":"product-type-simple"},"aioseo_notices":[],"jetpack_sharing_enabled":true,"_links":{"self":[{"href":"https:\/\/www.chicha-tiime.fr\/en\/wp-json\/wp\/v2\/product\/3494","targetHints":{"allow":["GET"]}}],"collection":[{"href":"https:\/\/www.chicha-tiime.fr\/en\/wp-json\/wp\/v2\/product"}],"about":[{"href":"https:\/\/www.chicha-tiime.fr\/en\/wp-json\/wp\/v2\/types\/product"}],"replies":[{"embeddable":true,"href":"https:\/\/www.chicha-tiime.fr\/en\/wp-json\/wp\/v2\/comments?post=3494"}],"wp:featuredmedia":[{"embeddable":true,"href":"https:\/\/www.chicha-tiime.fr\/en\/wp-json\/wp\/v2\/media\/3500"}],"wp:attachment":[{"href":"https:\/\/www.chicha-tiime.fr\/en\/wp-json\/wp\/v2\/media?parent=3494"}],"wp:term":[{"taxonomy":"product_brand","embeddable":true,"href":"https:\/\/www.chicha-tiime.fr\/en\/wp-json\/wp\/v2\/product_brand?post=3494"},{"taxonomy":"product_cat","embeddable":true,"href":"https:\/\/www.chicha-tiime.fr\/en\/wp-json\/wp\/v2\/product_cat?post=3494"},{"taxonomy":"product_tag","embeddable":true,"href":"https:\/\/www.chicha-tiime.fr\/en\/wp-json\/wp\/v2\/product_tag?post=3494"}],"curies":[{"name":"wp","href":"https:\/\/api.w.org\/{rel}","templated":true}]}}