{"id":3472,"date":"2021-08-10T16:03:57","date_gmt":"2021-08-10T16:03:57","guid":{"rendered":"https:\/\/www.chicha-tiime.fr\/?post_type=product&#038;p=3472"},"modified":"2024-08-13T13:23:03","modified_gmt":"2024-08-13T13:23:03","slug":"chicha-dum-gringo","status":"publish","type":"product","link":"https:\/\/www.chicha-tiime.fr\/en\/product\/chicha-dum-gringo\/","title":{"rendered":"CHICHA DUM GRINGO"},"content":{"rendered":"<p>La <strong>Dum Gringo<\/strong> est une chicha moderne, avec un look tr\u00e8s original. Design avec ses motifs color\u00e9s inspir\u00e9s des motifs calaveras, ces t\u00eates de morts de la c\u00e9l\u00e8bre f\u00eate mexicaine tr\u00e8s connus.<\/p>\n<p>Cette chicha poss\u00e8de un vase en verre \u00e9pais, d\u2019une colonne en aluminium, d\u2019un plongeur avec diffuseur amovible permettant d\u2019ajuster le tirage ( en fonction de votre choix celui-ci peut \u00eatre plus au moins doux), de son tuyau complet.<\/p>\n<p>En plus d\u2019\u00eatre livr\u00e9e compl\u00e8te, cette chicha est de qualit\u00e9.<\/p>\n<p>La chicha Dum Gringo a d\u00e9j\u00e0 fait une fureur pour son rapport qualit\u00e9 prix et se retrouve d\u2019ailleurs au seins de nombreux \u00e9tablissements de narguil\u00e9s partout en Europe.<\/p>\n<p><strong>Contenu :<\/strong><\/p>\n<p>Vase en verre \u00e9pais<br \/>\nColonne d\u00e9cor\u00e9e en aluminium anti-oxydation<br \/>\nAssiette plate<br \/>\nTuyau<br \/>\nManche en aluminium<br \/>\nFoyer en terre cuite<br \/>\nPlongeur avec diffuseur<br \/>\nCaract\u00e9ristiques:<\/p>\n<p>Hauteur: 43 cm<br \/>\nPoids: 1761g<br \/>\n4 couleurs disponibles<\/p>","protected":false},"excerpt":{"rendered":"<p>Chicha moderne, livr\u00e9e compl\u00e8te avec tuyau silicone et foyer<\/p>","protected":false},"featured_media":3480,"comment_status":"open","ping_status":"closed","template":"","meta":{"om_disable_all_campaigns":false,"_monsterinsights_skip_tracking":false,"_monsterinsights_sitenote_active":false,"_monsterinsights_sitenote_note":"","_monsterinsights_sitenote_category":0,"_uf_show_specific_survey":0,"_uf_disable_surveys":false},"product_brand":[],"product_cat":[50,68,283,341],"product_tag":[216],"class_list":{"0":"post-3472","1":"product","2":"type-product","3":"status-publish","4":"has-post-thumbnail","6":"product_cat-chicha","7":"product_cat-chichas-classiques","8":"product_cat-chichas-premier-prix","9":"product_cat-soldes","10":"product_tag-dum","11":"pa_couleurs-bleu","12":"pa_couleurs-rose","13":"pa_couleurs-rouge","14":"pa_couleurs-transparent","15":"pa_couleurs-vert","16":"pa_couleurs-vertigo","17":"pa_couleurs-violet","19":"first","20":"instock","21":"sale","22":"taxable","23":"shipping-taxable","24":"purchasable","25":"product-type-variable"},"aioseo_notices":[],"jetpack_sharing_enabled":true,"_links":{"self":[{"href":"https:\/\/www.chicha-tiime.fr\/en\/wp-json\/wp\/v2\/product\/3472","targetHints":{"allow":["GET"]}}],"collection":[{"href":"https:\/\/www.chicha-tiime.fr\/en\/wp-json\/wp\/v2\/product"}],"about":[{"href":"https:\/\/www.chicha-tiime.fr\/en\/wp-json\/wp\/v2\/types\/product"}],"replies":[{"embeddable":true,"href":"https:\/\/www.chicha-tiime.fr\/en\/wp-json\/wp\/v2\/comments?post=3472"}],"wp:featuredmedia":[{"embeddable":true,"href":"https:\/\/www.chicha-tiime.fr\/en\/wp-json\/wp\/v2\/media\/3480"}],"wp:attachment":[{"href":"https:\/\/www.chicha-tiime.fr\/en\/wp-json\/wp\/v2\/media?parent=3472"}],"wp:term":[{"taxonomy":"product_brand","embeddable":true,"href":"https:\/\/www.chicha-tiime.fr\/en\/wp-json\/wp\/v2\/product_brand?post=3472"},{"taxonomy":"product_cat","embeddable":true,"href":"https:\/\/www.chicha-tiime.fr\/en\/wp-json\/wp\/v2\/product_cat?post=3472"},{"taxonomy":"product_tag","embeddable":true,"href":"https:\/\/www.chicha-tiime.fr\/en\/wp-json\/wp\/v2\/product_tag?post=3472"}],"curies":[{"name":"wp","href":"https:\/\/api.w.org\/{rel}","templated":true}]}}