{"id":2747,"date":"2021-05-31T19:36:29","date_gmt":"2021-05-31T19:36:29","guid":{"rendered":"https:\/\/www.chicha-tiime.fr\/?post_type=product&#038;p=2747"},"modified":"2026-02-15T17:44:09","modified_gmt":"2026-02-15T17:44:09","slug":"2747","status":"publish","type":"product","link":"https:\/\/www.chicha-tiime.fr\/en\/product\/2747\/","title":{"rendered":"Chicha TSAR Nitro"},"content":{"rendered":"<p>La chicha TSAR Nitro est une chicha <strong>compacte<\/strong>\u00a0et pratique d\u2019environ 22 cm de haut (sans foyer).<\/p>\n<p>La\u00a0<strong>Tsar Nitro<\/strong>\u00a0dispose d\u2019une\u00a0<strong>liste d\u2019\u00e9quipements impressionnante<\/strong>\u00a0compte-tenu de son prix mini. Cette\u00a0<strong>mini chicha\u00a0<\/strong>ultra compacte vous sera livr\u00e9e avec un\u00a0<strong>foyer en c\u00e9ramique<\/strong>, parfaitement compatible avec les syst\u00e8mes de chauffe Kaloud ou Ignis, d\u2019un\u00a0<strong>tuyau en silicone avec manche en aluminium<\/strong>\u00a0et d\u2019une\u00a0<strong>pince \u00e0 charbon<\/strong>.<\/p>","protected":false},"excerpt":{"rendered":"<p><!-- Description courte du produit --><br \/>\nChicha TSAR Nitro \u00e9quip\u00e9e avec foyer c\u00e9ramique compatible Kaloud + tuyau silicone et manche alu.<br \/>\n<a style=\"color: black;\" href=\"#tab-title-description\"><i>Plus de d\u00e9tails<\/i><\/a><\/p>","protected":false},"featured_media":2753,"comment_status":"open","ping_status":"closed","template":"","meta":{"om_disable_all_campaigns":false,"_monsterinsights_skip_tracking":false,"_monsterinsights_sitenote_active":false,"_monsterinsights_sitenote_note":"","_monsterinsights_sitenote_category":0,"_uf_show_specific_survey":0,"_uf_disable_surveys":false},"product_brand":[],"product_cat":[50,68,341],"product_tag":[234],"class_list":{"0":"post-2747","1":"product","2":"type-product","3":"status-publish","4":"has-post-thumbnail","6":"product_cat-chicha","7":"product_cat-chichas-classiques","8":"product_cat-soldes","9":"product_tag-tsar","10":"pa_categorie-chicha","11":"pa_categorie-chicha-grand-public","12":"pa_couleurs-blanc-noir","13":"pa_couleurs-bleu-noir","14":"pa_couleurs-noir-noir","15":"pa_couleurs-noir-or","16":"pa_couleurs-noir-rouge","17":"pa_couleurs-pink-camo","18":"pa_couleurs-rouge-noir","19":"pa_couleurs-skyblue-camo","20":"pa_couleurs-urban-camo","22":"first","23":"instock","24":"sold-individually","25":"taxable","26":"shipping-taxable","27":"purchasable","28":"product-type-variable"},"aioseo_notices":[],"jetpack_sharing_enabled":true,"_links":{"self":[{"href":"https:\/\/www.chicha-tiime.fr\/en\/wp-json\/wp\/v2\/product\/2747","targetHints":{"allow":["GET"]}}],"collection":[{"href":"https:\/\/www.chicha-tiime.fr\/en\/wp-json\/wp\/v2\/product"}],"about":[{"href":"https:\/\/www.chicha-tiime.fr\/en\/wp-json\/wp\/v2\/types\/product"}],"replies":[{"embeddable":true,"href":"https:\/\/www.chicha-tiime.fr\/en\/wp-json\/wp\/v2\/comments?post=2747"}],"wp:featuredmedia":[{"embeddable":true,"href":"https:\/\/www.chicha-tiime.fr\/en\/wp-json\/wp\/v2\/media\/2753"}],"wp:attachment":[{"href":"https:\/\/www.chicha-tiime.fr\/en\/wp-json\/wp\/v2\/media?parent=2747"}],"wp:term":[{"taxonomy":"product_brand","embeddable":true,"href":"https:\/\/www.chicha-tiime.fr\/en\/wp-json\/wp\/v2\/product_brand?post=2747"},{"taxonomy":"product_cat","embeddable":true,"href":"https:\/\/www.chicha-tiime.fr\/en\/wp-json\/wp\/v2\/product_cat?post=2747"},{"taxonomy":"product_tag","embeddable":true,"href":"https:\/\/www.chicha-tiime.fr\/en\/wp-json\/wp\/v2\/product_tag?post=2747"}],"curies":[{"name":"wp","href":"https:\/\/api.w.org\/{rel}","templated":true}]}}