{"id":2665,"date":"2021-05-31T17:19:45","date_gmt":"2021-05-31T17:19:45","guid":{"rendered":"https:\/\/www.chicha-tiime.fr\/?post_type=product&#038;p=2665"},"modified":"2024-08-13T13:23:05","modified_gmt":"2024-08-13T13:23:05","slug":"charbon-naturel-dum-coco-ring","status":"publish","type":"product","link":"https:\/\/www.chicha-tiime.fr\/en\/product\/charbon-naturel-dum-coco-ring\/","title":{"rendered":"Charbon naturel DUM Coco Ring"},"content":{"rendered":"<p>Avec sa forme sp\u00e9ciale en \u201ccamembert\u201d, le\u00a0<strong>charbon naturel DUM Ring<\/strong>\u00a0est est un\u00a0charbon naturel pour chicha\u00a0id\u00e9al pour \u00eatre utilis\u00e9 avec le c\u00e9l\u00e8bre syst\u00e8me de chauffe\u00a0Kaloud Lotus 2. Conditionn\u00e9 dans une boite de 1kg, soit environ 24 sessions, ce\u00a0<strong>charbon naturel<\/strong>\u00a0pour chicha est un charbon de qualit\u00e9, fabriqu\u00e9 \u00e0 partir d\u2019\u00e9corces de noix de coco.<\/p>","protected":false},"excerpt":{"rendered":"<p><!-- Description courte du produit --><br \/>\nCharbon naturel pour chicha forme sp\u00e9ciale Kaloud \/ type Kaloud.<br \/>\n<span><a href=\"#tab-title-description\" style=\"color: black\"><i>Plus de d\u00e9tails<\/i><\/a><\/span><\/p>","protected":false},"featured_media":2666,"comment_status":"open","ping_status":"closed","template":"","meta":{"om_disable_all_campaigns":false,"_monsterinsights_skip_tracking":false,"_monsterinsights_sitenote_active":false,"_monsterinsights_sitenote_note":"","_monsterinsights_sitenote_category":0,"_uf_show_specific_survey":0,"_uf_disable_surveys":false},"product_brand":[],"product_cat":[52],"product_tag":[216],"class_list":{"0":"post-2665","1":"product","2":"type-product","3":"status-publish","4":"has-post-thumbnail","6":"product_cat-charbons","7":"product_tag-dum","8":"pa_categorie-charbons","10":"first","11":"instock","12":"taxable","13":"shipping-taxable","14":"purchasable","15":"product-type-simple"},"aioseo_notices":[],"jetpack_sharing_enabled":true,"_links":{"self":[{"href":"https:\/\/www.chicha-tiime.fr\/en\/wp-json\/wp\/v2\/product\/2665","targetHints":{"allow":["GET"]}}],"collection":[{"href":"https:\/\/www.chicha-tiime.fr\/en\/wp-json\/wp\/v2\/product"}],"about":[{"href":"https:\/\/www.chicha-tiime.fr\/en\/wp-json\/wp\/v2\/types\/product"}],"replies":[{"embeddable":true,"href":"https:\/\/www.chicha-tiime.fr\/en\/wp-json\/wp\/v2\/comments?post=2665"}],"wp:featuredmedia":[{"embeddable":true,"href":"https:\/\/www.chicha-tiime.fr\/en\/wp-json\/wp\/v2\/media\/2666"}],"wp:attachment":[{"href":"https:\/\/www.chicha-tiime.fr\/en\/wp-json\/wp\/v2\/media?parent=2665"}],"wp:term":[{"taxonomy":"product_brand","embeddable":true,"href":"https:\/\/www.chicha-tiime.fr\/en\/wp-json\/wp\/v2\/product_brand?post=2665"},{"taxonomy":"product_cat","embeddable":true,"href":"https:\/\/www.chicha-tiime.fr\/en\/wp-json\/wp\/v2\/product_cat?post=2665"},{"taxonomy":"product_tag","embeddable":true,"href":"https:\/\/www.chicha-tiime.fr\/en\/wp-json\/wp\/v2\/product_tag?post=2665"}],"curies":[{"name":"wp","href":"https:\/\/api.w.org\/{rel}","templated":true}]}}