{"id":2662,"date":"2021-05-31T17:04:16","date_gmt":"2021-05-31T17:04:16","guid":{"rendered":"https:\/\/www.chicha-tiime.fr\/?post_type=product&#038;p=2662"},"modified":"2024-11-19T11:38:12","modified_gmt":"2024-11-19T11:38:12","slug":"charbons-three-kings-33mm-boite-de-100","status":"publish","type":"product","link":"https:\/\/www.chicha-tiime.fr\/en\/product\/charbons-three-kings-33mm-boite-de-100\/","title":{"rendered":"CHARBONS THREE KINGS 33 mm &#8211; bo\u00eete de 100"},"content":{"rendered":"<div class=\"flex-1 overflow-hidden\">\n<div class=\"react-scroll-to-bottom--css-qksmr-79elbk h-full\">\n<div class=\"react-scroll-to-bottom--css-qksmr-1n7m0yu\">\n<div class=\"flex flex-col pb-9 text-sm\">\n<div class=\"w-full text-token-text-primary\" data-testid=\"conversation-turn-5\">\n<div class=\"px-4 py-2 justify-center text-base md:gap-6 m-auto\">\n<div class=\"flex flex-1 text-base mx-auto gap-3 md:px-5 lg:px-1 xl:px-5 md:max-w-3xl lg:max-w-[40rem] xl:max-w-[48rem] group final-completion\">\n<div class=\"relative flex w-full flex-col lg:w-[calc(100%-115px)] agent-turn\">\n<div class=\"flex-col gap-1 md:gap-3\">\n<div class=\"flex flex-grow flex-col max-w-full\">\n<div class=\"min-h-[20px] text-message flex flex-col items-start gap-3 whitespace-pre-wrap break-words [.text-message+&amp;]:mt-5 overflow-x-auto\" data-message-author-role=\"assistant\" data-message-id=\"d7c422ff-e37f-4505-bc05-9b75ef8118aa\">\n<div class=\"markdown prose w-full break-words dark:prose-invert dark\">\n<h1>Les charbons Three Kings de 33mm auto-allumant :<\/h1>\n<p>sont largement reconnus comme la r\u00e9f\u00e9rence incontest\u00e9e pour les amateurs de chicha. Voici un r\u00e9sum\u00e9 des points cl\u00e9s de cet article :<\/p>\n<h2><strong>Histoire Remarquable :<\/strong><\/h2>\n<ul>\n<li>Les charbons Three Kings ont \u00e9t\u00e9 cr\u00e9\u00e9s en 1956 aux Pays-Bas, initialement destin\u00e9s \u00e0 br\u00fbler de l&rsquo;encens dans les \u00e9glises.<\/li>\n<li>Leur popularit\u00e9 a rapidement augment\u00e9 parmi les amateurs de narguil\u00e9 en raison de leurs qualit\u00e9s exceptionnelles.<\/li>\n<\/ul>\n<h2><strong>Caract\u00e9ristiques Exceptionnelles :<\/strong><\/h2>\n<ul>\n<li>Allumage Rapide : Exposition br\u00e8ve \u00e0 la flamme d&rsquo;un briquet et ils s&#8217;embrasent rapidement.<\/li>\n<li>Diam\u00e8tre Id\u00e9al : Avec un diam\u00e8tre de 33mm, ils conviennent parfaitement aux petits foyers de chicha.<\/li>\n<li>Combustion Longue Dur\u00e9e : Offre une combustion lente pouvant durer jusqu&rsquo;\u00e0 45 minutes par charbon.<\/li>\n<li>Conditionnement Pratique : Disponibles en bo\u00eetes de 10 rouleaux, chaque rouleau contenant 10 charbons auto-allumant, totalisant 100 pastilles.<\/li>\n<\/ul>\n<h2><strong>Qualit\u00e9 Sup\u00e9rieure \u00e0 un Prix Abordable :<\/strong><\/h2>\n<ul>\n<li>Fabriqu\u00e9s \u00e0 partir des meilleurs bois durs europ\u00e9ens, garantissant une combustion douce, longue et r\u00e9guli\u00e8re.<\/li>\n<li>Normes de s\u00e9lection strictes, mati\u00e8res premi\u00e8res de premi\u00e8re qualit\u00e9 et techniques de production am\u00e9lior\u00e9es.<\/li>\n<li>Disponibles \u00e0 un prix \u00e9conomique dans la boutique, avec une bo\u00eete de charbons auto-allumant \u00e0 seulement 8\u20ac.<\/li>\n<\/ul>\n<h2><strong>Authenticit\u00e9 Garantie par Chicha Tiime :<\/strong><\/h2>\n<ul>\n<li>En raison de leur grande popularit\u00e9, les charbons Three Kings sont souvent contrefaits, mais Chicha Tiime garantit l&rsquo;authenticit\u00e9 de ses produits.<\/li>\n<li>Les clients sont encourag\u00e9s \u00e0 v\u00e9rifier l&rsquo;authenticit\u00e9 en visitant le site de leur partenaire de confiance : <a href=\"https:\/\/www.threekingsproducts.com\/\" target=\"_new\" rel=\"noopener\">https:\/\/www.threekingsproducts.com<\/a>.<\/li>\n<\/ul>\n<h3><strong>Conseils d&rsquo;Utilisation :<\/strong><\/h3>\n<ul>\n<li>Pour pr\u00e9server les qualit\u00e9s, conservez les charbons au sec et refermez bien les rouleaux entam\u00e9s.<\/li>\n<li>Sensibles aux variations de temp\u00e9rature et d&rsquo;humidit\u00e9.<\/li>\n<\/ul>\n<p>En conclusion, les charbons Three Kings de 33mm auto-allumant offrent une exp\u00e9rience de chicha exceptionnelle avec leur allumage rapide, leur combustion longue dur\u00e9e, leur faible odeur et leur prix abordable.<\/p>\n<p>Optez pour l&rsquo;authenticit\u00e9 garantie par Chicha Tiime pour une exp\u00e9rience de chicha parfaite \u00e0 chaque bouff\u00e9e, en \u00e9vitant les contrefa\u00e7ons.<\/p>\n<p>Il sont disponible en rouleau \u00e9galement juste ici : <a href=\"https:\/\/www.chicha-tiime.fr\/product\/charbons-three-kings-33mm-rouleau-de-10\/\">CHARBONS THREE KINGS 33MM ROULEAU DE 10 &#8211; Chicha Tiime (chicha-tiime.fr)<\/a><\/p>\n<p><img fetchpriority=\"high\" decoding=\"async\" class=\"alignnone\" src=\"https:\/\/www.chicha-tiime.fr\/wp-content\/uploads\/2022\/10\/B350DA3D-3DC4-4D66-8E22-0C7CAB7F6375.jpeg\" alt=\"\" width=\"252\" height=\"252\" \/><\/p>\n<p><img decoding=\"async\" class=\"alignright\" src=\"https:\/\/threekings.com\/wp-content\/uploads\/2020\/02\/charcoal_32_noShadow.png\" width=\"267\" height=\"161\" \/><\/p>\n<\/div>\n<\/div>\n<\/div>\n<div class=\"mt-1 flex justify-start gap-3 empty:hidden\">\n<div class=\"text-gray-400 flex self-end lg:self-center justify-center lg:justify-start mt-0 gap-1 visible\"><\/div>\n<\/div>\n<\/div>\n<\/div>\n<\/div>\n<\/div>\n<\/div>\n<\/div>\n<\/div>\n<\/div>\n<\/div>\n","protected":false},"excerpt":{"rendered":"<p><!-- Description courte du produit --><br \/>\nBoite de 100 charbons auto-allumant pour chicha de la marque THREE KINGS.<br \/>\n<a style=\"color: black;\" href=\"#tab-title-description\"><i>Plus de d\u00e9tails<\/i><\/a><\/p>","protected":false},"featured_media":2663,"comment_status":"open","ping_status":"closed","template":"","meta":{"om_disable_all_campaigns":false,"_monsterinsights_skip_tracking":false,"_monsterinsights_sitenote_active":false,"_monsterinsights_sitenote_note":"","_monsterinsights_sitenote_category":0,"_uf_show_specific_survey":0,"_uf_disable_surveys":false},"product_brand":[],"product_cat":[52,508,341],"product_tag":[231],"class_list":{"0":"post-2662","1":"product","2":"type-product","3":"status-publish","4":"has-post-thumbnail","6":"product_cat-charbons","7":"product_cat-charbon-soldes","8":"product_cat-soldes","9":"product_tag-three-kings","10":"pa_categorie-charbons","12":"first","13":"instock","14":"taxable","15":"shipping-taxable","16":"purchasable","17":"product-type-simple"},"aioseo_notices":[],"jetpack_sharing_enabled":true,"_links":{"self":[{"href":"https:\/\/www.chicha-tiime.fr\/en\/wp-json\/wp\/v2\/product\/2662","targetHints":{"allow":["GET"]}}],"collection":[{"href":"https:\/\/www.chicha-tiime.fr\/en\/wp-json\/wp\/v2\/product"}],"about":[{"href":"https:\/\/www.chicha-tiime.fr\/en\/wp-json\/wp\/v2\/types\/product"}],"replies":[{"embeddable":true,"href":"https:\/\/www.chicha-tiime.fr\/en\/wp-json\/wp\/v2\/comments?post=2662"}],"wp:featuredmedia":[{"embeddable":true,"href":"https:\/\/www.chicha-tiime.fr\/en\/wp-json\/wp\/v2\/media\/2663"}],"wp:attachment":[{"href":"https:\/\/www.chicha-tiime.fr\/en\/wp-json\/wp\/v2\/media?parent=2662"}],"wp:term":[{"taxonomy":"product_brand","embeddable":true,"href":"https:\/\/www.chicha-tiime.fr\/en\/wp-json\/wp\/v2\/product_brand?post=2662"},{"taxonomy":"product_cat","embeddable":true,"href":"https:\/\/www.chicha-tiime.fr\/en\/wp-json\/wp\/v2\/product_cat?post=2662"},{"taxonomy":"product_tag","embeddable":true,"href":"https:\/\/www.chicha-tiime.fr\/en\/wp-json\/wp\/v2\/product_tag?post=2662"}],"curies":[{"name":"wp","href":"https:\/\/api.w.org\/{rel}","templated":true}]}}