{"id":2540,"date":"2021-05-27T17:54:01","date_gmt":"2021-05-27T17:54:01","guid":{"rendered":"https:\/\/www.chicha-tiime.fr\/?post_type=product&#038;p=2540"},"modified":"2024-08-13T13:23:06","modified_gmt":"2024-08-13T13:23:06","slug":"manche-el-badia-carbon","status":"publish","type":"product","link":"https:\/\/www.chicha-tiime.fr\/en\/product\/manche-el-badia-carbon\/","title":{"rendered":"MANCHE EL-BADIA CARBON"},"content":{"rendered":"<p>Le manche CARBON de la marque EL-BADIA est un manche de 40cm de long qui se fixe sur la plupart des flexibles en silicone pour chicha. Le manche CARBON est particuli\u00e8rement l\u00e9ger puisqu&rsquo;il ne p\u00e8se que 40 grammes. Le manche CARBON est disponible dans diff\u00e9rents coloris.<\/p>","protected":false},"excerpt":{"rendered":"<p><!-- Description courte du produit --><br \/>\nManche CARBON, 40cm de long, ultra l\u00e9ger ce manche pour flexible silicone ne p\u00e8se que 40 grammes.<br \/>\n<a style=\"color: black;\" href=\"#tab-title-description\"><i>Plus de d\u00e9tails<\/i><\/a><\/p>","protected":false},"featured_media":2547,"comment_status":"open","ping_status":"closed","template":"","meta":{"om_disable_all_campaigns":false,"_monsterinsights_skip_tracking":false,"_monsterinsights_sitenote_active":false,"_monsterinsights_sitenote_note":"","_monsterinsights_sitenote_category":0,"_uf_show_specific_survey":0,"_uf_disable_surveys":false},"product_brand":[],"product_cat":[284,53],"product_tag":[217],"class_list":{"0":"post-2540","1":"product","2":"type-product","3":"status-publish","4":"has-post-thumbnail","6":"product_cat-manches","7":"product_cat-tuyaux","8":"product_tag-el-badia","9":"pa_categorie-tuyaux","10":"pa_couleurs-black","11":"pa_couleurs-blue","12":"pa_couleurs-gold","13":"pa_couleurs-green","14":"pa_couleurs-red","16":"first","17":"instock","18":"taxable","19":"shipping-taxable","20":"purchasable","21":"product-type-variable"},"aioseo_notices":[],"jetpack_sharing_enabled":true,"_links":{"self":[{"href":"https:\/\/www.chicha-tiime.fr\/en\/wp-json\/wp\/v2\/product\/2540","targetHints":{"allow":["GET"]}}],"collection":[{"href":"https:\/\/www.chicha-tiime.fr\/en\/wp-json\/wp\/v2\/product"}],"about":[{"href":"https:\/\/www.chicha-tiime.fr\/en\/wp-json\/wp\/v2\/types\/product"}],"replies":[{"embeddable":true,"href":"https:\/\/www.chicha-tiime.fr\/en\/wp-json\/wp\/v2\/comments?post=2540"}],"wp:featuredmedia":[{"embeddable":true,"href":"https:\/\/www.chicha-tiime.fr\/en\/wp-json\/wp\/v2\/media\/2547"}],"wp:attachment":[{"href":"https:\/\/www.chicha-tiime.fr\/en\/wp-json\/wp\/v2\/media?parent=2540"}],"wp:term":[{"taxonomy":"product_brand","embeddable":true,"href":"https:\/\/www.chicha-tiime.fr\/en\/wp-json\/wp\/v2\/product_brand?post=2540"},{"taxonomy":"product_cat","embeddable":true,"href":"https:\/\/www.chicha-tiime.fr\/en\/wp-json\/wp\/v2\/product_cat?post=2540"},{"taxonomy":"product_tag","embeddable":true,"href":"https:\/\/www.chicha-tiime.fr\/en\/wp-json\/wp\/v2\/product_tag?post=2540"}],"curies":[{"name":"wp","href":"https:\/\/api.w.org\/{rel}","templated":true}]}}