{"id":2526,"date":"2021-05-27T17:39:15","date_gmt":"2021-05-27T17:39:15","guid":{"rendered":"https:\/\/www.chicha-tiime.fr\/?post_type=product&#038;p=2526"},"modified":"2025-01-07T20:02:52","modified_gmt":"2025-01-07T20:02:52","slug":"tuyau-marrakech-xl-3-0","status":"publish","type":"product","link":"https:\/\/www.chicha-tiime.fr\/en\/product\/tuyau-marrakech-xl-3-0\/","title":{"rendered":"TUYAU MARRAKECH XL 3.0"},"content":{"rendered":"<p>Le tuyau MARRAKECH est le tuyau de r\u00e9f\u00e9rence des professionnels de la chicha, avec sa version XL, EL-BADIA a cr\u00e9e un tuyau encore plus fluide.<\/p>\n<p>Aujourd&rsquo;hui le tuyau MARRAKECH XL 3.0 est la version ultime avec un manche ergonomique en caoutchouc, qui rend ce tuyau encore plus maniable et confortable.<\/p>\n<p>Le tuyau MARRAKECH XL 3.0 mesure 220 cm dont 40 cm pour le manche. Le flexible ne contient pas de m\u00e9tal il est donc lavable \u00e0 l&rsquo;eau chaude et de tr\u00e8s bonne qualit\u00e9.<\/p>\n<p>Embouts hygi\u00e9niques compatibles : Embouts femelles.<\/p>","protected":false},"excerpt":{"rendered":"<p><!-- Description courte du produit --><br \/>\nLe tuyau Marrakech XL 3.0 plus long, plus large et surtout plus ergonomique.<br \/>\n<a style=\"color: black;\" href=\"#tab-title-description\"><i>Plus de d\u00e9tails<\/i><\/a><\/p>","protected":false},"featured_media":2539,"comment_status":"open","ping_status":"closed","template":"","meta":{"om_disable_all_campaigns":false,"_monsterinsights_skip_tracking":false,"_monsterinsights_sitenote_active":false,"_monsterinsights_sitenote_note":"","_monsterinsights_sitenote_category":0,"_uf_show_specific_survey":0,"_uf_disable_surveys":false},"product_brand":[],"product_cat":[513,53,335],"product_tag":[217],"class_list":{"0":"post-2526","1":"product","2":"type-product","3":"status-publish","4":"has-post-thumbnail","6":"product_cat-manches-promo","7":"product_cat-tuyaux","8":"product_cat-tuyaux-tuyaux","9":"product_tag-el-badia","10":"pa_categorie-tuyaux","11":"pa_couleurs-argent","12":"pa_couleurs-blanc","13":"pa_couleurs-bleu","14":"pa_couleurs-bleu-ocean","15":"pa_couleurs-carbone","16":"pa_couleurs-noir","17":"pa_couleurs-or","18":"pa_couleurs-rose","19":"pa_couleurs-rouge","20":"pa_couleurs-vert","21":"pa_couleurs-violet","23":"first","24":"instock","25":"taxable","26":"shipping-taxable","27":"purchasable","28":"product-type-variable"},"aioseo_notices":[],"jetpack_sharing_enabled":true,"_links":{"self":[{"href":"https:\/\/www.chicha-tiime.fr\/en\/wp-json\/wp\/v2\/product\/2526","targetHints":{"allow":["GET"]}}],"collection":[{"href":"https:\/\/www.chicha-tiime.fr\/en\/wp-json\/wp\/v2\/product"}],"about":[{"href":"https:\/\/www.chicha-tiime.fr\/en\/wp-json\/wp\/v2\/types\/product"}],"replies":[{"embeddable":true,"href":"https:\/\/www.chicha-tiime.fr\/en\/wp-json\/wp\/v2\/comments?post=2526"}],"wp:featuredmedia":[{"embeddable":true,"href":"https:\/\/www.chicha-tiime.fr\/en\/wp-json\/wp\/v2\/media\/2539"}],"wp:attachment":[{"href":"https:\/\/www.chicha-tiime.fr\/en\/wp-json\/wp\/v2\/media?parent=2526"}],"wp:term":[{"taxonomy":"product_brand","embeddable":true,"href":"https:\/\/www.chicha-tiime.fr\/en\/wp-json\/wp\/v2\/product_brand?post=2526"},{"taxonomy":"product_cat","embeddable":true,"href":"https:\/\/www.chicha-tiime.fr\/en\/wp-json\/wp\/v2\/product_cat?post=2526"},{"taxonomy":"product_tag","embeddable":true,"href":"https:\/\/www.chicha-tiime.fr\/en\/wp-json\/wp\/v2\/product_tag?post=2526"}],"curies":[{"name":"wp","href":"https:\/\/api.w.org\/{rel}","templated":true}]}}