{"id":2426,"date":"2021-03-09T16:52:39","date_gmt":"2021-03-09T16:52:39","guid":{"rendered":"https:\/\/www.chicha-tiime.fr\/?post_type=product&#038;p=2426"},"modified":"2024-08-13T13:24:06","modified_gmt":"2024-08-13T13:24:06","slug":"spinne-skull-ss","status":"publish","type":"product","link":"https:\/\/www.chicha-tiime.fr\/en\/product\/spinne-skull-ss\/","title":{"rendered":"SPINNE Skull SS"},"content":{"rendered":"<h3 class=\"alt-font\"><em>Caract\u00e9ristiques et \u00e9quipements<\/em><\/h3>\n<ul>\n<li>Hauteur de la chicha :\u00a0 45 cm avec un foyer<\/li>\n<li>Poids: 3,179 kg<\/li>\n<li>Structure sur tr\u00e9pied<\/li>\n<li>Une sortie tuyau<\/li>\n<li>Type de foyer: Phunnel<\/li>\n<li>Deux couleurs: Silver et Camouflage<\/li>\n<li><\/li>\n<\/ul>\n<p><em><strong>Contenu:\u00a0<\/strong><\/em><\/p>\n<ul>\n<li>Chicha DUM sur tr\u00e9pied<\/li>\n<li>Un connecteur tuyau int\u00e9gr\u00e9<\/li>\n<li>Une soupape de purge<\/li>\n<li>Tuyau complet avec manche en aluminium de 40 cm<\/li>\n<li>Foyer Phunnel<\/li>\n<li>Bague pleine<\/li>\n<li>Petit sac de transport<\/li>\n<li><strong>Syst\u00e8me de chauffe non inclus\u00a0<\/strong><\/li>\n<\/ul>","protected":false},"excerpt":{"rendered":"<p>Une petite chicha tr\u00e8s moderne sur\u00a0<strong>tr\u00e9<\/strong><strong>p<\/strong><strong>ied<\/strong>\u00a0apportant une\u00a0<strong>grande stabilit\u00e9<\/strong>\u00a0\u00e0 celle-ci. Une seule sortie tuyau pour la\u00a0<strong>Spinne Skull Ss<\/strong>\u00a0et un\u00a0<strong>soupape de purge<\/strong>\u00a0int\u00e9gr\u00e9. Cette chicha vous permettra d\u2019<strong>\u00e9vacuer toute la fum\u00e9e<\/strong>\u00a0pr\u00e9sente dans le vase lors de vos sessions gr\u00e2ce \u00e0 la\u00a0<strong>bague pleine<\/strong>\u00a0pr\u00e9sente.\u00a0 Pour vos sessions silencieuses le\u00a0<strong>plongeur avec diffuseur amovible<\/strong>\u00a0est inclus.<br \/>\n<!-- Description courte du produit --><\/p>\n<p><a style=\"color: black;\" href=\"#tab-title-description\"><i>Plus de d\u00e9tails<\/i><\/a><\/p>","protected":false},"featured_media":2431,"comment_status":"open","ping_status":"closed","template":"","meta":{"om_disable_all_campaigns":false,"_monsterinsights_skip_tracking":false,"_monsterinsights_sitenote_active":false,"_monsterinsights_sitenote_note":"","_monsterinsights_sitenote_category":0,"_uf_show_specific_survey":0,"_uf_disable_surveys":false},"product_brand":[],"product_cat":[50,68,283,341],"product_tag":[235],"class_list":{"0":"post-2426","1":"product","2":"type-product","3":"status-publish","4":"has-post-thumbnail","6":"product_cat-chicha","7":"product_cat-chichas-classiques","8":"product_cat-chichas-premier-prix","9":"product_cat-soldes","10":"product_tag-skull","11":"pa_categorie-chicha","12":"pa_categorie-chicha-grand-public","14":"first","15":"instock","16":"sale","17":"taxable","18":"shipping-taxable","19":"purchasable","20":"product-type-simple"},"aioseo_notices":[],"jetpack_sharing_enabled":true,"_links":{"self":[{"href":"https:\/\/www.chicha-tiime.fr\/en\/wp-json\/wp\/v2\/product\/2426","targetHints":{"allow":["GET"]}}],"collection":[{"href":"https:\/\/www.chicha-tiime.fr\/en\/wp-json\/wp\/v2\/product"}],"about":[{"href":"https:\/\/www.chicha-tiime.fr\/en\/wp-json\/wp\/v2\/types\/product"}],"replies":[{"embeddable":true,"href":"https:\/\/www.chicha-tiime.fr\/en\/wp-json\/wp\/v2\/comments?post=2426"}],"wp:featuredmedia":[{"embeddable":true,"href":"https:\/\/www.chicha-tiime.fr\/en\/wp-json\/wp\/v2\/media\/2431"}],"wp:attachment":[{"href":"https:\/\/www.chicha-tiime.fr\/en\/wp-json\/wp\/v2\/media?parent=2426"}],"wp:term":[{"taxonomy":"product_brand","embeddable":true,"href":"https:\/\/www.chicha-tiime.fr\/en\/wp-json\/wp\/v2\/product_brand?post=2426"},{"taxonomy":"product_cat","embeddable":true,"href":"https:\/\/www.chicha-tiime.fr\/en\/wp-json\/wp\/v2\/product_cat?post=2426"},{"taxonomy":"product_tag","embeddable":true,"href":"https:\/\/www.chicha-tiime.fr\/en\/wp-json\/wp\/v2\/product_tag?post=2426"}],"curies":[{"name":"wp","href":"https:\/\/api.w.org\/{rel}","templated":true}]}}