{"id":2180,"date":"2020-10-11T19:09:46","date_gmt":"2020-10-11T19:09:46","guid":{"rendered":"https:\/\/www.chicha-tiime.fr\/?post_type=product&#038;p=2180"},"modified":"2024-08-13T13:24:08","modified_gmt":"2024-08-13T13:24:08","slug":"embouts-males-xl-2-0-x100","status":"publish","type":"product","link":"https:\/\/www.chicha-tiime.fr\/en\/product\/embouts-males-xl-2-0-x100\/","title":{"rendered":"Embouts m\u00e2les XL 2.0 (x100)"},"content":{"rendered":"","protected":false},"excerpt":{"rendered":"<p><!-- Description courte du produit --><br \/>\nSachet de 100 embouts hygi\u00e9niques de type m\u00e2le XL adaptables sur un grand nombre de manches en verre ou en m\u00e9tal de par leur forme conique.<br \/>\n<a style=\"color: black;\" href=\"#tab-title-description\"><i>Plus de d\u00e9tails<\/i><\/a><\/p>","protected":false},"featured_media":2181,"comment_status":"open","ping_status":"closed","template":"","meta":{"om_disable_all_campaigns":false,"_monsterinsights_skip_tracking":false,"_monsterinsights_sitenote_active":false,"_monsterinsights_sitenote_note":"","_monsterinsights_sitenote_category":0,"_uf_show_specific_survey":0,"_uf_disable_surveys":false},"product_brand":[],"product_cat":[55,290,341],"product_tag":[],"class_list":{"0":"post-2180","1":"product","2":"type-product","3":"status-publish","4":"has-post-thumbnail","6":"product_cat-accessoires","7":"product_cat-embouts-hygieniques","8":"product_cat-soldes","9":"pa_categorie-accessoires","11":"first","12":"instock","13":"sale","14":"taxable","15":"shipping-taxable","16":"purchasable","17":"product-type-simple"},"aioseo_notices":[],"jetpack_sharing_enabled":true,"_links":{"self":[{"href":"https:\/\/www.chicha-tiime.fr\/en\/wp-json\/wp\/v2\/product\/2180","targetHints":{"allow":["GET"]}}],"collection":[{"href":"https:\/\/www.chicha-tiime.fr\/en\/wp-json\/wp\/v2\/product"}],"about":[{"href":"https:\/\/www.chicha-tiime.fr\/en\/wp-json\/wp\/v2\/types\/product"}],"replies":[{"embeddable":true,"href":"https:\/\/www.chicha-tiime.fr\/en\/wp-json\/wp\/v2\/comments?post=2180"}],"wp:featuredmedia":[{"embeddable":true,"href":"https:\/\/www.chicha-tiime.fr\/en\/wp-json\/wp\/v2\/media\/2181"}],"wp:attachment":[{"href":"https:\/\/www.chicha-tiime.fr\/en\/wp-json\/wp\/v2\/media?parent=2180"}],"wp:term":[{"taxonomy":"product_brand","embeddable":true,"href":"https:\/\/www.chicha-tiime.fr\/en\/wp-json\/wp\/v2\/product_brand?post=2180"},{"taxonomy":"product_cat","embeddable":true,"href":"https:\/\/www.chicha-tiime.fr\/en\/wp-json\/wp\/v2\/product_cat?post=2180"},{"taxonomy":"product_tag","embeddable":true,"href":"https:\/\/www.chicha-tiime.fr\/en\/wp-json\/wp\/v2\/product_tag?post=2180"}],"curies":[{"name":"wp","href":"https:\/\/api.w.org\/{rel}","templated":true}]}}