{"id":2093,"date":"2020-10-08T14:15:48","date_gmt":"2020-10-08T14:15:48","guid":{"rendered":"https:\/\/www.chicha-tiime.fr\/?post_type=product&#038;p=2093"},"modified":"2024-08-13T13:24:09","modified_gmt":"2024-08-13T13:24:09","slug":"manche-bazooka","status":"publish","type":"product","link":"https:\/\/www.chicha-tiime.fr\/en\/product\/manche-bazooka\/","title":{"rendered":"Manche Bazooka"},"content":{"rendered":"","protected":false},"excerpt":{"rendered":"<p><!-- Description courte du produit --><br \/>\nManche glac\u00e9\u00a0pour tuyau \u00e0 mettre au cong\u00e9lateur\u00a0pour des sessions givr\u00e9e !<br \/>\nEnvie d&rsquo;une chicha bien fra\u00eeche ? On te pr\u00e9sente la solution la plus simple pour un\u00a0tr\u00e8s bon d\u00e9bit et de quoi avoir une session bien fraiche avec de gros nuage de fum\u00e9e !<br \/>\n<a style=\"color: black;\" href=\"#tab-title-description\"><i>Plus de d\u00e9tails<\/i><\/a><\/p>","protected":false},"featured_media":2107,"comment_status":"open","ping_status":"closed","template":"","meta":{"om_disable_all_campaigns":false,"_monsterinsights_skip_tracking":false,"_monsterinsights_sitenote_active":false,"_monsterinsights_sitenote_note":"","_monsterinsights_sitenote_category":0,"_uf_show_specific_survey":0,"_uf_disable_surveys":false},"product_brand":[],"product_cat":[284,341,53],"product_tag":[],"class_list":{"0":"post-2093","1":"product","2":"type-product","3":"status-publish","4":"has-post-thumbnail","6":"product_cat-manches","7":"product_cat-soldes","8":"product_cat-tuyaux","9":"pa_categorie-accessoires","10":"pa_couleurs-blanc","11":"pa_couleurs-bleu","12":"pa_couleurs-jaune","13":"pa_couleurs-noir","14":"pa_couleurs-orange","15":"pa_couleurs-rose","16":"pa_couleurs-rouge","17":"pa_couleurs-vert","19":"first","20":"instock","21":"sale","22":"taxable","23":"shipping-taxable","24":"purchasable","25":"product-type-variable"},"aioseo_notices":[],"jetpack_sharing_enabled":true,"_links":{"self":[{"href":"https:\/\/www.chicha-tiime.fr\/en\/wp-json\/wp\/v2\/product\/2093","targetHints":{"allow":["GET"]}}],"collection":[{"href":"https:\/\/www.chicha-tiime.fr\/en\/wp-json\/wp\/v2\/product"}],"about":[{"href":"https:\/\/www.chicha-tiime.fr\/en\/wp-json\/wp\/v2\/types\/product"}],"replies":[{"embeddable":true,"href":"https:\/\/www.chicha-tiime.fr\/en\/wp-json\/wp\/v2\/comments?post=2093"}],"wp:featuredmedia":[{"embeddable":true,"href":"https:\/\/www.chicha-tiime.fr\/en\/wp-json\/wp\/v2\/media\/2107"}],"wp:attachment":[{"href":"https:\/\/www.chicha-tiime.fr\/en\/wp-json\/wp\/v2\/media?parent=2093"}],"wp:term":[{"taxonomy":"product_brand","embeddable":true,"href":"https:\/\/www.chicha-tiime.fr\/en\/wp-json\/wp\/v2\/product_brand?post=2093"},{"taxonomy":"product_cat","embeddable":true,"href":"https:\/\/www.chicha-tiime.fr\/en\/wp-json\/wp\/v2\/product_cat?post=2093"},{"taxonomy":"product_tag","embeddable":true,"href":"https:\/\/www.chicha-tiime.fr\/en\/wp-json\/wp\/v2\/product_tag?post=2093"}],"curies":[{"name":"wp","href":"https:\/\/api.w.org\/{rel}","templated":true}]}}