{"id":2045,"date":"2020-10-08T10:17:19","date_gmt":"2020-10-08T10:17:19","guid":{"rendered":"https:\/\/www.chicha-tiime.fr\/?post_type=product&#038;p=2045"},"modified":"2024-08-13T13:24:10","modified_gmt":"2024-08-13T13:24:10","slug":"foyer-oblako-killer-mono","status":"publish","type":"product","link":"https:\/\/www.chicha-tiime.fr\/en\/product\/foyer-oblako-killer-mono\/","title":{"rendered":"Foyer OBLAKO KILLER MONO"},"content":{"rendered":"<p>Dimensions:<\/p>\n<p>Largeur: environ 7,5 cm<br \/>\nHauteur: environ 12 cm<br \/>\nProfondeur: environ 1,3 cm<br \/>\nVolume: environ 20-22 g<\/p>","protected":false},"excerpt":{"rendered":"<p><!-- Description courte du produit --><br \/>\nFoyer OBLAKO KILLER MONO, fabriqu\u00e9 en Russie en argile blanche disponible en plusieurs coloris unis. Le FOYER OBLAKO KILLER MONO dispose de 5 trous.<br \/>\nLa mati\u00e8re de ce foyer a la particularit\u00e9 d&rsquo;augmenter l&rsquo;intensit\u00e9 du go\u00fbt.<\/p>\n<p><a style=\"color: black;\" href=\"#tab-title-description\"><i>Plus de d\u00e9tails<\/i><\/a><\/p>","protected":false},"featured_media":2046,"comment_status":"open","ping_status":"closed","template":"","meta":{"om_disable_all_campaigns":false,"_monsterinsights_skip_tracking":false,"_monsterinsights_sitenote_active":false,"_monsterinsights_sitenote_note":"","_monsterinsights_sitenote_category":0,"_uf_show_specific_survey":0,"_uf_disable_surveys":false},"product_brand":[],"product_cat":[54,287,285,341],"product_tag":[227],"class_list":{"0":"post-2045","1":"product","2":"type-product","3":"status-publish","4":"has-post-thumbnail","6":"product_cat-foyer","7":"product_cat-foyer-alu-provost","8":"product_cat-foyer-kaloud","9":"product_cat-soldes","10":"product_tag-oblako","11":"pa_categorie-foyer","12":"pa_couleurs-bleu","14":"first","15":"instock","16":"sale","17":"taxable","18":"shipping-taxable","19":"purchasable","20":"product-type-variable"},"aioseo_notices":[],"jetpack_sharing_enabled":true,"_links":{"self":[{"href":"https:\/\/www.chicha-tiime.fr\/en\/wp-json\/wp\/v2\/product\/2045","targetHints":{"allow":["GET"]}}],"collection":[{"href":"https:\/\/www.chicha-tiime.fr\/en\/wp-json\/wp\/v2\/product"}],"about":[{"href":"https:\/\/www.chicha-tiime.fr\/en\/wp-json\/wp\/v2\/types\/product"}],"replies":[{"embeddable":true,"href":"https:\/\/www.chicha-tiime.fr\/en\/wp-json\/wp\/v2\/comments?post=2045"}],"wp:featuredmedia":[{"embeddable":true,"href":"https:\/\/www.chicha-tiime.fr\/en\/wp-json\/wp\/v2\/media\/2046"}],"wp:attachment":[{"href":"https:\/\/www.chicha-tiime.fr\/en\/wp-json\/wp\/v2\/media?parent=2045"}],"wp:term":[{"taxonomy":"product_brand","embeddable":true,"href":"https:\/\/www.chicha-tiime.fr\/en\/wp-json\/wp\/v2\/product_brand?post=2045"},{"taxonomy":"product_cat","embeddable":true,"href":"https:\/\/www.chicha-tiime.fr\/en\/wp-json\/wp\/v2\/product_cat?post=2045"},{"taxonomy":"product_tag","embeddable":true,"href":"https:\/\/www.chicha-tiime.fr\/en\/wp-json\/wp\/v2\/product_tag?post=2045"}],"curies":[{"name":"wp","href":"https:\/\/api.w.org\/{rel}","templated":true}]}}